{"id":51917,"date":"2021-08-23T12:46:34","date_gmt":"2021-08-23T11:46:34","guid":{"rendered":"https:\/\/www.likes-kopen.nl\/product\/instagram-eindruecke\/"},"modified":"2025-01-27T06:09:10","modified_gmt":"2025-01-27T05:09:10","slug":"instagram-impressions-buy","status":"publish","type":"product","link":"https:\/\/www.likes-kopen.nl\/de\/instagram-impressions-buy\/","title":{"rendered":"Instagram Eindr\u00fccke kaufen \ud83d\ude80"},"content":{"rendered":"<p>Der Kauf von Instagram-Impressionen birgt ein Risiko, da er gegen die Richtlinien von Instagram verst\u00f6\u00dft.<\/p>\n<h2>Eindr\u00fccke auf Instagram<\/h2>\n<p>Eindr\u00fccke zu sammeln ist schwierig, aber von gro\u00dfem Wert. Wenn dein Video 7600 Eindr\u00fccke hat, sieht es nat\u00fcrlich besser aus als 2600. Deine Popularit\u00e4t w\u00e4chst und hat au\u00dferdem einen positiven Effekt auf dein Image. Du kannst so viele Follower haben, aber aufgrund des ge\u00e4nderten Algorithmus auf Instagram wirst du nicht alle erreichen. Um ein gutes Image aufzubauen, m\u00fcssen deine Fotos und Videos mit der Anzahl deiner Follower \u00fcbereinstimmen. Mit Impression Growth kannst du die richtige Menge an Impressionen kosteng\u00fcnstig und schnell erreichen. Wir haben unterschiedliche Mengen an Eindr\u00fccken.<\/p>\n<p>&nbsp;<\/p>\n<h2>Wie bekomme ich den Instagram-Link?<\/h2>\n<p>Per <strong>Handy oder Tablet<\/strong>: \u00d6ffne die Instagram-App auf deinem Handy und scrolle durch dein Profil, bis du das Video findest, f\u00fcr das du Impressionen erhalten m\u00f6chtest. Klick auf das Video. \u00dcber dem Video siehst du deinen Instagram-Namen und rechts daneben drei Punkte. Du klickst auf diese Punkte. Dann entscheidest du dich zu teilen. Wenn du darauf tippst, siehst du &#8222;Link kopieren&#8220;. Du klickst das hier an. Der Link ist nun kopiert und du kannst ihn in das Feld auf dieser Seite einf\u00fcgen. Verwende dazu die rechte Maustaste &#8222;Einf\u00fcgen&#8220; oder die Tasten Strg &#8222;v&#8220;.<\/p>\n<p>\u00dcber den <strong>Computer<\/strong>: Gehe zu deinem Instagram-Konto und klicke auf das Video, f\u00fcr das du Impressionen erhalten m\u00f6chtest. Wenn du darauf geklickt hast, wird das Video leicht vergr\u00f6\u00dfert angezeigt. Dann siehst du eine wei\u00dfe Leiste am oberen Rand des Bildschirms mit einem URL Text. Kopiere diesen Text und f\u00fcge ihn in das daf\u00fcr vorgesehene Feld auf dieser Seite ein.<\/p>\n<p>&nbsp;<\/p>\n<h2>Lieferzeit von Instagram-Impressionen<\/h2>\n<p>Sobald du deine Bestellung aufgegeben hast, kommt sie an unserer Haust\u00fcr an. Wir werden deine Bestellung so schnell wie m\u00f6glich ausf\u00fchren. Wenn wir deine Bestellung bearbeiten, kann sie super schnell bearbeitet werden. Innerhalb von +-1 Stunde hast du die Eindr\u00fccke auf dem Video, das du uns gegeben hast.<\/p>\n<p>&nbsp;<\/p>\n<h2>Videos auf Insta popul\u00e4r machen<\/h2>\n<p>Machst du deinen Beitrag auf Instagram ganz einfach popul\u00e4r? Dann w\u00e4hle Instagram-Impressionen kaufen.<br \/>\nWir sorgen daf\u00fcr, dass dein Beitrag viel mehr Eindr\u00fccke bekommt. So wirkt dein Beitrag \u00fcberzeugender und wird auch von selbst \u00f6fter angesehen. Brauchst du auch Likes? Schau dir die <a href=\"https:\/\/www.likes-kopen.nl\/instagram-likes-kopen\/\">Instagram-Likes<\/a> an<\/p>\n<p><img decoding=\"async\" src=\"https:\/\/www.likes-kopen.nl\/wp-content\/uploads\/\/2016\/12\/instagram-video.jpg\" alt=\"Instagram-Video\" width=\"380\" height=\"117\"><\/p>\n","protected":false},"excerpt":{"rendered":"<p>\u2714\ufe0f<br \/>\n\u2b50Schnelle Eindr\u00fccke von deinen Beitr\u00e4gen und deinem Profil Auswahl aus verschiedenen Nummern<\/p>\n","protected":false},"featured_media":49296,"comment_status":"open","ping_status":"closed","template":"","meta":{"site-sidebar-layout":"default","site-content-layout":"default","ast-site-content-layout":"default","site-content-style":"default","site-sidebar-style":"default","ast-global-header-display":"","ast-banner-title-visibility":"","ast-main-header-display":"","ast-hfb-above-header-display":"","ast-hfb-below-header-display":"","ast-hfb-mobile-header-display":"","site-post-title":"","ast-breadcrumbs-content":"","ast-featured-img":"","footer-sml-layout":"","ast-disable-related-posts":"","theme-transparent-header-meta":"default","adv-header-id-meta":"","stick-header-meta":"default","header-above-stick-meta":"","header-main-stick-meta":"","header-below-stick-meta":"","astra-migrate-meta-layouts":"default","ast-page-background-enabled":"default","ast-page-background-meta":{"desktop":{"background-color":"","background-image":"","background-repeat":"repeat","background-position":"center center","background-size":"auto","background-attachment":"scroll","background-type":"","background-media":"","overlay-type":"","overlay-color":"","overlay-opacity":"","overlay-gradient":""},"tablet":{"background-color":"","background-image":"","background-repeat":"repeat","background-position":"center center","background-size":"auto","background-attachment":"scroll","background-type":"","background-media":"","overlay-type":"","overlay-color":"","overlay-opacity":"","overlay-gradient":""},"mobile":{"background-color":"","background-image":"","background-repeat":"repeat","background-position":"center center","background-size":"auto","background-attachment":"scroll","background-type":"","background-media":"","overlay-type":"","overlay-color":"","overlay-opacity":"","overlay-gradient":""}},"ast-content-background-meta":{"desktop":{"background-color":"var(--ast-global-color-5)","background-image":"","background-repeat":"repeat","background-position":"center center","background-size":"auto","background-attachment":"scroll","background-type":"","background-media":"","overlay-type":"","overlay-color":"","overlay-opacity":"","overlay-gradient":""},"tablet":{"background-color":"var(--ast-global-color-5)","background-image":"","background-repeat":"repeat","background-position":"center center","background-size":"auto","background-attachment":"scroll","background-type":"","background-media":"","overlay-type":"","overlay-color":"","overlay-opacity":"","overlay-gradient":""},"mobile":{"background-color":"var(--ast-global-color-5)","background-image":"","background-repeat":"repeat","background-position":"center center","background-size":"auto","background-attachment":"scroll","background-type":"","background-media":"","overlay-type":"","overlay-color":"","overlay-opacity":"","overlay-gradient":""}}},"product_brand":[],"product_cat":[470],"product_tag":[596],"class_list":{"0":"post-51917","1":"product","2":"type-product","3":"status-publish","4":"has-post-thumbnail","6":"product_cat-instagram-de","7":"product_tag-videos-auf-instagram-haufiger-ansehen","8":"desktop-align-center","9":"tablet-align-center","10":"mobile-align-center","11":"ast-product-gallery-layout-first-image-large","12":"ast-product-gallery-with-no-image","13":"ast-magnify-disabled","14":"ast-product-single-variable","15":"ast-product-tabs-layout-horizontal","17":"first","18":"instock","19":"sale","20":"taxable","21":"shipping-taxable","22":"purchasable","23":"product-type-variable"},"_links":{"self":[{"href":"https:\/\/www.likes-kopen.nl\/de\/wp-json\/wp\/v2\/product\/51917","targetHints":{"allow":["GET"]}}],"collection":[{"href":"https:\/\/www.likes-kopen.nl\/de\/wp-json\/wp\/v2\/product"}],"about":[{"href":"https:\/\/www.likes-kopen.nl\/de\/wp-json\/wp\/v2\/types\/product"}],"replies":[{"embeddable":true,"href":"https:\/\/www.likes-kopen.nl\/de\/wp-json\/wp\/v2\/comments?post=51917"}],"wp:featuredmedia":[{"embeddable":true,"href":"https:\/\/www.likes-kopen.nl\/de\/wp-json\/wp\/v2\/media\/49296"}],"wp:attachment":[{"href":"https:\/\/www.likes-kopen.nl\/de\/wp-json\/wp\/v2\/media?parent=51917"}],"wp:term":[{"taxonomy":"product_brand","embeddable":true,"href":"https:\/\/www.likes-kopen.nl\/de\/wp-json\/wp\/v2\/product_brand?post=51917"},{"taxonomy":"product_cat","embeddable":true,"href":"https:\/\/www.likes-kopen.nl\/de\/wp-json\/wp\/v2\/product_cat?post=51917"},{"taxonomy":"product_tag","embeddable":true,"href":"https:\/\/www.likes-kopen.nl\/de\/wp-json\/wp\/v2\/product_tag?post=51917"}],"curies":[{"name":"wp","href":"https:\/\/api.w.org\/{rel}","templated":true}]}}