{"id":51914,"date":"2021-07-28T15:47:30","date_gmt":"2021-07-28T14:47:30","guid":{"rendered":"https:\/\/www.likes-kopen.nl\/product\/instagram-reels-ansichten\/"},"modified":"2025-01-22T16:19:41","modified_gmt":"2025-01-22T15:19:41","slug":"instagram-reels-views","status":"publish","type":"product","link":"https:\/\/www.likes-kopen.nl\/de\/instagram-reels-views\/","title":{"rendered":"Instagram Reels Ansichten Kaufen \ud83d\ude80"},"content":{"rendered":"<p>Es besteht ein Risiko, wenn du Instagram Views kaufst, da dies gegen die Richtlinien von Instagram verst\u00f6\u00dft.<\/p>\n<h2>Wie bekomme ich den Link zu den Instagram Reels?<\/h2>\n<p>Eigentlich auf die gleiche Weise wie ein Fotolink.<\/p>\n<p>\u00dcber den <strong>Computer<\/strong>: Gehe zu deinem Instagram Account und klicke auf das Reels Video, f\u00fcr das du Views erhalten m\u00f6chtest. Wenn du darauf geklickt hast, werden die Walzen angezeigt. Dann siehst du eine wei\u00dfe Leiste am oberen Rand des Bildschirms mit einem URL Text. Kopiere diesen Text und f\u00fcge ihn in das daf\u00fcr vorgesehene Feld auf dieser Seite ein.<\/p>\n<p>Per <strong>Handy oder Tablet<\/strong>: \u00d6ffne die Instagram App auf deinem Handy und scrolle durch dein Profil, bis du das Reels Video findest, f\u00fcr das du Views haben m\u00f6chtest. Klicke auf diese Reels. \u00dcber dem Video mit den Walzen siehst du deinen Instagram Namen und rechts davon drei Punkte. Du klickst auf diese Punkte. Dann entscheidest du dich zu teilen. Wenn du darauf tippst, siehst du &#8222;Link kopieren&#8220;. Du klickst das hier an. Der Link ist nun kopiert und du kannst ihn in das Feld auf dieser Seite einf\u00fcgen. Verwende dazu die rechte Maustaste &#8222;Einf\u00fcgen&#8220; oder die Tasten Strg &#8222;v&#8220;.<\/p>\n<p><strong>Vergewissere dich, dass der Link \/reel\/ enth\u00e4lt.<\/strong>  So kannst du sicher sein, dass du den richtigen Link hast.<\/p>\n<p>&nbsp;<\/p>\n<h2>Kaufen von Reels Views auf Instagram<\/h2>\n<p>Views zu bekommen ist knifflig, aber von gro\u00dfem Wert. Wenn deine Reels 7.600 Mal angesehen wurden, sieht das nat\u00fcrlich besser aus als 2.600 Mal. Deine Popularit\u00e4t w\u00e4chst und hat au\u00dferdem einen positiven Effekt auf dein Image. Du kannst so viele Follower haben, aber aufgrund des ge\u00e4nderten Algorithmus auf Instagram wirst du nicht alle erreichen. Um ein gutes Image aufzubauen, sollten deine Posts, Videos und Reels in 1 Linie mit der Anzahl der Follower stehen. Mit einem Wachstum auf, sagen wir, +5000 Reels Views, kannst du die richtige Menge an Views billig und schnell bekommen. Wir haben verschiedene Mengen in Reels Views. Neben Reel Views kannst du auch <a href=\"https:\/\/www.likes-kopen.nl\/instagram-volgers-kopen\/\">Instagram Follower kaufen<\/a> oder <a href=\"https:\/\/www.likes-kopen.nl\/instagram-likes-kopen\/\">Instagram Likes kaufen<\/a>.<\/p>\n<p>&nbsp;<\/p>\n<h2>Lieferzeit von Instagram Reels Views<\/h2>\n<p>Sobald du deine Bestellung aufgegeben hast, kommt sie an unserer Haust\u00fcr an. Wir werden deine Bestellung so schnell wie m\u00f6glich ausf\u00fchren. Wenn wir deine Bestellung bearbeiten, kann sie super schnell bearbeitet werden. Innerhalb von +-24 Stunden erh\u00e4ltst du die Views der Reels, die du uns gegeben hast.<\/p>\n<p>&nbsp;<\/p>\n<h2>Haspelvideos auf Instagram popul\u00e4r machen<\/h2>\n<p>Kannst du deine Reels auf Instagram popul\u00e4r machen?<br \/>\nDann bestelle unseren Instagram Reels Views Service. So sehen deine Reels \u00fcberzeugender aus und es ist wahrscheinlicher, dass sie von alleine angesehen werden.<\/p>\n<p><img decoding=\"async\" src=\"https:\/\/www.likes-kopen.nl\/wp-content\/uploads\/\/2016\/12\/instagram-video.jpg\" alt=\"Instagram-Video\" width=\"380\" height=\"117\"><\/p>\n","protected":false},"excerpt":{"rendered":"<p>\u2714\ufe0f<br \/>\n\u2b50Dein Video wird schnell gesehen Du hast die Wahl zwischen mehreren Varianten<\/p>\n<div id=\"gtx-trans\" style=\"position: absolute; left: 228px; top: 86.1094px;\">\n<div class=\"gtx-trans-icon\"><\/div>\n<\/div>\n","protected":false},"featured_media":49384,"comment_status":"open","ping_status":"closed","template":"","meta":{"site-sidebar-layout":"default","site-content-layout":"default","ast-site-content-layout":"default","site-content-style":"default","site-sidebar-style":"default","ast-global-header-display":"","ast-banner-title-visibility":"","ast-main-header-display":"","ast-hfb-above-header-display":"","ast-hfb-below-header-display":"","ast-hfb-mobile-header-display":"","site-post-title":"","ast-breadcrumbs-content":"","ast-featured-img":"","footer-sml-layout":"","ast-disable-related-posts":"","theme-transparent-header-meta":"default","adv-header-id-meta":"","stick-header-meta":"default","header-above-stick-meta":"","header-main-stick-meta":"","header-below-stick-meta":"","astra-migrate-meta-layouts":"default","ast-page-background-enabled":"default","ast-page-background-meta":{"desktop":{"background-color":"","background-image":"","background-repeat":"repeat","background-position":"center center","background-size":"auto","background-attachment":"scroll","background-type":"","background-media":"","overlay-type":"","overlay-color":"","overlay-opacity":"","overlay-gradient":""},"tablet":{"background-color":"","background-image":"","background-repeat":"repeat","background-position":"center center","background-size":"auto","background-attachment":"scroll","background-type":"","background-media":"","overlay-type":"","overlay-color":"","overlay-opacity":"","overlay-gradient":""},"mobile":{"background-color":"","background-image":"","background-repeat":"repeat","background-position":"center center","background-size":"auto","background-attachment":"scroll","background-type":"","background-media":"","overlay-type":"","overlay-color":"","overlay-opacity":"","overlay-gradient":""}},"ast-content-background-meta":{"desktop":{"background-color":"var(--ast-global-color-5)","background-image":"","background-repeat":"repeat","background-position":"center center","background-size":"auto","background-attachment":"scroll","background-type":"","background-media":"","overlay-type":"","overlay-color":"","overlay-opacity":"","overlay-gradient":""},"tablet":{"background-color":"var(--ast-global-color-5)","background-image":"","background-repeat":"repeat","background-position":"center center","background-size":"auto","background-attachment":"scroll","background-type":"","background-media":"","overlay-type":"","overlay-color":"","overlay-opacity":"","overlay-gradient":""},"mobile":{"background-color":"var(--ast-global-color-5)","background-image":"","background-repeat":"repeat","background-position":"center center","background-size":"auto","background-attachment":"scroll","background-type":"","background-media":"","overlay-type":"","overlay-color":"","overlay-opacity":"","overlay-gradient":""}}},"product_brand":[],"product_cat":[470],"product_tag":[641,640,596],"class_list":{"0":"post-51914","1":"product","2":"type-product","3":"status-publish","4":"has-post-thumbnail","6":"product_cat-instagram-de","7":"product_tag-instagram-reels-ansichten-kaufen","8":"product_tag-instagram-rollen","9":"product_tag-videos-auf-instagram-haufiger-ansehen","10":"desktop-align-center","11":"tablet-align-center","12":"mobile-align-center","13":"ast-product-gallery-layout-first-image-large","14":"ast-product-gallery-with-no-image","15":"ast-magnify-disabled","16":"ast-product-single-variable","17":"ast-product-tabs-layout-horizontal","19":"first","20":"instock","21":"sale","22":"taxable","23":"shipping-taxable","24":"purchasable","25":"product-type-variable"},"_links":{"self":[{"href":"https:\/\/www.likes-kopen.nl\/de\/wp-json\/wp\/v2\/product\/51914","targetHints":{"allow":["GET"]}}],"collection":[{"href":"https:\/\/www.likes-kopen.nl\/de\/wp-json\/wp\/v2\/product"}],"about":[{"href":"https:\/\/www.likes-kopen.nl\/de\/wp-json\/wp\/v2\/types\/product"}],"replies":[{"embeddable":true,"href":"https:\/\/www.likes-kopen.nl\/de\/wp-json\/wp\/v2\/comments?post=51914"}],"wp:featuredmedia":[{"embeddable":true,"href":"https:\/\/www.likes-kopen.nl\/de\/wp-json\/wp\/v2\/media\/49384"}],"wp:attachment":[{"href":"https:\/\/www.likes-kopen.nl\/de\/wp-json\/wp\/v2\/media?parent=51914"}],"wp:term":[{"taxonomy":"product_brand","embeddable":true,"href":"https:\/\/www.likes-kopen.nl\/de\/wp-json\/wp\/v2\/product_brand?post=51914"},{"taxonomy":"product_cat","embeddable":true,"href":"https:\/\/www.likes-kopen.nl\/de\/wp-json\/wp\/v2\/product_cat?post=51914"},{"taxonomy":"product_tag","embeddable":true,"href":"https:\/\/www.likes-kopen.nl\/de\/wp-json\/wp\/v2\/product_tag?post=51914"}],"curies":[{"name":"wp","href":"https:\/\/api.w.org\/{rel}","templated":true}]}}