{"id":51911,"date":"2021-07-13T07:09:44","date_gmt":"2021-07-13T06:09:44","guid":{"rendered":"https:\/\/www.likes-kopen.nl\/product\/premium-tiktok-follower\/"},"modified":"2025-01-30T09:02:40","modified_gmt":"2025-01-30T08:02:40","slug":"premium-tiktok-follower","status":"publish","type":"product","link":"https:\/\/www.likes-kopen.nl\/de\/premium-tiktok-follower\/","title":{"rendered":"Premium TikTok Follower kaufen \ud83d\ude80"},"content":{"rendered":"<div class=\"wpb-content-wrapper\"><p>[vc_row][vc_column][vc_column_text]<\/p>\n<h2><strong>TIKTOK FOLLOWER KAUFEN PREMIUM QUALIT\u00c4T!<\/strong><\/h2>\n<p>Hochwertige Premium TikTok Follower kaufen? Bestelle sie sicher und schnell hier. Alles, was wir brauchen, ist dein Profilname, der nach dem @ beginnt.<\/p>\n<h2><img decoding=\"async\" class=\"alignnone wp-image-19994\" src=\"https:\/\/www.likes-kopen.nl\/wp-content\/uploads\/\/2019\/10\/TikTok-profiel-volgers-voorbeeld.jpeg\" alt=\"Beispiel f\u00fcr ein TikTok Follower Profil\" width=\"506\" height=\"368\" srcset=\"https:\/\/www.likes-kopen.nl\/wp-content\/uploads\/2019\/10\/TikTok-profiel-volgers-voorbeeld.jpeg 600w, https:\/\/www.likes-kopen.nl\/wp-content\/uploads\/2019\/10\/TikTok-profiel-volgers-voorbeeld-510x371.jpeg 510w, https:\/\/www.likes-kopen.nl\/wp-content\/uploads\/2019\/10\/TikTok-profiel-volgers-voorbeeld-300x218.jpeg 300w, https:\/\/www.likes-kopen.nl\/wp-content\/uploads\/2019\/10\/TikTok-profiel-volgers-voorbeeld-462x336.jpeg 462w\" sizes=\"(max-width: 506px) 100vw, 506px\" \/><\/h2>\n<p>&nbsp;<\/p>\n<h2>Tiktok Follower kaufen (HQ) &#8211; Eigenschaften<\/h2>\n<ul>\n<li>Follower von hochwertigen Profilen (echten Profilen)<\/li>\n<li>Die Lieferzeit betr\u00e4gt etwa 24 Stunden pro 200 Follower<\/li>\n<li>Fans sind zu 99,9% stabil und fallen nicht aus<\/li>\n<li>Die Anh\u00e4nger kommen aus der ganzen Welt<\/li>\n<li>HINWEIS: Du musst mindestens 1 Video online haben und dein Profil muss \u00f6ffentlich sein.<\/li>\n<\/ul>\n<p>&nbsp;<\/p>\n<h2>Gib deinen TikTok Profilnamen ein<\/h2>\n<p>Um HQ-Follower f\u00fcr TikTok zu bestellen, ben\u00f6tigen wir deinen Profilnamen.<br \/>\nDein TikTok Name beginnt mit @. Vervollst\u00e4ndige dies, ohne das @ hinzuzuf\u00fcgen.<\/p>\n<p>Achte darauf, dass du den richtigen Namen eingibst, denn wenn wir einmal angefangen haben, k\u00f6nnen wir die Reihenfolge nicht mehr umkehren. Wir pr\u00fcfen immer manuell, ob der eingegebene Profilname existiert.<\/p>\n<p>&nbsp;<\/p>\n<h2>Warum TikTok-Follower kaufen (HQ)<\/h2>\n<p>Zun\u00e4chst einmal sieht dein Profil viel attraktiver aus. Je mehr Menschen dir also folgen, desto mehr Aufmerksamkeit wirst du erregen. Mehr Aufmerksamkeit bedeutet mehr Likes und Kommentare. Au\u00dferdem erreicht dein Video auch schneller andere Menschen, denn Videos, die geliked werden, werden schneller neuen Menschen gezeigt. Probiere es selbst aus. Du kannst bereits 100 Follower kaufen, um unseren Service auszuprobieren.<\/p>\n<p>&nbsp;<\/p>\n<h2>Was ist der Unterschied zwischen regul\u00e4ren und HQ-Followern?<\/h2>\n<p>Wie der Titel schon sagt, geht es bei HQ-Followern um hochwertige Profile. Die Profile sind fast immer echte Profile. Das ist viel besser f\u00fcr deinen Account als normale Follower. Zu unseren HQ-Followern geh\u00f6ren in den meisten F\u00e4llen:<\/p>\n<ul>\n<li>Ein Profilbild<\/li>\n<li>Ver\u00f6ffentlichungen<\/li>\n<li>Follower<\/li>\n<li>Likes &amp; Views auf ihre Ver\u00f6ffentlichungen<\/li>\n<\/ul>\n<p>Mit hochwertigen TikTok-Followern kannst du also sicher sein, dass du gute Qualit\u00e4t bekommst!<\/p>\n<p>&nbsp;<\/p>\n<h2>1000 TikTok-Follower kaufen<\/h2>\n<p>Bei uns kannst du auch 1.000 TikTok-Follower auf einen Schlag kaufen, damit du sofort live gehen kannst. So sparst du eine Menge Zeit. Bestellen ist einfach.<\/p>\n<p>&nbsp;<\/p>\n<h2>Wir garantieren die Lieferung<\/h2>\n<p>Wir sind vielleicht nicht der billigste Anbieter, aber wir sind der beste und zuverl\u00e4ssigste. Unsere Follower werden mit der Zeit nicht weniger, und dein Konto wird auch nicht gesperrt. Auch die TikTok Follower, die wir liefern, sind von h\u00f6chster Qualit\u00e4t. Au\u00dferdem bekommst du eine Liefergarantie, d.h. wir garantieren dir, dass du tats\u00e4chlich die Anzahl an TikTok Followern bekommst, die du bestellt hast!<\/p>\n<p>Du brauchst mehr hochwertige TikTok Follower? Bestelle sie bei Likes-kopen!<\/p>\n<h2>Kaufen von Likes f\u00fcr Tik Tok<\/h2>\n<p>Seit kurzem kannst du bei uns auch <a href=\"https:\/\/www.likes-kopen.nl\/tiktok-likes-kopen\/\">Likes f\u00fcr dein Tiktok-Video kaufen<\/a>! Mit mehr Likes wird dein Video attraktiver, was es nicht nur schneller f\u00fcr andere Menschen sichtbar macht, sondern auch automatisch mehr Likes anzieht.<\/p>\n<p>&nbsp;<\/p>\n<h2>Extra-Rabatt? Dann spare kostenlos!<\/h2>\n<p>Willst du einen Extra-Rabatt f\u00fcr deine n\u00e4chste Bestellung? Dann erstelle schnell ein Konto. Das Anlegen eines Kontos ist v\u00f6llig kostenlos. F\u00fcr jede Bestellung, die du machst, erh\u00e4ltst du Punkte. Bei deiner n\u00e4chsten Bestellung kannst du die Punkte an der Kasse gegen einen Rabatt einl\u00f6sen oder weiter sparen, damit du erst einmal gar nichts bezahlen musst! Du kannst <a href=\"https:\/\/www.likes-kopen.nl\/mijn-account\/\">hier<\/a> ein Konto erstellen (dich registrieren).<\/p>\n<hr>\n<p>[\/vc_column_text][\/vc_column][\/vc_row]<\/p>\n<\/div>","protected":false},"excerpt":{"rendered":"<p>\u2705Hochwertige TikTok-Follower kaufen?<br \/>\n\u2b50Fans werden fast nie gel\u00f6scht<br \/>\n\u2b50Liefergarantie<\/p>\n","protected":false},"featured_media":49416,"comment_status":"open","ping_status":"closed","template":"","meta":{"site-sidebar-layout":"no-sidebar","site-content-layout":"plain-container","ast-site-content-layout":"default","site-content-style":"default","site-sidebar-style":"default","ast-global-header-display":"","ast-banner-title-visibility":"","ast-main-header-display":"","ast-hfb-above-header-display":"","ast-hfb-below-header-display":"","ast-hfb-mobile-header-display":"","site-post-title":"disabled","ast-breadcrumbs-content":"","ast-featured-img":"disabled","footer-sml-layout":"","ast-disable-related-posts":"","theme-transparent-header-meta":"default","adv-header-id-meta":"","stick-header-meta":"default","header-above-stick-meta":"","header-main-stick-meta":"","header-below-stick-meta":"","astra-migrate-meta-layouts":"default","ast-page-background-enabled":"default","ast-page-background-meta":{"desktop":{"background-color":"","background-image":"","background-repeat":"repeat","background-position":"center center","background-size":"auto","background-attachment":"scroll","background-type":"","background-media":"","overlay-type":"","overlay-color":"","overlay-opacity":"","overlay-gradient":""},"tablet":{"background-color":"","background-image":"","background-repeat":"repeat","background-position":"center center","background-size":"auto","background-attachment":"scroll","background-type":"","background-media":"","overlay-type":"","overlay-color":"","overlay-opacity":"","overlay-gradient":""},"mobile":{"background-color":"","background-image":"","background-repeat":"repeat","background-position":"center center","background-size":"auto","background-attachment":"scroll","background-type":"","background-media":"","overlay-type":"","overlay-color":"","overlay-opacity":"","overlay-gradient":""}},"ast-content-background-meta":{"desktop":{"background-color":"var(--ast-global-color-5)","background-image":"","background-repeat":"repeat","background-position":"center center","background-size":"auto","background-attachment":"scroll","background-type":"","background-media":"","overlay-type":"","overlay-color":"","overlay-opacity":"","overlay-gradient":""},"tablet":{"background-color":"var(--ast-global-color-5)","background-image":"","background-repeat":"repeat","background-position":"center center","background-size":"auto","background-attachment":"scroll","background-type":"","background-media":"","overlay-type":"","overlay-color":"","overlay-opacity":"","overlay-gradient":""},"mobile":{"background-color":"var(--ast-global-color-5)","background-image":"","background-repeat":"repeat","background-position":"center center","background-size":"auto","background-attachment":"scroll","background-type":"","background-media":"","overlay-type":"","overlay-color":"","overlay-opacity":"","overlay-gradient":""}}},"product_brand":[],"product_cat":[554,469],"product_tag":[],"class_list":{"0":"post-51911","1":"product","2":"type-product","3":"status-publish","4":"has-post-thumbnail","6":"product_cat-tiktok-de","7":"product_cat-hohe-qualitat-100-echt","8":"desktop-align-center","9":"tablet-align-center","10":"mobile-align-center","11":"ast-product-gallery-layout-first-image-large","12":"ast-product-gallery-with-no-image","13":"ast-magnify-disabled","14":"ast-product-single-variable","15":"ast-product-tabs-layout-horizontal","17":"first","18":"instock","19":"sale","20":"taxable","21":"shipping-taxable","22":"purchasable","23":"product-type-variable"},"_links":{"self":[{"href":"https:\/\/www.likes-kopen.nl\/de\/wp-json\/wp\/v2\/product\/51911","targetHints":{"allow":["GET"]}}],"collection":[{"href":"https:\/\/www.likes-kopen.nl\/de\/wp-json\/wp\/v2\/product"}],"about":[{"href":"https:\/\/www.likes-kopen.nl\/de\/wp-json\/wp\/v2\/types\/product"}],"replies":[{"embeddable":true,"href":"https:\/\/www.likes-kopen.nl\/de\/wp-json\/wp\/v2\/comments?post=51911"}],"wp:featuredmedia":[{"embeddable":true,"href":"https:\/\/www.likes-kopen.nl\/de\/wp-json\/wp\/v2\/media\/49416"}],"wp:attachment":[{"href":"https:\/\/www.likes-kopen.nl\/de\/wp-json\/wp\/v2\/media?parent=51911"}],"wp:term":[{"taxonomy":"product_brand","embeddable":true,"href":"https:\/\/www.likes-kopen.nl\/de\/wp-json\/wp\/v2\/product_brand?post=51911"},{"taxonomy":"product_cat","embeddable":true,"href":"https:\/\/www.likes-kopen.nl\/de\/wp-json\/wp\/v2\/product_cat?post=51911"},{"taxonomy":"product_tag","embeddable":true,"href":"https:\/\/www.likes-kopen.nl\/de\/wp-json\/wp\/v2\/product_tag?post=51911"}],"curies":[{"name":"wp","href":"https:\/\/api.w.org\/{rel}","templated":true}]}}