{"id":51817,"date":"2021-07-28T11:30:44","date_gmt":"2021-07-28T10:30:44","guid":{"rendered":"https:\/\/www.likes-kopen.nl\/product\/instagram-reels-likes\/"},"modified":"2025-01-18T16:08:31","modified_gmt":"2025-01-18T15:08:31","slug":"instagram-reels-likes-kaufen","status":"publish","type":"product","link":"https:\/\/www.likes-kopen.nl\/de\/instagram-reels-likes-kaufen\/","title":{"rendered":"Instagram Reels Likes kaufen \ud83d\ude80"},"content":{"rendered":"<p>Der Kauf von Likes f\u00fcr ein Reels Video verst\u00f6\u00dft gegen die Instagram Richtlinien. Der Kauf erfolgt also auf eigene Gefahr.<\/p>\n<p>M\u00f6chtest du, dass deine Reels auf Instagram geliked werden?<\/p>\n<p>Wir liefern schnell die gew\u00e4hlte Anzahl von Reels mag. Die Likes sind zu 100 % stabil. Sie erhalten auch Garantie und Support!<\/p>\n<p>&nbsp;<\/p>\n<h2>Merkmale dieses Produkts:<\/h2>\n<ul>\n<li>Schnelle Lieferung<\/li>\n<li>100% stabil, mit Garantie<\/li>\n<li>Garantie und Unterst\u00fctzung<\/li>\n<li>Beste verf\u00fcgbare Qualit\u00e4t<\/li>\n<li>International<\/li>\n<\/ul>\n<p>&nbsp;<\/p>\n<h2>Wie man den Link bereitstellt<\/h2>\n<p>Handy\/Tablet: Auf dem Handy oder Tablet klicken Sie auf die Walzen (in der App). Oben rechts sehen Sie die 3 Punkte. Wenn Sie darauf klicken, \u00f6ffnet sich ein Men\u00fc. Klicken Sie dann auf &#8222;Link kopieren&#8220;.<br \/>\nHalten Sie dann auf unserer Website das Feld gedr\u00fcckt, in das der Link oder die URL eingegeben werden soll, und w\u00e4hlen Sie Einf\u00fcgen.<\/p>\n<p>\u00dcber den PC (Desktop\/Laptop) k\u00f6nnen Sie die URL der Instagram Reels einfach kopieren und einf\u00fcgen, aber auf dem Handy oder Tablet funktioniert es ein wenig anders.<\/p>\n<p>&nbsp;<\/p>\n<h2><\/h2>\n<h2>Lieferzeit der Spulen mag<\/h2>\n<p>Die Lieferzeit h\u00e4ngt von der gew\u00e4hlten Anzahl ab. 100 Likes sind innerhalb weniger Stunden da. 5000 Likes k\u00f6nnen einen Tag oder manchmal auch zwei Tage dauern. Wir bearbeiten alle Bestellungen manuell. Wir verwenden keine Roboter, um Bestellungen zu bearbeiten. Auf diese Weise k\u00f6nnen wir \u00fcberwachen, ob alles gut l\u00e4uft. Sobald du von uns eine E-Mail mit einem Screenshot zur\u00fcckbekommst, der die aktuelle Anzahl der Likes anzeigt, beginnen wir mit der Auslieferung und sie sind schon bald da.<\/p>\n<p>&nbsp;<\/p>\n<h2>Woher kommen die Walzen?<\/h2>\n<p>Wir haben ein globales Netzwerk, das wir nutzen. Das bedeutet also, dass die Menschen, die deine Reels m\u00f6gen, aus verschiedenen L\u00e4ndern kommen k\u00f6nnen. Leider sind keine niederl\u00e4ndischen Instagram Likes darunter, denn das ist derzeit noch nicht m\u00f6glich. Sobald sie das tun, werden wir sie nat\u00fcrlich sofort anbieten. Fr\u00fcher waren sie k\u00e4uflich zu erwerben, aber durch das j\u00fcngste Instagram Update ist das nicht mehr m\u00f6glich.<\/p>\n<p>&nbsp;<\/p>\n<h2>Wie stabil bleibt der Z\u00e4hler<\/h2>\n<p>Die an uns gelieferten Likes sind 100% stabil. Das bedeutet, dass keine Likes abfallen werden. Sollte das aus irgendeinem Grund passieren, f\u00fcllen wir sie kostenlos wieder auf, damit du immer die bestellte Anzahl erreichst.<\/p>\n<p>&nbsp;<\/p>\n<h2>Wie ist die Qualit\u00e4t der Profile<\/h2>\n<p>Die Qualit\u00e4t kann sich von Zeit zu Zeit \u00e4ndern, auch wenn wir immer unser Bestes tun, um die Qualit\u00e4t so hoch wie m\u00f6glich zu halten. Es kann vorkommen, dass darunter wunderbare Profile mit einer hohen Anzahl an Beitr\u00e4gen und Followern sind, aber auch das Gegenteil passiert manchmal. Eines ist sicher: Sie sind 100% stabil und k\u00f6nnen deinem Profil nicht schaden. Wir sind seit 2013 im Gesch\u00e4ft und haben bereits mehr als 10.000 Auftr\u00e4ge bearbeitet. Wir sind also definitiv die Experten auf diesem Gebiet.<\/p>\n<p>&nbsp;<\/p>\n<h2>Ist es wirklich klug, Reels zu kaufen, die<\/h2>\n<p>Es ist auf jeden Fall klug, Instagram Reels Likes zu kaufen! Das liegt daran, dass dein Profil viel attraktiver aussieht und es daher wahrscheinlicher ist, dass die Leute dir folgen oder einen deiner Beitr\u00e4ge m\u00f6gen. Au\u00dferdem wird dein Beitrag auch \u00fcber die Suchfunktion von Instagram besser gefunden, wenn du die <a href=\"https:\/\/www.likes-kopen.nl\/social-media-tips\/nut-hashtags-instagram\/\">richtigen Hashtags verwendest<\/a>. Wenn du also dein Profil deutlich vergr\u00f6\u00dfern und mehr Interaktion bekommen willst, dann ist es eine gute Idee, Instagram Likes zu kaufen!<\/p>\n<p>&nbsp;<\/p>\n<h2>Verschiedene Mengen bestellen<\/h2>\n<p>Bei uns kannst du zwischen kleinen und gro\u00dfen Mengen w\u00e4hlen. Wenn du zum Beispiel 200 Likes f\u00fcr deine Reels bestellst, bekommst du auch 200 Likes f\u00fcr deine Reels. Die kleinste Anzahl, die wir derzeit liefern, sind 100 pro Reels. Du kannst zus\u00e4tzlich zu den Reel Likes auch <a href=\"https:\/\/www.likes-kopen.nl\/instagram-likes-kopen\/\">normale Instagram Likes kaufen<\/a>.<\/p>\n","protected":false},"excerpt":{"rendered":"<p>\u2705<br \/>\n\u2b50 Likes f\u00fcr 1 bestimmte Instagram-Rollen kaufen Schnell und sicher bestellen<\/p>\n","protected":false},"featured_media":49380,"comment_status":"open","ping_status":"closed","template":"","meta":{"site-sidebar-layout":"default","site-content-layout":"default","ast-site-content-layout":"default","site-content-style":"default","site-sidebar-style":"default","ast-global-header-display":"","ast-banner-title-visibility":"","ast-main-header-display":"","ast-hfb-above-header-display":"","ast-hfb-below-header-display":"","ast-hfb-mobile-header-display":"","site-post-title":"","ast-breadcrumbs-content":"","ast-featured-img":"","footer-sml-layout":"","ast-disable-related-posts":"","theme-transparent-header-meta":"default","adv-header-id-meta":"","stick-header-meta":"default","header-above-stick-meta":"","header-main-stick-meta":"","header-below-stick-meta":"","astra-migrate-meta-layouts":"default","ast-page-background-enabled":"default","ast-page-background-meta":{"desktop":{"background-color":"","background-image":"","background-repeat":"repeat","background-position":"center center","background-size":"auto","background-attachment":"scroll","background-type":"","background-media":"","overlay-type":"","overlay-color":"","overlay-opacity":"","overlay-gradient":""},"tablet":{"background-color":"","background-image":"","background-repeat":"repeat","background-position":"center center","background-size":"auto","background-attachment":"scroll","background-type":"","background-media":"","overlay-type":"","overlay-color":"","overlay-opacity":"","overlay-gradient":""},"mobile":{"background-color":"","background-image":"","background-repeat":"repeat","background-position":"center center","background-size":"auto","background-attachment":"scroll","background-type":"","background-media":"","overlay-type":"","overlay-color":"","overlay-opacity":"","overlay-gradient":""}},"ast-content-background-meta":{"desktop":{"background-color":"var(--ast-global-color-5)","background-image":"","background-repeat":"repeat","background-position":"center center","background-size":"auto","background-attachment":"scroll","background-type":"","background-media":"","overlay-type":"","overlay-color":"","overlay-opacity":"","overlay-gradient":""},"tablet":{"background-color":"var(--ast-global-color-5)","background-image":"","background-repeat":"repeat","background-position":"center center","background-size":"auto","background-attachment":"scroll","background-type":"","background-media":"","overlay-type":"","overlay-color":"","overlay-opacity":"","overlay-gradient":""},"mobile":{"background-color":"var(--ast-global-color-5)","background-image":"","background-repeat":"repeat","background-position":"center center","background-size":"auto","background-attachment":"scroll","background-type":"","background-media":"","overlay-type":"","overlay-color":"","overlay-opacity":"","overlay-gradient":""}}},"product_brand":[],"product_cat":[470],"product_tag":[],"class_list":{"0":"post-51817","1":"product","2":"type-product","3":"status-publish","4":"has-post-thumbnail","6":"product_cat-instagram-de","7":"desktop-align-center","8":"tablet-align-center","9":"mobile-align-center","10":"ast-product-gallery-layout-first-image-large","11":"ast-product-gallery-with-no-image","12":"ast-magnify-disabled","13":"ast-product-single-variable","14":"ast-product-tabs-layout-horizontal","16":"first","17":"instock","18":"sale","19":"taxable","20":"shipping-taxable","21":"purchasable","22":"product-type-variable"},"_links":{"self":[{"href":"https:\/\/www.likes-kopen.nl\/de\/wp-json\/wp\/v2\/product\/51817","targetHints":{"allow":["GET"]}}],"collection":[{"href":"https:\/\/www.likes-kopen.nl\/de\/wp-json\/wp\/v2\/product"}],"about":[{"href":"https:\/\/www.likes-kopen.nl\/de\/wp-json\/wp\/v2\/types\/product"}],"replies":[{"embeddable":true,"href":"https:\/\/www.likes-kopen.nl\/de\/wp-json\/wp\/v2\/comments?post=51817"}],"wp:featuredmedia":[{"embeddable":true,"href":"https:\/\/www.likes-kopen.nl\/de\/wp-json\/wp\/v2\/media\/49380"}],"wp:attachment":[{"href":"https:\/\/www.likes-kopen.nl\/de\/wp-json\/wp\/v2\/media?parent=51817"}],"wp:term":[{"taxonomy":"product_brand","embeddable":true,"href":"https:\/\/www.likes-kopen.nl\/de\/wp-json\/wp\/v2\/product_brand?post=51817"},{"taxonomy":"product_cat","embeddable":true,"href":"https:\/\/www.likes-kopen.nl\/de\/wp-json\/wp\/v2\/product_cat?post=51817"},{"taxonomy":"product_tag","embeddable":true,"href":"https:\/\/www.likes-kopen.nl\/de\/wp-json\/wp\/v2\/product_tag?post=51817"}],"curies":[{"name":"wp","href":"https:\/\/api.w.org\/{rel}","templated":true}]}}