{"id":51814,"date":"2021-07-28T16:48:57","date_gmt":"2021-07-28T15:48:57","guid":{"rendered":"https:\/\/www.likes-kopen.nl\/product\/facebook-nachricht-likes-%f0%9f%a5%b0-mitgefuehl\/"},"modified":"2025-01-21T07:44:47","modified_gmt":"2025-01-21T06:44:47","slug":"facebook-message-likes-media-life","status":"publish","type":"product","link":"https:\/\/www.likes-kopen.nl\/de\/facebook-message-likes-media-life\/","title":{"rendered":"Facebook Nachricht Likes Kaufen (\ud83e\udd70 Mitgef\u00fchl) Mit <span style=\"color: #ae60e1;\">Direktlieferung<\/span> \ud83d\ude80  "},"content":{"rendered":"<p>K\u00fcnstliche Aktivit\u00e4ten versto\u00dfen gegen die Nutzungsbedingungen von Facebook. Der Kauf von Facebook-Nachrichten-Likes geschieht auf eigene Gefahr.  <\/p>\n<h2>Facebook-Post-Likes f\u00fcr deinen Facebook-Post kaufen<\/h2>\n<p>  Warum <a href=\"https:\/\/www.likes-kopen.nl\/facebook-bericht-likes-kopen\/\">Facebook-Likes kaufen<\/a>? Durch den Kauf von Likes f\u00fcr deinen Facebook-Post kannst du die Anzahl der Likes f\u00fcr deinen Post erh\u00f6hen. Dadurch wirkt dein Beitrag beliebter, was wiederum neue Likes anzieht. Man k\u00f6nnte es eine Kettenreaktion nennen. Likes-kopen Mit Facebook Message Likes von , gibst du deinem Facebook-Post einen Schub. <\/p>\n<h2>Woher hast du den Link?<\/h2>\n<p>  Damit dein Beitrag geliked wird, brauchen wir einen Url\/Link. Der Link sollte von deinem Beitrag selbst kommen und nicht von deinem Profil.  <strong>Wie bekommst du deinen Nachrichtenlink?<\/strong>  \u25baPC: Wenn du auf das Datum oder die Uhrzeit deiner Nachricht (Beitrag) klickst, wird eine neue Seite angezeigt, die nur deinen Beitrag enth\u00e4lt. Dort kannst du die Url aus der Adressleiste oben kopieren. Diese f\u00fcgst du dann in das Bestellformular ein. \u25baMobil: Neben deiner Nachricht sind 3 Punkte zu sehen. Wenn du darauf klickst, kannst du Link kopieren w\u00e4hlen. Diese f\u00fcgst du dann in das Bestellformular auf unserer Website ein.  &nbsp;<\/p>\n<h2>Emoticon Facebook likes<\/h2>\n<p>  M\u00f6chtest du eine andere Variante von Facebook m\u00f6gen? Dann w\u00e4hle aus weiteren Arten von Facebook-Likes. Schlie\u00dflich kannst du auch Facebook-Nachrichten-Likes f\u00fcr kaufen:  <\/p>\n<ul>\n<li><a href=\"https:\/\/www.likes-kopen.nl\/facebook-bericht-likes-kopen\/\">\ud83d\udc4d Sch\u00f6n<\/a><\/li>\n<li><a href=\"https:\/\/www.likes-kopen.nl\/facebook-bericht-likes-geweldig\/\">\u2764\ufe0f Gro\u00dfartig<\/a><\/li>\n<li><a href=\"https:\/\/www.likes-kopen.nl\/facebook-bericht-likes-medeleven\/\">\ud83e\udd70 Mitgef\u00fchl<\/a><\/li>\n<li><a href=\"https:\/\/www.likes-kopen.nl\/facebook-bericht-likes-grappig\/\">\ud83d\ude02 Lustig<\/a><\/li>\n<li><a href=\"https:\/\/www.likes-kopen.nl\/facebook-bericht-likes-verbluft\/\">\ud83d\ude27 Fassungslos<\/a><\/li>\n<li><a href=\"https:\/\/www.likes-kopen.nl\/facebook-bericht-likes-verdrietig\/\">\ud83d\ude22 Traurig<\/a><\/li>\n<li><a href=\"https:\/\/www.likes-kopen.nl\/facebook-bericht-likes-boos\/\">\ud83d\ude21 W\u00fctend<\/a><\/li>\n<\/ul>\n<p>  Klicke auf den Link oben, um deine Lieblings-Facebook-Post-Likes auszuw\u00e4hlen.  &nbsp;<\/p>\n<h2>Merkmale dieses Produkts<\/h2>\n<ul>\n<li>Liken wird von globalen Facebook-Nutzern gemacht (NL geh\u00f6ren nicht dazu).<\/li>\n<li>Du kannst diesen Dienst nicht auf mehrere Stellen aufteilen. Bestellung nach Nachricht.<\/li>\n<li>Beitr\u00e4ge werden nur geliked, nicht geteilt.<\/li>\n<li>Ideal f\u00fcr einen glaubw\u00fcrdigen Look.<\/li>\n<li>Die Lieferung erfolgt in der Regel innerhalb von ein paar Stunden.<\/li>\n<li>Kann auch f\u00fcr eine Gewinnaktion verwendet werden.<\/li>\n<\/ul>\n<p>&nbsp;<\/p>\n<h2>Beachte, dass dein Profil und deine Beitr\u00e4ge \u00f6ffentlich sind.<\/h2>\n<p>  W\u00e4hrend der Bereitstellung unserer Dienste m\u00fcssen dein Profil und deine Nachricht jedoch vor\u00fcbergehend \u00f6ffentlich sein. Wenn du die Privatsph\u00e4re-Einstellungen angepasst hast, sieht vielleicht nicht jeder den LIKE-Button. In diesem Fall k\u00f6nnen sie deinen Beitrag auch nicht m\u00f6gen. \u00dcberpr\u00fcfe also diese <a href=\"https:\/\/www.likes-kopen.nl\/facebook\/hoe-iedereen-bericht-liken-op-facebook\/\">Facebook-Einstellungen, um deinen Beitrag \u00f6ffentlich zu machen<\/a>. Keine Sorge, wir pr\u00fcfen immer, ob dein Beitrag \u00f6ffentlich ist und geliked werden kann. Im Gegensatz zu anderen Unternehmen sind wir keine Roboter. Bei uns ist es handgefertigt.<\/p>\n","protected":false},"excerpt":{"rendered":"<p><span style=\"font-size: 16px;\">\u2714\ufe0fDeine Botschaft wird von uns gemocht! <\/span>\u2b50 <span style=\"font-size: 16px;\">ab 25 Einheiten<\/span><span style=\"color: #ff0000;\"><strong>DENKE DARAN:<\/strong><\/span> Stelle sicher, dass dein Profil vollst\u00e4ndig \u00f6ffentlich ist und der <a href=\"https:\/\/www.likes-kopen.nl\/facebook\/hoe-iedereen-bericht-liken-op-facebook\/\" target=\"_blank\" rel=\"noopener noreferrer\">Like-Button<\/a> nicht fehlt!<\/p>\n","protected":false},"featured_media":49094,"comment_status":"open","ping_status":"closed","template":"","meta":{"site-sidebar-layout":"default","site-content-layout":"default","ast-site-content-layout":"default","site-content-style":"default","site-sidebar-style":"default","ast-global-header-display":"","ast-banner-title-visibility":"","ast-main-header-display":"","ast-hfb-above-header-display":"","ast-hfb-below-header-display":"","ast-hfb-mobile-header-display":"","site-post-title":"","ast-breadcrumbs-content":"","ast-featured-img":"","footer-sml-layout":"","ast-disable-related-posts":"","theme-transparent-header-meta":"default","adv-header-id-meta":"","stick-header-meta":"default","header-above-stick-meta":"","header-main-stick-meta":"","header-below-stick-meta":"","astra-migrate-meta-layouts":"default","ast-page-background-enabled":"default","ast-page-background-meta":{"desktop":{"background-color":"","background-image":"","background-repeat":"repeat","background-position":"center center","background-size":"auto","background-attachment":"scroll","background-type":"","background-media":"","overlay-type":"","overlay-color":"","overlay-opacity":"","overlay-gradient":""},"tablet":{"background-color":"","background-image":"","background-repeat":"repeat","background-position":"center center","background-size":"auto","background-attachment":"scroll","background-type":"","background-media":"","overlay-type":"","overlay-color":"","overlay-opacity":"","overlay-gradient":""},"mobile":{"background-color":"","background-image":"","background-repeat":"repeat","background-position":"center center","background-size":"auto","background-attachment":"scroll","background-type":"","background-media":"","overlay-type":"","overlay-color":"","overlay-opacity":"","overlay-gradient":""}},"ast-content-background-meta":{"desktop":{"background-color":"var(--ast-global-color-5)","background-image":"","background-repeat":"repeat","background-position":"center center","background-size":"auto","background-attachment":"scroll","background-type":"","background-media":"","overlay-type":"","overlay-color":"","overlay-opacity":"","overlay-gradient":""},"tablet":{"background-color":"var(--ast-global-color-5)","background-image":"","background-repeat":"repeat","background-position":"center center","background-size":"auto","background-attachment":"scroll","background-type":"","background-media":"","overlay-type":"","overlay-color":"","overlay-opacity":"","overlay-gradient":""},"mobile":{"background-color":"var(--ast-global-color-5)","background-image":"","background-repeat":"repeat","background-position":"center center","background-size":"auto","background-attachment":"scroll","background-type":"","background-media":"","overlay-type":"","overlay-color":"","overlay-opacity":"","overlay-gradient":""}}},"product_brand":[],"product_cat":[475],"product_tag":[481],"class_list":{"0":"post-51814","1":"product","2":"type-product","3":"status-publish","4":"has-post-thumbnail","6":"product_cat-facebook-de","7":"product_tag-facebook-nachricht-likes","8":"desktop-align-center","9":"tablet-align-center","10":"mobile-align-center","11":"ast-product-gallery-layout-first-image-large","12":"ast-product-gallery-with-no-image","13":"ast-magnify-disabled","14":"ast-product-single-variable","15":"ast-product-tabs-layout-horizontal","17":"first","18":"instock","19":"sale","20":"taxable","21":"shipping-taxable","22":"purchasable","23":"product-type-variable"},"_links":{"self":[{"href":"https:\/\/www.likes-kopen.nl\/de\/wp-json\/wp\/v2\/product\/51814","targetHints":{"allow":["GET"]}}],"collection":[{"href":"https:\/\/www.likes-kopen.nl\/de\/wp-json\/wp\/v2\/product"}],"about":[{"href":"https:\/\/www.likes-kopen.nl\/de\/wp-json\/wp\/v2\/types\/product"}],"replies":[{"embeddable":true,"href":"https:\/\/www.likes-kopen.nl\/de\/wp-json\/wp\/v2\/comments?post=51814"}],"wp:featuredmedia":[{"embeddable":true,"href":"https:\/\/www.likes-kopen.nl\/de\/wp-json\/wp\/v2\/media\/49094"}],"wp:attachment":[{"href":"https:\/\/www.likes-kopen.nl\/de\/wp-json\/wp\/v2\/media?parent=51814"}],"wp:term":[{"taxonomy":"product_brand","embeddable":true,"href":"https:\/\/www.likes-kopen.nl\/de\/wp-json\/wp\/v2\/product_brand?post=51814"},{"taxonomy":"product_cat","embeddable":true,"href":"https:\/\/www.likes-kopen.nl\/de\/wp-json\/wp\/v2\/product_cat?post=51814"},{"taxonomy":"product_tag","embeddable":true,"href":"https:\/\/www.likes-kopen.nl\/de\/wp-json\/wp\/v2\/product_tag?post=51814"}],"curies":[{"name":"wp","href":"https:\/\/api.w.org\/{rel}","templated":true}]}}