{"id":51710,"date":"2021-08-06T07:46:36","date_gmt":"2021-08-06T06:46:36","guid":{"rendered":"https:\/\/www.likes-kopen.nl\/product\/der-kunde-steht-an-erster-stelle-seo-konversionsmedizin-slim\/"},"modified":"2023-05-20T09:26:30","modified_gmt":"2023-05-20T08:26:30","slug":"der-kunde-steht-an-erster-stelle-seo-konversionsmedizin-slim","status":"publish","type":"product","link":"https:\/\/www.likes-kopen.nl\/de\/der-kunde-steht-an-erster-stelle-seo-konversionsmedizin-slim\/","title":{"rendered":"Der Kunde steht an erster Stelle: SEO &amp; Konversionsmedizin (SLIM)"},"content":{"rendered":"<div class=\"wpb-content-wrapper\"><p>[vc_row css=&#8220;.vc_custom_1572805128421{padding-bottom: 20px !important;}&#8220;][vc_column][vc_column_text]<\/p>\n<h2><strong>Verleihe deinem Shop einen neuen Atem und verwandle deinen Webshop in die ultimative Verkaufsmaschine<\/strong><\/h2>\n<p>[\/vc_column_text][\/vc_column][\/vc_row][vc_row css=&#8220;.vc_custom_1572804099290{padding-bottom: 50px !important;}&#8220;][vc_column width=&#8220;1\/2&#8243;][vc_column_text]<\/p>\n<h2>Was bekommst du mit Customer First: SEO &amp; Conversion?<\/h2>\n<ul>\n<li>\u00dcberarbeitete Kategorienhierarchie f\u00fcr ein besseres Einkaufserlebnis (Wert: 350 \u20ac)<\/li>\n<li>Kategorieseiten mit Text f\u00fcr Marken f\u00fcr mehr Traffic und ein besseres Einkaufserlebnis (Wert: 600 \u20ac)<\/li>\n<\/ul>\n<p><i>Der Gesamtwert bel\u00e4uft sich auf: 950 \u20ac ohne MwSt.<\/i><\/p>\n<p>&nbsp;<\/p>\n<p>Bestelle dieses Paket jetzt f\u00fcr <span style=\"text-decoration: underline;\">900 \u20ac ohne MwSt<\/span>.<\/p>\n<p><strong>Optional<\/strong>:<\/p>\n<ul>\n<li style=\"text-align: left;\">\n<ul>\n<li>100 niederl\u00e4ndische Backlinks pro Monat<\/li>\n<\/ul>\n<\/li>\n<\/ul>\n<p>[\/vc_column_text][\/vc_column][vc_column width=&#8220;1\/2&#8243; css=&#8220;.vc_custom_1572805089828{margin-top: 40px !important;}&#8220;][vc_single_image image=&#8220;11229&#8243; img_size=&#8220;full&#8220; alignment=&#8220;center&#8220;][\/vc_column][\/vc_row][vc_row css=&#8220;.vc_custom_1572804108269{margin-bottom: 50px !important;}&#8220;][vc_column][vc_column_text]<\/p>\n<h3>Eine Liebesgeschichte<\/h3>\n<p>Dieses Paket ist nicht nur eine Verbesserung f\u00fcr deinen Webshop. Die Schlussfolgerung, zu der jeder Unternehmer kommen muss, ist, dass du etwas Neues brauchst. Vor allem, wenn du in einem Markt t\u00e4tig bist, den es schon seit Jahrtausenden gibt. Neu, weil du willst, dass deine Kunden das Gef\u00fchl haben, dass sie etwas Neues von dir bekommen k\u00f6nnen. Etwas, das es schon seit Jahrtausenden gibt, denn Verkaufen ist so alt wie die Menschheit.<\/p>\n<p>&nbsp;<\/p>\n<p>Deshalb sind wir der Meinung, dass wir bei jedem neuen Projekt nicht einfach anfangen sollten, deinen Webshop zu verbessern. Wir m\u00fcssen uns eine neue Strategie ausdenken. Wir werfen die alten Dinge weg, die nicht mehr funktionieren (billige Verkaufstricks). Und wir haben etwas Neues an seine Stelle gesetzt. Was diese Nachricht ist, wirst du gleich lesen.<\/p>\n<p>&nbsp;<\/p>\n<p>Siehe. Als wir anfingen, unsere eigene Website zu optimieren, haben wir alles M\u00f6gliche ausprobiert. Gef\u00e4lschte Backlinks, \u00fcberoptimierte Webseiten f\u00fcr Keywords, das Schreiben von endlosen Blogs und all der andere dunkle Webkram. Kurzfristig haben diese Dinge vielleicht funktioniert&#8230; Auf lange Sicht sind sie katastrophal. Zum Gl\u00fcck entdeckten wir mit der Zeit eine ganz neue Art, an die Sache heranzugehen. Etwas, das nur wenige Menschen in der Online-Sph\u00e4re verstehen. Und warum? Weil sie zu sehr auf das Geld fixiert sind.<\/p>\n<p>&nbsp;<\/p>\n<p>Deshalb haben wir bei <a href=\"https:\/\/www.likes-kopen.nl\/de\/\">likes-buying<\/a> ein neues Konzept entwickelt:<strong> Kundenerlebnis an erster Stelle. <\/strong>Was soll das bedeuten? Du hast wahrscheinlich schon geh\u00f6rt, dass du die Kunden an die erste Stelle setzen solltest. Das ist nicht das, was wir meinen. Nat\u00fcrlich musst du deine Kunden an die erste Stelle setzen. Es gibt aber noch etwas viel Wichtigeres. Und das bedeutet, dass das <strong>Kundenerlebnis an erster Stelle steht. <\/strong>Das bedeutet, dass du dich auf das Kundenerlebnis konzentrierst und es so gut wie m\u00f6glich machst, anstatt den Kunden an die erste Stelle zu setzen, was oft zu viel Arbeit f\u00fchrt.<\/p>\n<p>&nbsp;<\/p>\n<p>Als Jeff Bezos in der <a href=\"https:\/\/www.youtube.com\/watch?v=GltlJO56S1g\" target=\"_blank\" rel=\"noopener noreferrer\"><br \/>\n  <u>ein seltenes Interview<\/u><br \/>\n<\/a> sagte: &#8222;Wir stellen das Kundenerlebnis an die erste Stelle&#8220;, erkl\u00e4rte ihn jeder f\u00fcr verr\u00fcckt und niemand verstand ihn wirklich. Heute, 20 Jahre sp\u00e4ter, ist Amazon das gr\u00f6\u00dfte Onlinehandelsunternehmen der Welt. Es scheint also zu funktionieren?<\/p>\n<p>&nbsp;<\/p>\n<p>Als ich das Interview gesehen habe, habe ich verstanden. Das <strong>Kundenerlebnis<\/strong> ist das, worauf ich mich konzentrieren muss. Und das taten wir von da an. Mit Erfolg. Denn in einem Jahr ist unser Umsatz um ein Vielfaches von 10 gestiegen![\/vc_column_text][\/vc_column][\/vc_row][vc_row css=&#8220;.vc_custom_1572804128809{margin-bottom: 50px !important;}&#8220;][vc_column width=&#8220;1\/2&#8243;][vc_column_text]<\/p>\n<h3>Wie sieht das konkret aus?<\/h3>\n<p>Wenn du mit uns zusammenarbeitest, k\u00f6nnen wir genau solche Ergebnisse erzielen. Das <strong>Kundenerlebnis<\/strong> kann in die folgenden S\u00e4ulen unterteilt und gemessen werden:<\/p>\n<ol>\n<li>Konvertierung<\/li>\n<li>Bestellwert<\/li>\n<li>Wiederholte K\u00e4ufe<\/li>\n<li>Verkehr<\/li>\n<\/ol>\n<p>[\/vc_column_text][\/vc_column][vc_column width=&#8220;1\/2&#8243; css=&#8220;.vc_custom_1572806059231{margin-top: 20px !important;}&#8220;][vc_single_image image=&#8220;11230&#8243; img_size=&#8220;full&#8220; alignment=&#8220;center&#8220;][\/vc_column][\/vc_row][vc_row][vc_column][vc_column_text]<\/p>\n<h3 style=\"text-align: center;\">Link Building f\u00fcr langfristigen Erfolg!<\/h3>\n<p>Bestelle das Linkbuilding-Paket f\u00fcr den langfristigen Erfolg deines Webshops.[\/vc_column_text][vc_btn title=&#8220;Zu den Linkbuilding-Paketen&#8220; style=&#8220;classic&#8220; color=&#8220;primary&#8220; link=&#8220;url:https%3A%2F%2Fwww.likes-kopen.nl%2Fde%2Fprodukt%2Fdutch-backlinks%2F|target:_blank|&#8220;][\/vc_column][\/vc_row]<\/p>\n<\/div>","protected":false},"excerpt":{"rendered":"<p>H\u00f6her in Google f\u00fcr Medizin selbst kommen<\/p>\n","protected":false},"featured_media":48714,"comment_status":"open","ping_status":"closed","template":"","meta":{"site-sidebar-layout":"no-sidebar","site-content-layout":"plain-container","ast-site-content-layout":"default","site-content-style":"default","site-sidebar-style":"default","ast-global-header-display":"","ast-banner-title-visibility":"","ast-main-header-display":"","ast-hfb-above-header-display":"","ast-hfb-below-header-display":"","ast-hfb-mobile-header-display":"","site-post-title":"disabled","ast-breadcrumbs-content":"","ast-featured-img":"disabled","footer-sml-layout":"","ast-disable-related-posts":"","theme-transparent-header-meta":"default","adv-header-id-meta":"","stick-header-meta":"default","header-above-stick-meta":"","header-main-stick-meta":"","header-below-stick-meta":"","astra-migrate-meta-layouts":"default","ast-page-background-enabled":"default","ast-page-background-meta":{"desktop":{"background-color":"","background-image":"","background-repeat":"repeat","background-position":"center center","background-size":"auto","background-attachment":"scroll","background-type":"","background-media":"","overlay-type":"","overlay-color":"","overlay-opacity":"","overlay-gradient":""},"tablet":{"background-color":"","background-image":"","background-repeat":"repeat","background-position":"center center","background-size":"auto","background-attachment":"scroll","background-type":"","background-media":"","overlay-type":"","overlay-color":"","overlay-opacity":"","overlay-gradient":""},"mobile":{"background-color":"","background-image":"","background-repeat":"repeat","background-position":"center center","background-size":"auto","background-attachment":"scroll","background-type":"","background-media":"","overlay-type":"","overlay-color":"","overlay-opacity":"","overlay-gradient":""}},"ast-content-background-meta":{"desktop":{"background-color":"var(--ast-global-color-5)","background-image":"","background-repeat":"repeat","background-position":"center center","background-size":"auto","background-attachment":"scroll","background-type":"","background-media":"","overlay-type":"","overlay-color":"","overlay-opacity":"","overlay-gradient":""},"tablet":{"background-color":"var(--ast-global-color-5)","background-image":"","background-repeat":"repeat","background-position":"center center","background-size":"auto","background-attachment":"scroll","background-type":"","background-media":"","overlay-type":"","overlay-color":"","overlay-opacity":"","overlay-gradient":""},"mobile":{"background-color":"var(--ast-global-color-5)","background-image":"","background-repeat":"repeat","background-position":"center center","background-size":"auto","background-attachment":"scroll","background-type":"","background-media":"","overlay-type":"","overlay-color":"","overlay-opacity":"","overlay-gradient":""}}},"product_brand":[],"product_cat":[564],"product_tag":[],"class_list":{"0":"post-51710","1":"product","2":"type-product","3":"status-publish","4":"has-post-thumbnail","6":"product_cat-seo-pakete","7":"desktop-align-center","8":"tablet-align-center","9":"mobile-align-center","10":"ast-product-gallery-layout-first-image-large","11":"ast-product-gallery-with-no-image","12":"ast-magnify-disabled","13":"ast-product-tabs-layout-horizontal","15":"first","16":"instock","17":"sale","18":"virtual","19":"taxable","20":"purchasable","21":"product-type-simple"},"_links":{"self":[{"href":"https:\/\/www.likes-kopen.nl\/de\/wp-json\/wp\/v2\/product\/51710","targetHints":{"allow":["GET"]}}],"collection":[{"href":"https:\/\/www.likes-kopen.nl\/de\/wp-json\/wp\/v2\/product"}],"about":[{"href":"https:\/\/www.likes-kopen.nl\/de\/wp-json\/wp\/v2\/types\/product"}],"replies":[{"embeddable":true,"href":"https:\/\/www.likes-kopen.nl\/de\/wp-json\/wp\/v2\/comments?post=51710"}],"wp:featuredmedia":[{"embeddable":true,"href":"https:\/\/www.likes-kopen.nl\/de\/wp-json\/wp\/v2\/media\/48714"}],"wp:attachment":[{"href":"https:\/\/www.likes-kopen.nl\/de\/wp-json\/wp\/v2\/media?parent=51710"}],"wp:term":[{"taxonomy":"product_brand","embeddable":true,"href":"https:\/\/www.likes-kopen.nl\/de\/wp-json\/wp\/v2\/product_brand?post=51710"},{"taxonomy":"product_cat","embeddable":true,"href":"https:\/\/www.likes-kopen.nl\/de\/wp-json\/wp\/v2\/product_cat?post=51710"},{"taxonomy":"product_tag","embeddable":true,"href":"https:\/\/www.likes-kopen.nl\/de\/wp-json\/wp\/v2\/product_tag?post=51710"}],"curies":[{"name":"wp","href":"https:\/\/api.w.org\/{rel}","templated":true}]}}