{"id":51617,"date":"2020-02-17T14:03:34","date_gmt":"2020-02-17T14:03:34","guid":{"rendered":"https:\/\/www.likes-kopen.nl\/product\/tiktok-kommentare\/"},"modified":"2025-02-07T15:46:46","modified_gmt":"2025-02-07T14:46:46","slug":"tiktok-kommentare-kaufen","status":"publish","type":"product","link":"https:\/\/www.likes-kopen.nl\/de\/tiktok-kommentare-kaufen\/","title":{"rendered":"TikTok Kommentare Kaufen"},"content":{"rendered":"<p>TikTok Kommentare kaufen? Mach es mit uns! Du solltest wissen, dass der Kauf von Reaktionen von TikTok nicht erlaubt ist und du bei der Verwendung dieses Produkts ein Risiko eingehen kannst.<\/p>\n<h2>Warum solltest du TikTok-Kommentare kaufen?<\/h2>\n<p>TikTok-Kommentare sind wertvoll, weil sie deinem Video mehr Sichtbarkeit verleihen. Au\u00dferdem zeigt es neuen Zuschauern, dass dein Video sehenswert ist. Schlie\u00dflich strahlt ein TikTok-Video mit vielen Reaktionen Popularit\u00e4t aus. Das ist oft der Gedanke von Menschen, die Antworten f\u00fcr ihre TikTok-Videos kaufen.<\/p>\n<h2>Wie kann ich TikTok-Kommentare kaufen?<\/h2>\n<p>Um Antworten auf dein Video zu liefern, brauchen wir einen Link aus dem Video. Gehe zur <a href=\"https:\/\/www.likes-kopen.nl\/tiktok\/\">TikTok-App<\/a> und klicke auf dein Profil. Klicke dann auf das Video und dr\u00fccke die 3 Punkte. Du bekommst dann die M\u00f6glichkeit, einen <span style=\"text-decoration: underline;\">Link zu kopieren.<\/span> Wir brauchen diesen Link f\u00fcr deine Sendung. So wissen wir, auf welches Video du die TikTok Kommentare erhalten m\u00f6chtest. Du kannst den Link oben einf\u00fcgen, wenn du die TikTok Kommentare kaufst.<\/p>\n<h2>Die Merkmale von TikTok-Reaktionen (Kommentare)<\/h2>\n<ul>\n<li>Die Lieferzeit betr\u00e4gt etwa 24 Stunden, bevor alles geliefert wird<\/li>\n<li>99,9% stabil<\/li>\n<li>Kommentare von Menschen aus dem Ausland sind rein zuf\u00e4llig<\/li>\n<\/ul>\n<p>Neben TikTok-Kommentaren kannst du auch <a href=\"https:\/\/www.likes-kopen.nl\/tiktok-volgers-kopen\/\">TikTok-Follower<\/a> oder <a href=\"https:\/\/www.likes-kopen.nl\/tiktok-likes-kopen\/\">TikTok-Likes<\/a> f\u00fcr dein Profil kaufen und Videos kaufen.<\/p>\n<p>&nbsp;<\/p>\n<div id=\"gtx-trans\" style=\"position: absolute; left: 734px; top: 222.578px;\">\n<div class=\"gtx-trans-icon\"><\/div>\n<\/div>\n","protected":false},"excerpt":{"rendered":"<p>\u2714\ufe0fSnel TikTok Kommentare kaufen?<br \/>\n\u2b50Liefergarantie<\/p>\n","protected":false},"featured_media":49497,"comment_status":"open","ping_status":"closed","template":"","meta":{"site-sidebar-layout":"default","site-content-layout":"default","ast-site-content-layout":"default","site-content-style":"default","site-sidebar-style":"default","ast-global-header-display":"","ast-banner-title-visibility":"","ast-main-header-display":"","ast-hfb-above-header-display":"","ast-hfb-below-header-display":"","ast-hfb-mobile-header-display":"","site-post-title":"","ast-breadcrumbs-content":"","ast-featured-img":"","footer-sml-layout":"","ast-disable-related-posts":"","theme-transparent-header-meta":"default","adv-header-id-meta":"","stick-header-meta":"default","header-above-stick-meta":"","header-main-stick-meta":"","header-below-stick-meta":"","astra-migrate-meta-layouts":"default","ast-page-background-enabled":"default","ast-page-background-meta":{"desktop":{"background-color":"","background-image":"","background-repeat":"repeat","background-position":"center center","background-size":"auto","background-attachment":"scroll","background-type":"","background-media":"","overlay-type":"","overlay-color":"","overlay-opacity":"","overlay-gradient":""},"tablet":{"background-color":"","background-image":"","background-repeat":"repeat","background-position":"center center","background-size":"auto","background-attachment":"scroll","background-type":"","background-media":"","overlay-type":"","overlay-color":"","overlay-opacity":"","overlay-gradient":""},"mobile":{"background-color":"","background-image":"","background-repeat":"repeat","background-position":"center center","background-size":"auto","background-attachment":"scroll","background-type":"","background-media":"","overlay-type":"","overlay-color":"","overlay-opacity":"","overlay-gradient":""}},"ast-content-background-meta":{"desktop":{"background-color":"var(--ast-global-color-5)","background-image":"","background-repeat":"repeat","background-position":"center center","background-size":"auto","background-attachment":"scroll","background-type":"","background-media":"","overlay-type":"","overlay-color":"","overlay-opacity":"","overlay-gradient":""},"tablet":{"background-color":"var(--ast-global-color-5)","background-image":"","background-repeat":"repeat","background-position":"center center","background-size":"auto","background-attachment":"scroll","background-type":"","background-media":"","overlay-type":"","overlay-color":"","overlay-opacity":"","overlay-gradient":""},"mobile":{"background-color":"var(--ast-global-color-5)","background-image":"","background-repeat":"repeat","background-position":"center center","background-size":"auto","background-attachment":"scroll","background-type":"","background-media":"","overlay-type":"","overlay-color":"","overlay-opacity":"","overlay-gradient":""}}},"product_brand":[],"product_cat":[554],"product_tag":[5731,766,5729,5730],"class_list":{"0":"post-51617","1":"product","2":"type-product","3":"status-publish","4":"has-post-thumbnail","6":"product_cat-tiktok-de","7":"product_tag-reaktionen-kaufen","8":"product_tag-tiktok-de","9":"product_tag-tiktok-reaktionen-kaufen","10":"product_tag-tiktok-reaktionen","11":"desktop-align-center","12":"tablet-align-center","13":"mobile-align-center","14":"ast-product-gallery-layout-first-image-large","15":"ast-product-gallery-with-no-image","16":"ast-magnify-disabled","17":"ast-product-single-variable","18":"ast-product-tabs-layout-horizontal","20":"first","21":"instock","22":"sale","23":"taxable","24":"shipping-taxable","25":"purchasable","26":"product-type-variable"},"_links":{"self":[{"href":"https:\/\/www.likes-kopen.nl\/de\/wp-json\/wp\/v2\/product\/51617","targetHints":{"allow":["GET"]}}],"collection":[{"href":"https:\/\/www.likes-kopen.nl\/de\/wp-json\/wp\/v2\/product"}],"about":[{"href":"https:\/\/www.likes-kopen.nl\/de\/wp-json\/wp\/v2\/types\/product"}],"replies":[{"embeddable":true,"href":"https:\/\/www.likes-kopen.nl\/de\/wp-json\/wp\/v2\/comments?post=51617"}],"wp:featuredmedia":[{"embeddable":true,"href":"https:\/\/www.likes-kopen.nl\/de\/wp-json\/wp\/v2\/media\/49497"}],"wp:attachment":[{"href":"https:\/\/www.likes-kopen.nl\/de\/wp-json\/wp\/v2\/media?parent=51617"}],"wp:term":[{"taxonomy":"product_brand","embeddable":true,"href":"https:\/\/www.likes-kopen.nl\/de\/wp-json\/wp\/v2\/product_brand?post=51617"},{"taxonomy":"product_cat","embeddable":true,"href":"https:\/\/www.likes-kopen.nl\/de\/wp-json\/wp\/v2\/product_cat?post=51617"},{"taxonomy":"product_tag","embeddable":true,"href":"https:\/\/www.likes-kopen.nl\/de\/wp-json\/wp\/v2\/product_tag?post=51617"}],"curies":[{"name":"wp","href":"https:\/\/api.w.org\/{rel}","templated":true}]}}