{"id":51555,"date":"2019-10-19T10:34:30","date_gmt":"2019-10-19T09:34:30","guid":{"rendered":"https:\/\/www.likes-kopen.nl\/product\/facebook-seite-likes\/"},"modified":"2025-01-16T16:38:21","modified_gmt":"2025-01-16T15:38:21","slug":"facebook-seite-likes-kaufen","status":"publish","type":"product","link":"https:\/\/www.likes-kopen.nl\/de\/facebook-seite-likes-kaufen\/","title":{"rendered":"Facebook Page Likes kaufen <\/br> <h2><span style=\"color: #ae60e1;\">Direkt zugestellt<\/span> \ud83d\ude80<\/h2>"},"content":{"rendered":"<h2>Facebook-Likes f\u00fcr deine Seite kaufen<\/h2>\n<p>Der Kauf von Facebook-Likes ist mittlerweile fast das Normalste der Welt. Wahrscheinlich wusstest du noch gar nicht, dass du einfach Likes f\u00fcr deine Seite kaufen kannst, aber das ist wirklich m\u00f6glich. Wir liefern dir sicher so viele Likes, wie du willst, um deiner Seite mehr Gewicht zu verleihen. Die Menschen denken, dass die Anzahl der Likes sehr wichtig ist, und wenn sie mehr Likes sehen, f\u00fchlen sie sich selbstbewusst.<\/p>\n<p>Wenn deine Fanpage, Community-Seite oder Unternehmensseite nur sehr wenige Likes hat, entscheiden sich potenzielle Kunden vielleicht f\u00fcr einen Konkurrenten, der mehr Daumen nach oben hat. Das willst du nat\u00fcrlich nicht, und jetzt kannst du ganz einfach etwas dagegen tun. Der Kauf von Likes ist die L\u00f6sung daf\u00fcr!<\/p>\n<p><img decoding=\"async\" class=\"alignnone size-full wp-image-11343\" src=\"https:\/\/www.likes-kopen.nl\/wp-content\/uploads\/\/2019\/10\/facebook-pagina-likes-teller-hoger.png\" alt=\"mag Z\u00e4hler Facebook-Seite\" width=\"539\" height=\"320\" srcset=\"https:\/\/www.likes-kopen.nl\/wp-content\/uploads\/2019\/10\/facebook-pagina-likes-teller-hoger.png 539w, https:\/\/www.likes-kopen.nl\/wp-content\/uploads\/2019\/10\/facebook-pagina-likes-teller-hoger-510x303.png 510w, https:\/\/www.likes-kopen.nl\/wp-content\/uploads\/2019\/10\/facebook-pagina-likes-teller-hoger-300x178.png 300w, https:\/\/www.likes-kopen.nl\/wp-content\/uploads\/2019\/10\/facebook-pagina-likes-teller-hoger-462x274.png 462w\" sizes=\"(max-width: 539px) 100vw, 539px\" \/><\/p>\n<p>&nbsp;<\/p>\n<h2>Was kannst du bei uns kaufen<\/h2>\n<p>Mit uns kannst du Facebook-Likes kaufen, und das bedeutet, dass wir daf\u00fcr sorgen, dass die Leute den Like-Button auf deiner Seite dr\u00fccken. Auf diese Weise steigt der Z\u00e4hler sch\u00f6n an und deine Seite sieht viel attraktiver aus. Die Leute, denen deine Seite gef\u00e4llt, sind international, das hei\u00dft, sie kommen nicht aus den Niederlanden, sondern aus anderen L\u00e4ndern.<\/p>\n<p>&nbsp;<\/p>\n<h2>K\u00f6nnen andere Leute sehen, wem meine Seite gef\u00e4llt?<\/h2>\n<p>Wenn jemandem dein Beitrag oder deine Nachricht auf Facebook gef\u00e4llt, kannst du sehen, wer es ist und wie er hei\u00dft. Bei Page Likes kannst du das <strong>nicht sehen<\/strong>. Das bedeutet, dass die Menschen, denen deine Seite gef\u00e4llt, f\u00fcr die Au\u00dfenwelt anonym sind. So kann niemand sehen, dass du internationale Likes hast, oder dass du sie gekauft hast. Sie sehen nur die Zahl, die auf dem Z\u00e4hler steht.<\/p>\n<p>&nbsp;<\/p>\n<h2>Wie bekommen wir die Likes<\/h2>\n<p>Wir bringen die Leute dazu, den Like-Button zu dr\u00fccken und bezahlen sie daf\u00fcr. Menschen au\u00dferhalb der Niederlande wollen dies zu geringen Kosten tun, und so k\u00f6nnen wir echte Facebook-Likes zu einem niedrigen Preis anbieten. Nat\u00fcrlich k\u00f6nnen wir die Niederl\u00e4nder dazu bringen, den &#8222;Gef\u00e4llt mir&#8220;-Button zu dr\u00fccken, aber die Niederl\u00e4nder wollen mehr daf\u00fcr, und das macht es viel teurer. Die NL-Likes sind schnell 5x teurer und niemand sieht den Unterschied. Au\u00dferdem sind die Liefer- und Wartezeiten sehr viel l\u00e4nger.<\/p>\n<p>&nbsp;<\/p>\n<h2>Was ist der Unterschied zwischen Unternehmensseite und privater Seite (Profil)?<\/h2>\n<p>Eine Unternehmensseite, Community oder Fanpage hat einen Like-Z\u00e4hler. Wir nennen sie der Einfachheit halber Business Pages. Neben gesch\u00e4ftlichen Seiten hast du auch eine private Seite mit Freunden. Dies ist ein pers\u00f6nliches Profil und unterscheidet sich etwas von der Unternehmensseite. Nachrichten werden sowohl auf der privaten als auch auf der gesch\u00e4ftlichen Seite angezeigt. Diese k\u00f6nnen nat\u00fcrlich so oder so gemocht werden. Wenn du daf\u00fcr Likes willst, schau dir unsere <a href=\"https:\/\/www.likes-kopen.nl\/facebook\/berichten-liken\/\">FB-Posts Likes<\/a> an.<\/p>\n<p>&nbsp;<\/p>\n<h2>Lieferzeiten und Informationen<\/h2>\n<ul>\n<li>Herkunft: weltweit (fast nie Europa)<\/li>\n<li>Profil-Qualit\u00e4tsbewertung: 8.6<\/li>\n<li>Lieferzeiten in 70% der F\u00e4lle innerhalb von 24 Stunden<\/li>\n<li>100% sicher f\u00fcr dein Konto<\/li>\n<li>100% Liefergarantie<\/li>\n<li>Keiner sieht, wem deine Seite gef\u00e4llt<\/li>\n<li>Das beste Preis-Leistungs-Verh\u00e4ltnis in den Benelux-L\u00e4ndern.<\/li>\n<\/ul>\n<p>&nbsp;<\/p>\n<h2>Laufende Kampagnen pausieren<\/h2>\n<p>HINWEIS: Bitte pausiere eine laufende Kampagne und warte mit dem Einladen von Freunden, bis unsere Likes geliefert werden.<br \/>\nHINWEIS: Stelle sicher, dass deine <a href=\"https:\/\/www.likes-kopen.nl\/facebook\/facebook-profiel-openbaar-maken\/\">Facebook-Seite \u00f6ffentlich ist<\/a>, sonst kann die Bestellung nicht gestartet werden. Wenn du keine Alters- oder L\u00e4nderbeschr\u00e4nkungen festgelegt hast, ist das normalerweise kein Problem.<\/p>\n<p>&nbsp;<\/p>\n<h2>Sparen f\u00fcr Rabatte<\/h2>\n<p>Jeder will einen Rabatt, und daf\u00fcr haben wir uns etwas Lustiges ausgedacht. Wenn du ein Konto bei uns erstellst, bekommst du bei jedem Einkauf Punkte. Diese Punkte kannst du an der Kasse gegen Rabatte einl\u00f6sen. Wenn du also etwas erstellst, bekommst du Punkte, wenn du Produkte kaufst, bekommst du Punkte und wenn du eine Bewertung (Produktrezension) hinterl\u00e4sst, bekommst du auch Punkte! Wenn du also \u00f6fter einkaufst, kannst du eine Menge Punkte sammeln, die dir auch kostenlose Facebook-Likes bescheren k\u00f6nnen. Es gibt 2 M\u00f6glichkeiten, ein Konto zu erstellen: im Voraus <a href=\"https:\/\/www.likes-kopen.nl\/mijn-account\/\">\u00fcber diesen<\/a> Link oder w\u00e4hrend des Bestellvorgangs.<\/p>\n<div id=\"gtx-trans\" style=\"position: absolute; left: 544px; top: 2239.36px;\">\n<div class=\"gtx-trans-icon\"><\/div>\n<\/div>\n","protected":false},"excerpt":{"rendered":"<p>\u2714\ufe0f Hochwertige Facebook-Likes f\u00fcr deine Seite kaufen<br \/>\n\u2b50 Mit Liefergarantie<br \/>\n\u2b50 Kein Risiko f\u00fcr deine Seite<\/p>\n","protected":false},"featured_media":49359,"comment_status":"open","ping_status":"closed","template":"","meta":{"site-sidebar-layout":"default","site-content-layout":"default","ast-site-content-layout":"default","site-content-style":"default","site-sidebar-style":"default","ast-global-header-display":"","ast-banner-title-visibility":"","ast-main-header-display":"","ast-hfb-above-header-display":"","ast-hfb-below-header-display":"","ast-hfb-mobile-header-display":"","site-post-title":"","ast-breadcrumbs-content":"","ast-featured-img":"","footer-sml-layout":"","ast-disable-related-posts":"","theme-transparent-header-meta":"default","adv-header-id-meta":"","stick-header-meta":"default","header-above-stick-meta":"","header-main-stick-meta":"","header-below-stick-meta":"","astra-migrate-meta-layouts":"default","ast-page-background-enabled":"default","ast-page-background-meta":{"desktop":{"background-color":"","background-image":"","background-repeat":"repeat","background-position":"center center","background-size":"auto","background-attachment":"scroll","background-type":"","background-media":"","overlay-type":"","overlay-color":"","overlay-opacity":"","overlay-gradient":""},"tablet":{"background-color":"","background-image":"","background-repeat":"repeat","background-position":"center center","background-size":"auto","background-attachment":"scroll","background-type":"","background-media":"","overlay-type":"","overlay-color":"","overlay-opacity":"","overlay-gradient":""},"mobile":{"background-color":"","background-image":"","background-repeat":"repeat","background-position":"center center","background-size":"auto","background-attachment":"scroll","background-type":"","background-media":"","overlay-type":"","overlay-color":"","overlay-opacity":"","overlay-gradient":""}},"ast-content-background-meta":{"desktop":{"background-color":"var(--ast-global-color-5)","background-image":"","background-repeat":"repeat","background-position":"center center","background-size":"auto","background-attachment":"scroll","background-type":"","background-media":"","overlay-type":"","overlay-color":"","overlay-opacity":"","overlay-gradient":""},"tablet":{"background-color":"var(--ast-global-color-5)","background-image":"","background-repeat":"repeat","background-position":"center center","background-size":"auto","background-attachment":"scroll","background-type":"","background-media":"","overlay-type":"","overlay-color":"","overlay-opacity":"","overlay-gradient":""},"mobile":{"background-color":"var(--ast-global-color-5)","background-image":"","background-repeat":"repeat","background-position":"center center","background-size":"auto","background-attachment":"scroll","background-type":"","background-media":"","overlay-type":"","overlay-color":"","overlay-opacity":"","overlay-gradient":""}}},"product_brand":[],"product_cat":[475],"product_tag":[],"class_list":{"0":"post-51555","1":"product","2":"type-product","3":"status-publish","4":"has-post-thumbnail","6":"product_cat-facebook-de","7":"desktop-align-center","8":"tablet-align-center","9":"mobile-align-center","10":"ast-product-gallery-layout-first-image-large","11":"ast-product-gallery-with-no-image","12":"ast-magnify-disabled","13":"ast-product-single-variable","14":"ast-product-tabs-layout-horizontal","16":"first","17":"instock","18":"sale","19":"taxable","20":"shipping-taxable","21":"purchasable","22":"product-type-variable"},"_links":{"self":[{"href":"https:\/\/www.likes-kopen.nl\/de\/wp-json\/wp\/v2\/product\/51555","targetHints":{"allow":["GET"]}}],"collection":[{"href":"https:\/\/www.likes-kopen.nl\/de\/wp-json\/wp\/v2\/product"}],"about":[{"href":"https:\/\/www.likes-kopen.nl\/de\/wp-json\/wp\/v2\/types\/product"}],"replies":[{"embeddable":true,"href":"https:\/\/www.likes-kopen.nl\/de\/wp-json\/wp\/v2\/comments?post=51555"}],"wp:featuredmedia":[{"embeddable":true,"href":"https:\/\/www.likes-kopen.nl\/de\/wp-json\/wp\/v2\/media\/49359"}],"wp:attachment":[{"href":"https:\/\/www.likes-kopen.nl\/de\/wp-json\/wp\/v2\/media?parent=51555"}],"wp:term":[{"taxonomy":"product_brand","embeddable":true,"href":"https:\/\/www.likes-kopen.nl\/de\/wp-json\/wp\/v2\/product_brand?post=51555"},{"taxonomy":"product_cat","embeddable":true,"href":"https:\/\/www.likes-kopen.nl\/de\/wp-json\/wp\/v2\/product_cat?post=51555"},{"taxonomy":"product_tag","embeddable":true,"href":"https:\/\/www.likes-kopen.nl\/de\/wp-json\/wp\/v2\/product_tag?post=51555"}],"curies":[{"name":"wp","href":"https:\/\/api.w.org\/{rel}","templated":true}]}}