{"id":51553,"date":"2021-03-27T23:12:38","date_gmt":"2021-03-27T22:12:38","guid":{"rendered":"https:\/\/www.likes-kopen.nl\/product\/youtube-aufrufe-mit-betrachtungsdauer\/"},"modified":"2025-05-02T10:33:59","modified_gmt":"2025-05-02T09:33:59","slug":"youtube-aufrufe-mit-betrachtungsdauer","status":"publish","type":"product","link":"https:\/\/www.likes-kopen.nl\/de\/youtube-aufrufe-mit-betrachtungsdauer\/","title":{"rendered":"YouTube Views mit Watchtime kaufen <\/br> <h2><span style=\"color: #ae60e1;\">Direkt zugestellt<\/span> \ud83d\ude80<\/h2>"},"content":{"rendered":"<div class=\"wpb-content-wrapper\"><p>[vc_row][vc_column][vc_column_text]Der Kauf von YouTube-Views mit Betrachtungszeit geschieht auf eigene Gefahr. Laut den YouTube-Nutzungsbedingungen ist es dir nicht erlaubt, die Aufrufe und deine Sehdauer k\u00fcnstlich zu erh\u00f6hen.<\/p>\n<h2>YouTube Watchtime kaufen<\/h2>\n<p>Mit uns kannst du YouTube-Views mit Betrachtungszeit kaufen, damit dein Video schnell und einfach viel und lange angesehen wird. Au\u00dferdem bekommst du dadurch eine Menge Sehzeit, was deinem Video und deinem Kanal einen guten Schub gibt. Im Durchschnitt werden 4,5 bis 5 Minuten f\u00fcr einen Blick aufgewendet. Willst du 4.000 Stunden Sehdauer erreichen? Dann w\u00e4hle 50.000 Ansichten!<\/p>\n<p>Beachte, dass dein Video mindestens 30 Minuten lang sein muss, um die maximale Anzeigedauer zu erhalten. Wenn dein Video k\u00fcrzer als 30 Minuten ist, kannst du trotzdem eine Bestellung aufgeben, dann ist die Betrachtungsdauer geringer.<\/p>\n<h2>Altersbeschr\u00e4nkung ausschalten<\/h2>\n<p>Um die Zuschauer zu erreichen, muss die Altersbeschr\u00e4nkung des Videos deaktiviert werden. Es ist wichtig, dass das Video f\u00fcr alle Altersgruppen geeignet ist. \u00dcberpr\u00fcfe dies im Zweifelsfall noch einmal.<\/p>\n<h2>Wie kann ich meine Sehdauer auf YouTube erh\u00f6hen?<\/h2>\n<p>Du kannst einfach und schnell mehr Ansichtszeit f\u00fcr deine Videos kaufen und so die Anzahl der Ansichten und die gesamte Ansichtszeit schnell erh\u00f6hen. Videos mit mehr Aufrufen, die l\u00e4nger angeschaut werden, werden h\u00f6her eingestuft und erhalten dadurch mehr Aufmerksamkeit. Mehr Aufmerksamkeit f\u00fchrt wiederum zu mehr Ansichten, Likes und anderen Vorteilen. Es macht also Sinn, Views mit der Betrachtungszeit f\u00fcr dein Video zu kaufen!  <img decoding=\"async\" class=\"size-full wp-image-11721 alignright\" src=\"https:\/\/www.likes-kopen.nl\/wp-content\/uploads\/2014\/07\/meer-youtube-weergaven.jpg\" alt=\"YouTube Views kaufen\" width=\"300\" height=\"409\" srcset=\"https:\/\/www.likes-kopen.nl\/wp-content\/uploads\/2014\/07\/meer-youtube-weergaven.jpg 300w, https:\/\/www.likes-kopen.nl\/wp-content\/uploads\/2014\/07\/meer-youtube-weergaven-220x300.jpg 220w\" sizes=\"(max-width: 300px) 100vw, 300px\" \/><\/p>\n<ul>\n<li>Ab 1.000 Ansichten.<\/li>\n<li>Herkunft der Zuschauer: International<\/li>\n<li>100% qualitativ hochwertige YouTube Views mit Anzeigezeit.<\/li>\n<li>Schnelle Lieferung in. Kleine Zahlen innerhalb von 24 Stunden sind normal.<\/li>\n<li>100% Liefergarantie<\/li>\n<li>Immer die beste Qualit\u00e4t<\/li>\n<li>Lange Betrachtungszeit von etwa 4,5 bis 5 Minuten<\/li>\n<li>Geeignet f\u00fcr Google Adsense<\/li>\n<\/ul>\n<p>Neben Views mit Sehdauer kannst du bei Likes-kopen auch andere YouTube-Produkte kaufen, zum Beispiel <a href=\"https:\/\/www.likes-kopen.nl\/de\/youtube-abonnees-kopen-3\/\">YouTube-Abonnenten<\/a> oder <a href=\"https:\/\/www.likes-kopen.nl\/youtube-likes-kopen\/\">YouTube-Likes<\/a>.<\/p>\n<h2>Noch nie war es so einfach, Ansichtszeit zu kaufen<\/h2>\n<p>Es ist ganz einfach, 500, 1.000, 2.000 oder noch mehr Stunden Sehzeit f\u00fcr dein YouTube-Video zu kaufen! Diese Ansichten mit zugeh\u00f6riger Betrachtungszeit werden schnell geliefert und die Bestellung ist einfach und g\u00fcnstig.<\/p>\n<p>Hast du ein tolles Video gemacht, das mehr Aufmerksamkeit verdient? Dann ist dies der richtige Weg, um dein Video hervorzuheben. Wir liefern qualitativ hochwertige Ansichten <strong>mit langer Betrachtungszeit<\/strong>, was zu mehr Betrachtungszeit f\u00fcr dich f\u00fchrt! Der <a href=\"https:\/\/www.likes-kopen.nl\/youtube-views-kopen\/\">Kauf von YouTube-Aufrufen<\/a> verleiht deinem Video den idealen Look von Popularit\u00e4t und Professionalit\u00e4t.<\/p>\n<h2>YouTube-Partnerprogramm<\/h2>\n<p>Wenn du mit YouTube-Anzeigen (Adsense) Geld verdienen willst, kann der Kauf von Views mit View Time auch zu diesem Ziel beitragen. Mit Hilfe unserer Views erreichst du schneller die gew\u00fcnschte Sehdauer und kannst so mehr Geld mit deinen YouTube-Videos und deinem Kanal verdienen.<\/p>\n<h2>Erh\u00f6he deine Reichweite und Popularit\u00e4t mit unseren Ansichten und Diensten<\/h2>\n<p><img decoding=\"async\" class=\"alignright size-full wp-image-11720\" src=\"https:\/\/www.likes-kopen.nl\/wp-content\/uploads\/\/2014\/07\/youtube-content.jpg\" alt=\"Inhalt youtube video\" width=\"300\" height=\"221\"><\/p>\n<p>Die Bereitstellung von Inhalten ist der Schl\u00fcssel, besonders auf YouTube, wenn es darum geht, Videos f\u00fcr deinen Kanal zu erstellen. Au\u00dferdem kannst du deine anderen Social-Media-Kan\u00e4le, wie z.B. Instagram, nutzen, um auf deinen YouTube-Kanal zu verlinken. Poste zum Beispiel einen kurzen Clip in deinen Insta-Stories, um die Leute wissen zu lassen, dass es ein neues Video gibt. Die &#8222;swipe up&#8220;-Funktion wird oft f\u00fcr diesen Zweck genutzt (kann 10.000 Instagram-Follower erfordern).<\/p>\n<p>Willst du mehr Aufrufe und eine l\u00e4ngere Betrachtungszeit f\u00fcr dein YouTube-Video? Dann warte nicht l\u00e4nger und bestelle deine Ansichten auf dieser Seite.<\/p>\n<h2>Willst du wirklich auf YouTube gl\u00e4nzen?<\/h2>\n<p>W\u00e4hle also unsere <a href=\"https:\/\/www.likes-kopen.nl\/youtube-reacties-kopen\/\">YouTube-Kommentare<\/a>, <a href=\"https:\/\/www.likes-kopen.nl\/youtube-likes-kopen\/\">YouTube-Likes<\/a> und <a href=\"https:\/\/www.likes-kopen.nl\/de\/youtube-abonnees-kopen-3\/\">YouTube-Abonnenten<\/a>. Dieses Komplettpaket hilft dir, alles anzubauen. Deine Abonnentenzahl w\u00e4chst, du bekommst mehr Views (Aufrufe), mehr Likes und Kommentare. Es ist das Gesamtpaket, um deinen Kanal blitzschnell zu vergr\u00f6\u00dfern. Was normalerweise Wochen, Monate oder sogar Jahre dauern w\u00fcrde, kannst du jetzt innerhalb von 2 Tagen erledigen. Wie schnell ist das! Bist du bereit, durch YouTube zu wachsen und etwas zu bewirken?<\/p>\n<p>Sobald wir deine Bestellung erhalten haben, machen wir uns sofort an die Arbeit. Unser Support-Team ist f\u00fcr dich da, wenn du irgendwelche Fragen hast. Wir beantworten gerne deine Fragen, damit du so schnell wie m\u00f6glich mit dem Ausbau deines YouTube-Kanals beginnen kannst.<\/p>\n<h2>Bereit f\u00fcr mehr Sendezeit auf YouTube?<\/h2>\n<p><img decoding=\"async\" class=\"alignright size-full wp-image-11722\" src=\"https:\/\/www.likes-kopen.nl\/wp-content\/uploads\/\/2014\/07\/groter-bereik-youtube.jpg\" alt=\"gr\u00f6\u00dfere Reichweite youtube\" width=\"300\" height=\"157\"><\/p>\n<p>Erweitere deine Online-Reichweite mit unseren Dienstleistungen. Egal, ob es sich um YouTube oder einen anderen Social-Media-Kanal handelt, wir bieten Pakete an, mit denen du online wachsen kannst. Hast du zum Beispiel eine Facebook-Seite mit weniger Likes als dein YouTube-Kanal? Mit unseren Paketen kannst du sofort mehr Likes bekommen.<\/p>\n<h2>Daumen hoch!<\/h2>\n<p>Du kennst das: Am Anfang oder Ende deines Videos sagst du den Zuschauern, dass sie deinen Kanal abonnieren k\u00f6nnen, um kein einziges Video zu verpassen! Aber h\u00f6ren auch alle zu und machen mit? Leider nein, wenn das nur so w\u00e4re. Dann h\u00e4ttest du mit jedem Zuschauer einen zus\u00e4tzlichen Abonnenten. Aber du kannst daf\u00fcr sorgen, dass deine Videos viele Aufrufe bekommen, wodurch sie automatisch interessanter f\u00fcr die Zuschauer werden.<\/p>\n<h2>Willst du mehr Aufmerksamkeit f\u00fcr deine Videos?<\/h2>\n<p>Es kann schwer sein, unter den vielen YouTube-Videos hervorzustechen, selbst wenn du schon einige Zuschauer hast. Aber es gibt legitime Wege, deinen Kanal zu vergr\u00f6\u00dfern. Die Erh\u00f6hung deiner Reichweite h\u00e4ngt von verschiedenen Faktoren ab, wie zum Beispiel von Likes, Views und Kommentaren. Wenn dein Video viele Likes, Kommentare und Aufrufe hat, ist es wahrscheinlicher, dass es auf YouTube popul\u00e4r wird und zum Trend wird! Du kannst dein Video selbst boosten und daf\u00fcr sorgen, dass es ins Rampenlicht ger\u00e4t. Bestelle jetzt 10.000 Views mit Sehdauer f\u00fcr dein Video und erh\u00f6he deine Erfolgschancen!<\/p>\n<h2>Auch ber\u00fchmte YouTuber kaufen Views mit Viewing Time<\/h2>\n<p><img decoding=\"async\" class=\"alignright size-full wp-image-11724\" src=\"https:\/\/www.likes-kopen.nl\/wp-content\/uploads\/\/2014\/07\/bekende-mensen-kopen-youtube-views.jpg\" alt=\"Ber\u00fchmte Leute kaufen youtube Klicks\" width=\"300\" height=\"180\">Es mag dich \u00fcberraschen, dass das heutzutage jeder macht. Es gibt viele gro\u00dfe YouTube-Kan\u00e4le, die regelm\u00e4\u00dfig Kommentare, Likes und Views bestellen. Warum also zur\u00fcckbleiben?<\/p>\n<p>Der Gedanke ist, dass die Leute sich lieber ein Video ansehen, das bereits 50.000 Mal angesehen wurde, anstatt 50. Das w\u00fcrdest du doch selbst tun, oder? Der Kauf von YouTube-Views mit Sehdauer ist eine solche Methode, um schnell mehr Views zu bekommen. Damit machst du dein Video interessant! Also hol dir jetzt die 10.000 Views![\/vc_column_text][\/vc_column][\/vc_row][vc_row css=&#8220;.vc_custom_1598943505858{background-color: #eeeeee !important;}&#8220;][vc_column][vc_btn title=&#8220;YouTube-Aufrufe mit Betrachtungszeit kaufen&#8220; color=&#8220;green&#8220; size=&#8220;lg&#8220; align=&#8220;center&#8220; link=&#8220;url:%23youtube-views-bestellen|&#8220; css=&#8220;.vc_custom_1688995607061{margin-top: -5px !important;}&#8220;][\/vc_column][\/vc_row][vc_row][vc_column][vc_zigzag][\/vc_column][\/vc_row][vc_row][vc_column][vc_masonry_grid post_type=&#8220;product&#8220; max_items=&#8220;4&#8243; element_width=&#8220;3&#8243; grid_id=&#8220;vc_gid:1688995567736-fe4e7ad5-1cf1-4&#8243; taxonomies=&#8220;31&#8243;][\/vc_column][\/vc_row]<\/p>\n<\/div>","protected":false},"excerpt":{"rendered":"<p><a name=\"youtube-views-bestellen\"><\/a><br \/>\n\u2705 Kaufe Aufrufe mit Betrachtungszeit f\u00fcr dein YouTube-Video<br \/>\n\u2b50 Betrachtungszeit von 4,5 bis 5 Minuten pro Ansicht<br \/>\n\u2b50 Das Video muss <strong>30 Minuten<\/strong> lang sein, um die volle Ansichtszeit zu erhalten<\/p>\n<div id=\"gtx-trans\" style=\"position: absolute; left: 167px; top: 134.109px;\">\n<div class=\"gtx-trans-icon\"><\/div>\n<\/div>\n","protected":false},"featured_media":49461,"comment_status":"open","ping_status":"closed","template":"","meta":{"site-sidebar-layout":"no-sidebar","site-content-layout":"plain-container","ast-site-content-layout":"default","site-content-style":"default","site-sidebar-style":"default","ast-global-header-display":"","ast-banner-title-visibility":"","ast-main-header-display":"","ast-hfb-above-header-display":"","ast-hfb-below-header-display":"","ast-hfb-mobile-header-display":"","site-post-title":"disabled","ast-breadcrumbs-content":"","ast-featured-img":"disabled","footer-sml-layout":"","ast-disable-related-posts":"","theme-transparent-header-meta":"default","adv-header-id-meta":"","stick-header-meta":"default","header-above-stick-meta":"","header-main-stick-meta":"","header-below-stick-meta":"","astra-migrate-meta-layouts":"default","ast-page-background-enabled":"default","ast-page-background-meta":{"desktop":{"background-color":"","background-image":"","background-repeat":"repeat","background-position":"center center","background-size":"auto","background-attachment":"scroll","background-type":"","background-media":"","overlay-type":"","overlay-color":"","overlay-opacity":"","overlay-gradient":""},"tablet":{"background-color":"","background-image":"","background-repeat":"repeat","background-position":"center center","background-size":"auto","background-attachment":"scroll","background-type":"","background-media":"","overlay-type":"","overlay-color":"","overlay-opacity":"","overlay-gradient":""},"mobile":{"background-color":"","background-image":"","background-repeat":"repeat","background-position":"center center","background-size":"auto","background-attachment":"scroll","background-type":"","background-media":"","overlay-type":"","overlay-color":"","overlay-opacity":"","overlay-gradient":""}},"ast-content-background-meta":{"desktop":{"background-color":"var(--ast-global-color-5)","background-image":"","background-repeat":"repeat","background-position":"center center","background-size":"auto","background-attachment":"scroll","background-type":"","background-media":"","overlay-type":"","overlay-color":"","overlay-opacity":"","overlay-gradient":""},"tablet":{"background-color":"var(--ast-global-color-5)","background-image":"","background-repeat":"repeat","background-position":"center center","background-size":"auto","background-attachment":"scroll","background-type":"","background-media":"","overlay-type":"","overlay-color":"","overlay-opacity":"","overlay-gradient":""},"mobile":{"background-color":"var(--ast-global-color-5)","background-image":"","background-repeat":"repeat","background-position":"center center","background-size":"auto","background-attachment":"scroll","background-type":"","background-media":"","overlay-type":"","overlay-color":"","overlay-opacity":"","overlay-gradient":""}}},"product_brand":[],"product_cat":[545],"product_tag":[],"class_list":{"0":"post-51553","1":"product","2":"type-product","3":"status-publish","4":"has-post-thumbnail","6":"product_cat-youtube-de","7":"desktop-align-center","8":"tablet-align-center","9":"mobile-align-center","10":"ast-product-gallery-layout-first-image-large","11":"ast-product-gallery-with-no-image","12":"ast-magnify-disabled","13":"ast-product-single-variable","14":"ast-product-tabs-layout-horizontal","16":"first","17":"instock","18":"sale","19":"taxable","20":"shipping-taxable","21":"purchasable","22":"product-type-variable"},"_links":{"self":[{"href":"https:\/\/www.likes-kopen.nl\/de\/wp-json\/wp\/v2\/product\/51553","targetHints":{"allow":["GET"]}}],"collection":[{"href":"https:\/\/www.likes-kopen.nl\/de\/wp-json\/wp\/v2\/product"}],"about":[{"href":"https:\/\/www.likes-kopen.nl\/de\/wp-json\/wp\/v2\/types\/product"}],"replies":[{"embeddable":true,"href":"https:\/\/www.likes-kopen.nl\/de\/wp-json\/wp\/v2\/comments?post=51553"}],"wp:featuredmedia":[{"embeddable":true,"href":"https:\/\/www.likes-kopen.nl\/de\/wp-json\/wp\/v2\/media\/49461"}],"wp:attachment":[{"href":"https:\/\/www.likes-kopen.nl\/de\/wp-json\/wp\/v2\/media?parent=51553"}],"wp:term":[{"taxonomy":"product_brand","embeddable":true,"href":"https:\/\/www.likes-kopen.nl\/de\/wp-json\/wp\/v2\/product_brand?post=51553"},{"taxonomy":"product_cat","embeddable":true,"href":"https:\/\/www.likes-kopen.nl\/de\/wp-json\/wp\/v2\/product_cat?post=51553"},{"taxonomy":"product_tag","embeddable":true,"href":"https:\/\/www.likes-kopen.nl\/de\/wp-json\/wp\/v2\/product_tag?post=51553"}],"curies":[{"name":"wp","href":"https:\/\/api.w.org\/{rel}","templated":true}]}}