{"id":51550,"date":"2020-03-24T11:46:08","date_gmt":"2020-03-24T11:46:08","guid":{"rendered":"https:\/\/www.likes-kopen.nl\/product\/tiktok-ansichten\/"},"modified":"2025-02-07T15:38:31","modified_gmt":"2025-02-07T14:38:31","slug":"tiktok-views-kaufen","status":"publish","type":"product","link":"https:\/\/www.likes-kopen.nl\/de\/tiktok-views-kaufen\/","title":{"rendered":"TikTok-Ansichten kaufen \ud83d\ude80"},"content":{"rendered":"<p>TikTok Views kaufen? Mit uns kannst du genau das tun! 100% risikofrei ist es nicht, weil es gegen die Richtlinien von TikTok verst\u00f6\u00dft.<\/p>\n<h1>TikTok Views kaufen<\/h1>\n<h2>Warum solltest du das tun?<\/h2>\n<p>Erh\u00f6he deine Sichtbarkeit auf TikTok, indem du mehr Aufrufe f\u00fcr deine Videos bekommst!<\/p>\n<p>Wir bekommen oft die gleiche Frage: &#8222;Wie kann ich viele Views auf TikTok bekommen?&#8220;<\/p>\n<p>Das ist \u00e4hnlich wie die Frage &#8222;Wie bekomme ich kostenlose Likes auf Instagram?&#8220;.<\/p>\n<p>Auch wenn die Antworten unterschiedlich ausfallen, bleibt der beste Weg, um mehr Views zu bekommen, derselbe.<\/p>\n<p>Indem du <strong>Aufrufe f\u00fcr dein TikTok-Video<\/strong> kaufst, kannst du schnell popul\u00e4r werden.<\/p>\n<p>Wir bekommen auch oft die Frage: &#8222;Wie viele Views brauche ich auf TikTok, um bezahlt zu werden?&#8220;<\/p>\n<p>Um bezahlt zu werden, brauchst du mehr als 1.000.000 Aufrufe im letzten Monat.<\/p>\n<p>Deshalb ist es sinnvoll, <strong>TikTok-Ansichten zu kaufen<\/strong>.<\/p>\n<h2>Warum ist TikTok wichtig?<\/h2>\n<p>TikTok ist eine sehr beliebte App mit einer riesigen Fangemeinde, vor allem in Asien, aber auch in Europa und Amerika, wo die Menschen sie lieben.<\/p>\n<p>Die Popularit\u00e4t von TikTok w\u00e4chst rasant und andere gro\u00dfe Social-Media-Plattformen wie Instagram k\u00f6nnen daran wenig \u00e4ndern.<\/p>\n<p>Mehr als 2 Milliarden Menschen haben die App TikTok heruntergeladen, und rund 800 Millionen Menschen weltweit loggen sich t\u00e4glich in diese App ein.<\/p>\n<p>Es ist klar, dass diese wachsende Beliebtheit nicht so bald nachlassen wird.<\/p>\n<p>Um deine Pr\u00e4senz aufrechtzuerhalten und als Influencer Geld zu verdienen, ist es wichtig, auf jeder Social-Media-Plattform aktiv zu sein.<\/p>\n<p>Und so auch auf TikTok!<\/p>\n<p>Fr\u00fcher haben die Leute darauf geachtet, wie viele Ansichten und Follower du auf deinem TikTok-Konto hast.<\/p>\n<p>Das ist also sehr wichtig.<\/p>\n<p><img decoding=\"async\" class=\"size-full wp-image-12354 aligncenter\" style=\"font-weight: inherit;\" src=\"https:\/\/www.likes-kopen.nl\/wp-content\/uploads\/\/2020\/03\/tiktok-kijkers-views.jpg\" alt=\"Tiktok Views\" width=\"640\" height=\"480\" srcset=\"https:\/\/www.likes-kopen.nl\/wp-content\/uploads\/2020\/03\/tiktok-kijkers-views.jpg 640w, https:\/\/www.likes-kopen.nl\/wp-content\/uploads\/2020\/03\/tiktok-kijkers-views-510x383.jpg 510w, https:\/\/www.likes-kopen.nl\/wp-content\/uploads\/2020\/03\/tiktok-kijkers-views-300x225.jpg 300w, https:\/\/www.likes-kopen.nl\/wp-content\/uploads\/2020\/03\/tiktok-kijkers-views-462x347.jpg 462w\" sizes=\"(max-width: 640px) 100vw, 640px\" \/><\/p>\n<h2>Warum solltest du TikTok Views kaufen?<\/h2>\n<p>Wenn du viele TikTok-Aufrufe f\u00fcr deine Videos hast, ist es fast garantiert, dass die Leute neugierig auf deine Inhalte werden.<\/p>\n<p>Sie werden versuchen zu verstehen, wie du es geschafft hast, diesen Erfolg zu erreichen.<\/p>\n<p>Wenn du erst einmal TikTok-Ansichten gekauft hast, ist es nur eine Frage der Zeit, bis sie vor Neugierde \u00fcberw\u00e4ltigt sind und anfangen, deine Inhalte anzusehen.<\/p>\n<p>Wenn du ein inspirierender Inhaltsersteller sein und in den sozialen Medien bekannt werden willst, ist es genau das, was du erreichen willst.<\/p>\n<p>Wenn du bereit bist, deine Pr\u00e4senz in den sozialen Medien zu steigern und als erfolgreicher Inhaltsersteller wahrgenommen zu werden, ist es jetzt an der Zeit, TikTok Views zu kaufen.<\/p>\n<p>Unser Service hat sich immer wieder bew\u00e4hrt, wie die positiven R\u00fcckmeldungen zeigen, die wir t\u00e4glich erhalten.<\/p>\n<p>Der Kauf von TikTok-Ansichten ist keine Ausnahme.<\/p>\n<p>Es ist auch attraktiv, deine Videos mit <strong>TikTok-Likes<\/strong> zu erh\u00f6hen.<\/p>\n<p>Zu diesem Zweck kannst du <a href=\"https:\/\/www.likes-kopen.nl\/tiktok-likes-kopen\/\">TikTok-Likes kaufen<\/a>.<\/p>\n<h2>Warum TikTok Views kaufen<\/h2>\n<p>Der Kauf von TikTok Views sorgt daf\u00fcr, dass dein Video \u00f6fter gesehen und angesehen wird. Likes von unseren Views wirst du nicht bekommen, aber von anderen Leuten vielleicht schon.<\/p>\n<p>Denn wenn dein TikTok Video viele Views hat, wird es viel schneller gefunden.<\/p>\n<p>Indem du besser auffindbar bist, ziehst du mehr Aufmerksamkeit auf dich und damit nat\u00fcrlich auch mehr Likes und Follower (Anh\u00e4nger) an, und zwar nicht nur f\u00fcr ein Foto, sondern f\u00fcr deinen gesamten Kanal.<\/p>\n<p>Ansichten k\u00f6nnen also einen positiven Beitrag leisten!<\/p>\n<h2>So bestellst du TikTok Views<\/h2>\n<p>Um die TikTok Views f\u00fcr dein Video zu liefern, m\u00fcssen wir wissen, um welches Video es sich handelt.<\/p>\n<p>Daf\u00fcr brauchen wir den Link (url) von dir.<\/p>\n<p>Mit der TikTok App kannst du den Link kopieren (Link teilen) und in unser Bestellformular einf\u00fcgen.<\/p>\n<ol>\n<li>Gehe zur TikTok App und klicke auf dein Profilsymbol in der unteren rechten Ecke<\/li>\n<li>Klicke auf das Video, zu dem du die Views sehen m\u00f6chtest<\/li>\n<li>Auf der rechten Seite siehst du drei Punkte, die du anklicken musst<\/li>\n<li>W\u00e4hle nun die Option &#8222;Link kopieren&#8220;, die du unter SHARE OP siehst<\/li>\n<\/ol>\n<p>Nachdem du den Link kopiert hast, musst du ihn nur noch an uns weiterleiten.<\/p>\n<p>Dazu h\u00e4ltst du das LINK-Feld auf dem Bestellfeld gedr\u00fcckt und w\u00e4hlst Einf\u00fcgen.<\/p>\n<h2>Die Funktionen von TikTok Views<\/h2>\n<ul>\n<li>Lieferzeit 24\/7: +\/- 1 Stunde<\/li>\n<li>100% sicher f\u00fcr dein Konto<\/li>\n<li>Du bestellst pro einzelnes Video<\/li>\n<li>Bei mehreren Videos f\u00fcge das Produkt erneut mit einem neuen Link hinzu<\/li>\n<li>90 Tage 100% Zufriedenheitsgarantie<\/li>\n<\/ul>\n<p>M\u00f6chtest du nicht nur mehr Views und Likes, sondern auch mehr Follower haben? Hierf\u00fcr kannst du <a href=\"https:\/\/www.likes-kopen.nl\/tiktok-volgers-kopen\/\">TikTok Follower kaufen<\/a>. Und das alles mit unserer ber\u00fchmten 90-t\u00e4gigen 100% Zufriedenheitsgarantie.<\/p>\n<div id=\"gtx-trans\" style=\"position: absolute; left: 643px; top: 1393.1px;\">\n<div class=\"gtx-trans-icon\"><\/div>\n<\/div>\n","protected":false},"excerpt":{"rendered":"<p>\u2714\ufe0f<br \/>\n\u2b50Superschnelle Zugriffe auf dein Video Liefergarantie<\/p>\n<div id=\"gtx-trans\" style=\"position: absolute; left: -31px; top: -2px;\">\n<div class=\"gtx-trans-icon\"><\/div>\n<\/div>\n","protected":false},"featured_media":49446,"comment_status":"open","ping_status":"closed","template":"","meta":{"site-sidebar-layout":"default","site-content-layout":"default","ast-site-content-layout":"default","site-content-style":"default","site-sidebar-style":"default","ast-global-header-display":"","ast-banner-title-visibility":"","ast-main-header-display":"","ast-hfb-above-header-display":"","ast-hfb-below-header-display":"","ast-hfb-mobile-header-display":"","site-post-title":"","ast-breadcrumbs-content":"","ast-featured-img":"","footer-sml-layout":"","ast-disable-related-posts":"","theme-transparent-header-meta":"default","adv-header-id-meta":"","stick-header-meta":"default","header-above-stick-meta":"","header-main-stick-meta":"","header-below-stick-meta":"","astra-migrate-meta-layouts":"set","ast-page-background-enabled":"default","ast-page-background-meta":{"desktop":{"background-color":"","background-image":"","background-repeat":"repeat","background-position":"center center","background-size":"auto","background-attachment":"scroll","background-type":"","background-media":"","overlay-type":"","overlay-color":"","overlay-opacity":"","overlay-gradient":""},"tablet":{"background-color":"","background-image":"","background-repeat":"repeat","background-position":"center center","background-size":"auto","background-attachment":"scroll","background-type":"","background-media":"","overlay-type":"","overlay-color":"","overlay-opacity":"","overlay-gradient":""},"mobile":{"background-color":"","background-image":"","background-repeat":"repeat","background-position":"center center","background-size":"auto","background-attachment":"scroll","background-type":"","background-media":"","overlay-type":"","overlay-color":"","overlay-opacity":"","overlay-gradient":""}},"ast-content-background-meta":{"desktop":{"background-color":"var(--ast-global-color-5)","background-image":"","background-repeat":"repeat","background-position":"center center","background-size":"auto","background-attachment":"scroll","background-type":"","background-media":"","overlay-type":"","overlay-color":"","overlay-opacity":"","overlay-gradient":""},"tablet":{"background-color":"var(--ast-global-color-5)","background-image":"","background-repeat":"repeat","background-position":"center center","background-size":"auto","background-attachment":"scroll","background-type":"","background-media":"","overlay-type":"","overlay-color":"","overlay-opacity":"","overlay-gradient":""},"mobile":{"background-color":"var(--ast-global-color-5)","background-image":"","background-repeat":"repeat","background-position":"center center","background-size":"auto","background-attachment":"scroll","background-type":"","background-media":"","overlay-type":"","overlay-color":"","overlay-opacity":"","overlay-gradient":""}}},"product_brand":[],"product_cat":[554],"product_tag":[],"class_list":{"0":"post-51550","1":"product","2":"type-product","3":"status-publish","4":"has-post-thumbnail","6":"product_cat-tiktok-de","7":"desktop-align-center","8":"tablet-align-center","9":"mobile-align-center","10":"ast-product-gallery-layout-first-image-large","11":"ast-product-gallery-with-no-image","12":"ast-magnify-disabled","13":"ast-product-single-variable","14":"ast-product-tabs-layout-horizontal","16":"first","17":"instock","18":"sale","19":"taxable","20":"shipping-taxable","21":"purchasable","22":"product-type-variable"},"_links":{"self":[{"href":"https:\/\/www.likes-kopen.nl\/de\/wp-json\/wp\/v2\/product\/51550","targetHints":{"allow":["GET"]}}],"collection":[{"href":"https:\/\/www.likes-kopen.nl\/de\/wp-json\/wp\/v2\/product"}],"about":[{"href":"https:\/\/www.likes-kopen.nl\/de\/wp-json\/wp\/v2\/types\/product"}],"replies":[{"embeddable":true,"href":"https:\/\/www.likes-kopen.nl\/de\/wp-json\/wp\/v2\/comments?post=51550"}],"wp:featuredmedia":[{"embeddable":true,"href":"https:\/\/www.likes-kopen.nl\/de\/wp-json\/wp\/v2\/media\/49446"}],"wp:attachment":[{"href":"https:\/\/www.likes-kopen.nl\/de\/wp-json\/wp\/v2\/media?parent=51550"}],"wp:term":[{"taxonomy":"product_brand","embeddable":true,"href":"https:\/\/www.likes-kopen.nl\/de\/wp-json\/wp\/v2\/product_brand?post=51550"},{"taxonomy":"product_cat","embeddable":true,"href":"https:\/\/www.likes-kopen.nl\/de\/wp-json\/wp\/v2\/product_cat?post=51550"},{"taxonomy":"product_tag","embeddable":true,"href":"https:\/\/www.likes-kopen.nl\/de\/wp-json\/wp\/v2\/product_tag?post=51550"}],"curies":[{"name":"wp","href":"https:\/\/api.w.org\/{rel}","templated":true}]}}