{"id":51531,"date":"2021-06-30T16:09:48","date_gmt":"2021-06-30T15:09:48","guid":{"rendered":"https:\/\/www.likes-kopen.nl\/product\/seo-paket-medizin\/"},"modified":"2023-05-20T09:19:42","modified_gmt":"2023-05-20T08:19:42","slug":"seo-paket-medizin","status":"publish","type":"product","link":"https:\/\/www.likes-kopen.nl\/de\/seo-paket-medizin\/","title":{"rendered":"SEO-Paket Medizin"},"content":{"rendered":"<div class=\"wpb-content-wrapper\"><p>[vc_row css=&#8220;.vc_custom_1572805128421{padding-bottom: 20px !important;}&#8220;][vc_column][vc_column_text]<strong>Willst du mit 1 Keyword h\u00f6her in Google ranken? Dann bestelle dieses SEO-Paket!<\/strong>[\/vc_column_text][\/vc_column][\/vc_row][vc_row css=&#8220;.vc_custom_1572804099290{padding-bottom: 50px !important;}&#8220;][vc_column width=&#8220;1\/2&#8243;][vc_column_text]<\/p>\n<h2>Was ist in diesem SEO-Paket enthalten?<\/h2>\n<ul>\n<li>1 luxuri\u00f6ser niederl\u00e4ndischer SEO-Artikel mit 400+ W\u00f6rtern auf einer starken Seite + Bilder + Backlinks zum SEO-Artikel<\/li>\n<li>1 Backlink mit hoher Autorit\u00e4t (hoher DA + PA + TF-Wert) (Niederl\u00e4ndisch)<\/li>\n<li>1 Backlink mit hoher Autorit\u00e4t von einer niederl\u00e4ndischen Homepage.<\/li>\n<li>58 niederl\u00e4ndische Backlinks von Verzeichnisseiten<\/li>\n<li style=\"text-align: left;\"><strong>Optional<\/strong>:\n<ul>\n<li>5.000 soziale Signale auf Facebook<\/li>\n<\/ul>\n<\/li>\n<\/ul>\n<p>[\/vc_column_text][\/vc_column][vc_column width=&#8220;1\/2&#8243; css=&#8220;.vc_custom_1572805089828{margin-top: 40px !important;}&#8220;][vc_single_image image=&#8220;11229&#8243; img_size=&#8220;full&#8220; alignment=&#8220;center&#8220;][\/vc_column][\/vc_row][vc_row css=&#8220;.vc_custom_1572804108269{margin-bottom: 50px !important;}&#8220;][vc_column][vc_column_text]<\/p>\n<h2>Auswirkungen dieses Pakets<\/h2>\n<p>Die Wirkung dieses SEO-Pakets h\u00e4ngt von der jeweiligen Website und dem jeweiligen Keyword ab. Die meisten Kunden sehen innerhalb von 2 Wochen einen Anstieg und damit mehr Besucher. Bei Google gibt es mehr als 200 bekannte Faktoren, die deine Position bei Google beeinflussen. Backlinks haben den gr\u00f6\u00dften Einfluss auf dein Ranking. Deshalb ist es klug, dieses SEO-Paket f\u00fcr dein Keyword oder deine Website zu kaufen. Je weiter unten du in Google rangierst, desto gr\u00f6\u00dfer ist oft der Effekt des Aufsteigens. Optional kannst du uns auch einen Positionsscan durchf\u00fchren lassen, damit du selbst wei\u00dft, wie gut deine Website derzeit rangiert. Ein Qualit\u00e4tsscan kann dir mehr Aufschluss dar\u00fcber geben, wie gut deine Website derzeit performt, und DA-, PA- und TF-Messungen geben dir mehr Aufschluss \u00fcber die St\u00e4rke der angegebenen URL. Also warte nicht und arbeite mit uns zusammen, um eine st\u00e4rkere Zukunft aufzubauen.<\/p>\n<p>Ein zus\u00e4tzlicher Vorteil dieses SEO-Pakets ist, dass die Werte von DA, PA, TF und CF steigen werden. DA steht f\u00fcr Domain Authority, PA f\u00fcr Page Authority, TF f\u00fcr Trust Flow und CF f\u00fcr Citation Flow. Die h\u00f6heren Werte lassen dich oft auch bei anderen Keywords aufsteigen, weil deine Website st\u00e4rker wird.[\/vc_column_text][\/vc_column][\/vc_row][vc_row css=&#8220;.vc_custom_1572804128809{margin-bottom: 50px !important;}&#8220;][vc_column width=&#8220;1\/2&#8243;][vc_column_text]<\/p>\n<h2>Schl\u00fcsselwort angeben<\/h2>\n<p>Wenn du ein Keyword angibst, ist es klug, ein Keyword zu verwenden, das auch auf der Website vorkommt. So kletterst du noch leichter. Du kannst Shorttail- und Longtail-Keywords angeben. Ein Beispiel f\u00fcr ein Short Tail Keyword ist: &#8222;Banane kaufen&#8220;. Ein Beispiel f\u00fcr ein Long Tail Keyword ist &#8222;Banane g\u00fcnstig kaufen&#8220;.[\/vc_column_text][\/vc_column][vc_column width=&#8220;1\/2&#8243; css=&#8220;.vc_custom_1572806059231{margin-top: 20px !important;}&#8220;][vc_single_image image=&#8220;11230&#8243; img_size=&#8220;full&#8220; alignment=&#8220;center&#8220;][\/vc_column][\/vc_row][vc_row css=&#8220;.vc_custom_1572804135912{margin-bottom: 50px !important;}&#8220;][vc_column][vc_column_text]<\/p>\n<h2>Kaufe \u00f6fter ein SEO-Paket<\/h2>\n<p>Du kannst ein SEO-Paket \u00f6fters kaufen. Das kann f\u00fcr dasselbe Keyword sein, aber auch f\u00fcr verschiedene\/mehrere Keywords. So machst du deine Website st\u00e4rker und besser auffindbar, was zu mehr Besuchern und Verk\u00e4ufen f\u00fchrt. Du wirst bei Google besser ranken und besser gefunden werden. Der Kauf eines SEO-Pakets f\u00fcr deine Website ist also sehr hilfreich.[\/vc_column_text][\/vc_column][\/vc_row][vc_row css=&#8220;.vc_custom_1572804142468{margin-bottom: 50px !important;}&#8220;][vc_column width=&#8220;1\/2&#8243;][vc_column_text]<\/p>\n<h2>Wie viel geben die Unternehmen f\u00fcr SEO aus?<\/h2>\n<p>Unternehmen geben jeden Monat viel Geld f\u00fcr SEO aus, weil der Effekt deutlich sp\u00fcrbar ist und sie die Investition schnell wieder einspielen. Gro\u00dfe Unternehmen geben jeden Monat Tausende von Dollar f\u00fcr SEO aus und sind deshalb oft unter den Top 3. Wenn du dich mehr auf die Long-Tail-Keywords konzentrierst, musst du viel weniger investieren, weil du mit diesen Keywords leichter ranken kannst.[\/vc_column_text][\/vc_column][vc_column width=&#8220;1\/2&#8243; css=&#8220;.vc_custom_1572806590612{margin-top: 20px !important;}&#8220;][vc_single_image image=&#8220;11231&#8243; img_size=&#8220;full&#8220; alignment=&#8220;center&#8220;][\/vc_column][\/vc_row][vc_row css=&#8220;.vc_custom_1572804152100{margin-bottom: 50px !important;}&#8220;][vc_column][vc_column_text]<\/p>\n<h2>Mach dein SEO-Paket schnell wieder gut<\/h2>\n<p>Viele Unternehmerinnen und Unternehmer k\u00f6nnen ihr SEO-Paket schnell wieder hereinholen. Die Frage ist ja, wie viele Verk\u00e4ufe du machen musst, um den Kauf dieses SEO-Pakets wieder hereinzuholen. Wenn das ein paar Verk\u00e4ufe sind, hast du dein Geld im Handumdrehen wieder raus.[\/vc_column_text][\/vc_column][\/vc_row][vc_row css=&#8220;.vc_custom_1572804189054{margin-bottom: 50px !important;}&#8220;][vc_column width=&#8220;1\/2&#8243;][vc_column_text]<\/p>\n<h2>Funktioniert das f\u00fcr jede Branche?<\/h2>\n<p>Im Grunde genommen funktioniert unser Backlink-Paket f\u00fcr jede Branche. Schlie\u00dflich bleibt die Methode dieselbe und sie funktioniert. Wir verf\u00fcgen \u00fcber ein gro\u00dfes, umfangreiches Netzwerk, in dem wir fast immer eine perfekte \u00dcbereinstimmung mit deinem Keyword oder deiner Website finden k\u00f6nnen, wovon du l\u00e4ngerfristig profitieren wirst. Au\u00dferdem werden unsere SEO-Artikel individuell verfasst und entsprechen den neuesten Richtlinien von Google. Unser Paket ist nicht nur relevant, sondern erf\u00fcllt auch die Anforderungen der Hummingbird-, Penguin- und Panda-Updates, um nur einige zu nennen.[\/vc_column_text][\/vc_column][vc_column width=&#8220;1\/2&#8243; css=&#8220;.vc_custom_1572806566388{margin-top: 20px !important;}&#8220;][vc_single_image image=&#8220;11232&#8243; img_size=&#8220;full&#8220; alignment=&#8220;center&#8220;][\/vc_column][\/vc_row][vc_row][vc_column][vc_column_text]<\/p>\n<h2>Unser Paket enth\u00e4lt die Mehrwertsteuer<\/h2>\n<p>Alle unsere SEO-Preise enthalten die Mehrwertsteuer. 99 von 100 Kunden, die ein SEO-Paket kaufen, sind Unternehmen, und die k\u00f6nnen die Mehrwertsteuer problemlos zur\u00fcckfordern. F\u00fcr diese Personen werden weitere 21% vom Paketpreis abgezogen. Wir schicken dir eine Standardrechnung per Post, sobald deine Bestellung bei uns eingegangen ist. Wenn du ein kostenloses Konto bei uns eingerichtet hast, kannst du deine Rechnungen auch einfach abrufen und bei Bedarf erneut herunterladen.<\/p>\n<p>Neugierig auf die anderen Produkte? Schau dir zum Beispiel den <a href=\"https:\/\/www.likes-kopen.nl\/de\/produkt\/instagram-follower\/\">Kauf von Instagram-Followern<\/a> oder <a href=\"https:\/\/www.likes-kopen.nl\/de\/produkt\/instagram-likes\/\">Insta-Likes<\/a> an.[\/vc_column_text][\/vc_column][\/vc_row]<\/p>\n<\/div>","protected":false},"excerpt":{"rendered":"<p>H\u00f6her in Google f\u00fcr Medizin selbst kommen<\/p>\n","protected":false},"featured_media":48714,"comment_status":"open","ping_status":"closed","template":"","meta":{"site-sidebar-layout":"no-sidebar","site-content-layout":"plain-container","ast-site-content-layout":"default","site-content-style":"default","site-sidebar-style":"default","ast-global-header-display":"","ast-banner-title-visibility":"","ast-main-header-display":"","ast-hfb-above-header-display":"","ast-hfb-below-header-display":"","ast-hfb-mobile-header-display":"","site-post-title":"disabled","ast-breadcrumbs-content":"","ast-featured-img":"disabled","footer-sml-layout":"","ast-disable-related-posts":"","theme-transparent-header-meta":"default","adv-header-id-meta":"","stick-header-meta":"default","header-above-stick-meta":"","header-main-stick-meta":"","header-below-stick-meta":"","astra-migrate-meta-layouts":"default","ast-page-background-enabled":"default","ast-page-background-meta":{"desktop":{"background-color":"","background-image":"","background-repeat":"repeat","background-position":"center center","background-size":"auto","background-attachment":"scroll","background-type":"","background-media":"","overlay-type":"","overlay-color":"","overlay-opacity":"","overlay-gradient":""},"tablet":{"background-color":"","background-image":"","background-repeat":"repeat","background-position":"center center","background-size":"auto","background-attachment":"scroll","background-type":"","background-media":"","overlay-type":"","overlay-color":"","overlay-opacity":"","overlay-gradient":""},"mobile":{"background-color":"","background-image":"","background-repeat":"repeat","background-position":"center center","background-size":"auto","background-attachment":"scroll","background-type":"","background-media":"","overlay-type":"","overlay-color":"","overlay-opacity":"","overlay-gradient":""}},"ast-content-background-meta":{"desktop":{"background-color":"var(--ast-global-color-5)","background-image":"","background-repeat":"repeat","background-position":"center center","background-size":"auto","background-attachment":"scroll","background-type":"","background-media":"","overlay-type":"","overlay-color":"","overlay-opacity":"","overlay-gradient":""},"tablet":{"background-color":"var(--ast-global-color-5)","background-image":"","background-repeat":"repeat","background-position":"center center","background-size":"auto","background-attachment":"scroll","background-type":"","background-media":"","overlay-type":"","overlay-color":"","overlay-opacity":"","overlay-gradient":""},"mobile":{"background-color":"var(--ast-global-color-5)","background-image":"","background-repeat":"repeat","background-position":"center center","background-size":"auto","background-attachment":"scroll","background-type":"","background-media":"","overlay-type":"","overlay-color":"","overlay-opacity":"","overlay-gradient":""}}},"product_brand":[],"product_cat":[564],"product_tag":[],"class_list":{"0":"post-51531","1":"product","2":"type-product","3":"status-publish","4":"has-post-thumbnail","6":"product_cat-seo-pakete","7":"desktop-align-center","8":"tablet-align-center","9":"mobile-align-center","10":"ast-product-gallery-layout-first-image-large","11":"ast-product-gallery-with-no-image","12":"ast-magnify-disabled","13":"ast-product-tabs-layout-horizontal","15":"first","16":"instock","17":"sale","18":"virtual","19":"taxable","20":"purchasable","21":"product-type-simple"},"_links":{"self":[{"href":"https:\/\/www.likes-kopen.nl\/de\/wp-json\/wp\/v2\/product\/51531","targetHints":{"allow":["GET"]}}],"collection":[{"href":"https:\/\/www.likes-kopen.nl\/de\/wp-json\/wp\/v2\/product"}],"about":[{"href":"https:\/\/www.likes-kopen.nl\/de\/wp-json\/wp\/v2\/types\/product"}],"replies":[{"embeddable":true,"href":"https:\/\/www.likes-kopen.nl\/de\/wp-json\/wp\/v2\/comments?post=51531"}],"wp:featuredmedia":[{"embeddable":true,"href":"https:\/\/www.likes-kopen.nl\/de\/wp-json\/wp\/v2\/media\/48714"}],"wp:attachment":[{"href":"https:\/\/www.likes-kopen.nl\/de\/wp-json\/wp\/v2\/media?parent=51531"}],"wp:term":[{"taxonomy":"product_brand","embeddable":true,"href":"https:\/\/www.likes-kopen.nl\/de\/wp-json\/wp\/v2\/product_brand?post=51531"},{"taxonomy":"product_cat","embeddable":true,"href":"https:\/\/www.likes-kopen.nl\/de\/wp-json\/wp\/v2\/product_cat?post=51531"},{"taxonomy":"product_tag","embeddable":true,"href":"https:\/\/www.likes-kopen.nl\/de\/wp-json\/wp\/v2\/product_tag?post=51531"}],"curies":[{"name":"wp","href":"https:\/\/api.w.org\/{rel}","templated":true}]}}