{"id":51527,"date":"2020-10-20T07:18:23","date_gmt":"2020-10-20T06:18:23","guid":{"rendered":"https:\/\/www.likes-kopen.nl\/product\/tiktok-booster\/"},"modified":"2025-01-18T16:09:46","modified_gmt":"2025-01-18T15:09:46","slug":"tiktok-booster","status":"publish","type":"product","link":"https:\/\/www.likes-kopen.nl\/de\/tiktok-booster\/","title":{"rendered":"TikTok Booster kaufen"},"content":{"rendered":"<h1>TikTok Booster<\/h1>\n<p>Gib deinem Profil und deinem Video einen gro\u00dfen Schub mit unserem TikTok Booster!<\/p>\n<p>Stelle dein eigenes Paket zusammen. W\u00e4hle aus:<\/p>\n<ol>\n<li>Mag<\/li>\n<li>Ansichten<\/li>\n<li>Kommentare<\/li>\n<li>Aktien<\/li>\n<li>Niederl\u00e4ndische Anh\u00e4nger<\/li>\n<\/ol>\n<p>Dieses Paket ist f\u00fcr 1 Video. Gib das Video ein, das du boosten willst. Wir sorgen daf\u00fcr, dass das angegebene Video Likes + Views + Kommentare + Shares bekommt. Du kannst auch niederl\u00e4ndische Follower gewinnen.<\/p>\n<p><img decoding=\"async\" class=\"alignnone wp-image-15691\" src=\"https:\/\/www.likes-kopen.nl\/wp-content\/uploads\/\/2020\/10\/tiktok-views-en-volgers-booster.jpg\" alt=\"tiktok Ansichten und Follower Booster\" width=\"450\" height=\"541\" srcset=\"https:\/\/www.likes-kopen.nl\/wp-content\/uploads\/2020\/10\/tiktok-views-en-volgers-booster.jpg 715w, https:\/\/www.likes-kopen.nl\/wp-content\/uploads\/2020\/10\/tiktok-views-en-volgers-booster-510x613.jpg 510w, https:\/\/www.likes-kopen.nl\/wp-content\/uploads\/2020\/10\/tiktok-views-en-volgers-booster-250x300.jpg 250w, https:\/\/www.likes-kopen.nl\/wp-content\/uploads\/2020\/10\/tiktok-views-en-volgers-booster-462x555.jpg 462w\" sizes=\"(max-width: 450px) 100vw, 450px\" \/><img decoding=\"async\" class=\"alignnone wp-image-15692\" src=\"https:\/\/www.likes-kopen.nl\/wp-content\/uploads\/\/2020\/10\/tiktok-likes-booster.jpg\" alt=\"tiktok mag Booster\" width=\"450\" height=\"541\" srcset=\"https:\/\/www.likes-kopen.nl\/wp-content\/uploads\/2020\/10\/tiktok-likes-booster.jpg 715w, https:\/\/www.likes-kopen.nl\/wp-content\/uploads\/2020\/10\/tiktok-likes-booster-510x613.jpg 510w, https:\/\/www.likes-kopen.nl\/wp-content\/uploads\/2020\/10\/tiktok-likes-booster-250x300.jpg 250w, https:\/\/www.likes-kopen.nl\/wp-content\/uploads\/2020\/10\/tiktok-likes-booster-462x555.jpg 462w\" sizes=\"(max-width: 450px) 100vw, 450px\" \/><\/p>\n<hr>\n<p>Wir m\u00fcssen dich daran erinnern, dass es laut den <a href=\"https:\/\/www.likes-kopen.nl\/tiktok\/\">TikTok-Regeln<\/a> nicht erlaubt ist, Likes\/Views\/Reaktionen\/Shares\/Follower oder etwas \u00c4hnliches f\u00fcr deinen Kanal zu kaufen. TikTok schreibt in den Bedingungen, dass sie Ma\u00dfnahmen ergreifen k\u00f6nnen. Wir sind verpflichtet, dies zu melden. Daher ist das Engagement in den sozialen Medien im Allgemeinen nicht risikofrei.<\/p>\n<hr>\n<h2>Warum den TikTok Booster einsetzen?<\/h2>\n<p>Zun\u00e4chst einmal sorgt der TikTok Booster daf\u00fcr, dass dein Video viele Likes, viele Views, viele Kommentare, viele Shares und dein Account viele Follower bekommt. Das erh\u00f6ht die Chancen, dass dein Video schneller von anderen gesehen und angeschaut wird. Das wiederum kann zu mehr neuen Followern, Likes, Kommentaren und Views f\u00fchren. Nat\u00fcrlich h\u00e4ngt es vom Inhalt ab und davon, ob dein Video den Leuten gef\u00e4llt.  <strong>Je besser dein Video ist, desto mehr Erfolg kannst du damit erzielen.<\/strong><\/p>\n<h2>Was brauchen wir von dir?<\/h2>\n<p>Alles, was wir von dir brauchen, um den TikTok-Booster einzusetzen, ist der Link zu deinem Video. So wissen wir, f\u00fcr welches Video du Likes + Views + Kommentare + Shares bekommen m\u00f6chtest. Gleichzeitig wissen wir dann, welchem Profil die TikTok-Follower beitreten sollten.<\/p>\n<h2>Wie kopierst du den Link und f\u00fcgst ihn ein?<\/h2>\n<p>Zum Teilen gehen -&gt;  Link kopieren -&gt;  und f\u00fcge sie in das Bestellformular auf unserer Website ein. Dann geh zur Kasse, und wir schicken dir das Paket so schnell wie m\u00f6glich zu.<\/p>\n<h2>Lieferzeit und Eigenschaften des TikTok Boosters<\/h2>\n<ul>\n<li>Die meisten Auftr\u00e4ge werden fast sofort ausgef\u00fchrt.<\/li>\n<li>Dieses Paket ist zu 99,9% stabil<\/li>\n<li>Likes, Views, Kommentare und Shares kommen aus der ganzen Welt.<\/li>\n<li>Die Anh\u00e4nger kommen aus den Niederlanden<\/li>\n<li>Gib 1 Video deiner Wahl ein.<\/li>\n<\/ul>\n<p>Du kannst den TikTok Booster nicht nur kaufen, sondern auch <a href=\"https:\/\/www.likes-kopen.nl\/tiktok-volgers-kopen\/\">TikTok Follower<\/a> und <a href=\"https:\/\/www.likes-kopen.nl\/tiktok-likes-kopen\/\">TikTok Likes separat erwerben<\/a>.<\/p>\n","protected":false},"excerpt":{"rendered":"<p>\u2714\ufe0f<br \/>\n\u2b50<br \/>\n\ud83d\udce6Boost dein Profil + Video Liefergarantie W\u00e4hle die Anzahl der Likes, Views, Kommentare, Shares und Follower!<\/p>\n","protected":false},"featured_media":48983,"comment_status":"open","ping_status":"closed","template":"","meta":{"site-sidebar-layout":"default","site-content-layout":"default","ast-site-content-layout":"default","site-content-style":"default","site-sidebar-style":"default","ast-global-header-display":"","ast-banner-title-visibility":"","ast-main-header-display":"","ast-hfb-above-header-display":"","ast-hfb-below-header-display":"","ast-hfb-mobile-header-display":"","site-post-title":"","ast-breadcrumbs-content":"","ast-featured-img":"","footer-sml-layout":"","ast-disable-related-posts":"","theme-transparent-header-meta":"default","adv-header-id-meta":"","stick-header-meta":"default","header-above-stick-meta":"","header-main-stick-meta":"","header-below-stick-meta":"","astra-migrate-meta-layouts":"default","ast-page-background-enabled":"default","ast-page-background-meta":{"desktop":{"background-color":"","background-image":"","background-repeat":"repeat","background-position":"center center","background-size":"auto","background-attachment":"scroll","background-type":"","background-media":"","overlay-type":"","overlay-color":"","overlay-opacity":"","overlay-gradient":""},"tablet":{"background-color":"","background-image":"","background-repeat":"repeat","background-position":"center center","background-size":"auto","background-attachment":"scroll","background-type":"","background-media":"","overlay-type":"","overlay-color":"","overlay-opacity":"","overlay-gradient":""},"mobile":{"background-color":"","background-image":"","background-repeat":"repeat","background-position":"center center","background-size":"auto","background-attachment":"scroll","background-type":"","background-media":"","overlay-type":"","overlay-color":"","overlay-opacity":"","overlay-gradient":""}},"ast-content-background-meta":{"desktop":{"background-color":"var(--ast-global-color-5)","background-image":"","background-repeat":"repeat","background-position":"center center","background-size":"auto","background-attachment":"scroll","background-type":"","background-media":"","overlay-type":"","overlay-color":"","overlay-opacity":"","overlay-gradient":""},"tablet":{"background-color":"var(--ast-global-color-5)","background-image":"","background-repeat":"repeat","background-position":"center center","background-size":"auto","background-attachment":"scroll","background-type":"","background-media":"","overlay-type":"","overlay-color":"","overlay-opacity":"","overlay-gradient":""},"mobile":{"background-color":"var(--ast-global-color-5)","background-image":"","background-repeat":"repeat","background-position":"center center","background-size":"auto","background-attachment":"scroll","background-type":"","background-media":"","overlay-type":"","overlay-color":"","overlay-opacity":"","overlay-gradient":""}}},"product_brand":[],"product_cat":[554],"product_tag":[],"class_list":{"0":"post-51527","1":"product","2":"type-product","3":"status-publish","4":"has-post-thumbnail","6":"product_cat-tiktok-de","7":"desktop-align-center","8":"tablet-align-center","9":"mobile-align-center","10":"ast-product-gallery-layout-first-image-large","11":"ast-product-gallery-with-no-image","12":"ast-magnify-disabled","13":"ast-product-single-variable","14":"ast-product-tabs-layout-horizontal","16":"first","17":"instock","18":"sale","19":"taxable","20":"shipping-taxable","21":"purchasable","22":"product-type-variable"},"_links":{"self":[{"href":"https:\/\/www.likes-kopen.nl\/de\/wp-json\/wp\/v2\/product\/51527","targetHints":{"allow":["GET"]}}],"collection":[{"href":"https:\/\/www.likes-kopen.nl\/de\/wp-json\/wp\/v2\/product"}],"about":[{"href":"https:\/\/www.likes-kopen.nl\/de\/wp-json\/wp\/v2\/types\/product"}],"replies":[{"embeddable":true,"href":"https:\/\/www.likes-kopen.nl\/de\/wp-json\/wp\/v2\/comments?post=51527"}],"wp:featuredmedia":[{"embeddable":true,"href":"https:\/\/www.likes-kopen.nl\/de\/wp-json\/wp\/v2\/media\/48983"}],"wp:attachment":[{"href":"https:\/\/www.likes-kopen.nl\/de\/wp-json\/wp\/v2\/media?parent=51527"}],"wp:term":[{"taxonomy":"product_brand","embeddable":true,"href":"https:\/\/www.likes-kopen.nl\/de\/wp-json\/wp\/v2\/product_brand?post=51527"},{"taxonomy":"product_cat","embeddable":true,"href":"https:\/\/www.likes-kopen.nl\/de\/wp-json\/wp\/v2\/product_cat?post=51527"},{"taxonomy":"product_tag","embeddable":true,"href":"https:\/\/www.likes-kopen.nl\/de\/wp-json\/wp\/v2\/product_tag?post=51527"}],"curies":[{"name":"wp","href":"https:\/\/api.w.org\/{rel}","templated":true}]}}