{"id":268963,"date":"2023-12-06T06:56:18","date_gmt":"2023-12-06T05:56:18","guid":{"rendered":"https:\/\/www.likes-kopen.nl\/?post_type=product&#038;p=268963"},"modified":"2025-01-23T04:51:35","modified_gmt":"2025-01-23T03:51:35","slug":"tiktok-shares-kaufen","status":"publish","type":"product","link":"https:\/\/www.likes-kopen.nl\/de\/tiktok-shares-kaufen\/","title":{"rendered":"TikTok-Aktien kaufen"},"content":{"rendered":"<h1>TikTok-Aktien kaufen<\/h1>\n<p>TikTok-Aktien kaufen? Hier kannst du das einfach tun! Wir m\u00fcssen dir allerdings sagen, dass der Kauf von Aktien nicht den Richtlinien von <a href=\"https:\/\/www.likes-kopen.nl\/tiktok\/\">TikTok<\/a> entspricht und unser Produkt daher nicht 100% risikofrei ist.<\/p>\n<p>Mit TikTok-Shares wird dein TikTok-Video geteilt. Shares helfen dabei, dein Video einem neuen Publikum zug\u00e4nglich zu machen. <\/p>\n<h2>Mehr Likes f\u00fcr dein Video? Auch das ist m\u00f6glich!<\/h2>\n<p>Willst du mehr Likes f\u00fcr dein TikTok-Video? Auch darum k\u00f6nnen wir uns k\u00fcmmern.<\/p>\n<p>Schlie\u00dflich kannst du <a href=\"https:\/\/www.likes-kopen.nl\/tiktok-likes-kopen\/\">TikTok-Likes<\/a> auch separat <a href=\"https:\/\/www.likes-kopen.nl\/tiktok-likes-kopen\/\">kaufen<\/a>.<\/p>\n<p>Wir liefern sie blitzschnell und mit Garantie!<\/p>\n<p>Neben Likes kannst du dein Profil auch mit unseren TikTok-Followern st\u00e4rken.<\/p>\n<p>Hierf\u00fcr kannst du <a href=\"https:\/\/www.likes-kopen.nl\/tiktok-volgers-kopen\/\">TikTok Follower kaufen<\/a>.<\/p>\n<p>Auch auf TikTok Follower erh\u00e4ltst du unsere ber\u00fchmte 90-t\u00e4gige 100%-Zufriedenheitsgarantie!<\/p>\n<div id=\"gtx-trans\" style=\"position: absolute; left: 643px; top: 1393.1px;\">\n<div class=\"gtx-trans-icon\"><\/div>\n<\/div>\n<h2>Rabatt auf deine n\u00e4chste Bestellung?<\/h2>\n<p>Erstelle ein kostenloses Konto bei uns und erhalte bei jeder Bestellung Treuepunkte.<\/p>\n<p>Diese Treuepunkte werden in deinem Konto gespeichert.<\/p>\n<p>Wenn du das n\u00e4chste Mal bei uns einkaufst, kannst du diese Punkte gleich f\u00fcr Rabatte einl\u00f6sen.<\/p>\n<p>So wirst du bei deiner n\u00e4chsten Bestellung noch g\u00fcnstiger oder shoppst sogar ganz umsonst!<\/p>\n","protected":false},"excerpt":{"rendered":"<p>Steigere deine TikTok-Videos mit tausenden von Shares. Kaufe ganz einfach TikTok-Anteile und erh\u00f6he deine Reichweite sofort!<\/p>\n<p><strong> Likes-kopen Die Vorteile von auf einen Blick: <\/strong><br \/>\n\u2705<br \/>\n\ud83d\udcb0<br \/>\n\ud83d\udd12<br \/>\n\ud83d\ude80 Zuverl\u00e4ssig, 9+ Jahre Erfahrung Bestes Preis-Leistungs-Verh\u00e4ltnis 100% Sicher, keine Anmeldung erforderlich Superschnelle &amp; organische Lieferung<\/p>\n","protected":false},"featured_media":55325,"comment_status":"open","ping_status":"closed","template":"","meta":{"site-sidebar-layout":"default","site-content-layout":"default","ast-site-content-layout":"default","site-content-style":"default","site-sidebar-style":"default","ast-global-header-display":"","ast-banner-title-visibility":"","ast-main-header-display":"","ast-hfb-above-header-display":"","ast-hfb-below-header-display":"","ast-hfb-mobile-header-display":"","site-post-title":"","ast-breadcrumbs-content":"","ast-featured-img":"","footer-sml-layout":"","ast-disable-related-posts":"","theme-transparent-header-meta":"default","adv-header-id-meta":"","stick-header-meta":"default","header-above-stick-meta":"","header-main-stick-meta":"","header-below-stick-meta":"","astra-migrate-meta-layouts":"set","ast-page-background-enabled":"default","ast-page-background-meta":{"desktop":{"background-color":"","background-image":"","background-repeat":"repeat","background-position":"center center","background-size":"auto","background-attachment":"scroll","background-type":"","background-media":"","overlay-type":"","overlay-color":"","overlay-opacity":"","overlay-gradient":""},"tablet":{"background-color":"","background-image":"","background-repeat":"repeat","background-position":"center center","background-size":"auto","background-attachment":"scroll","background-type":"","background-media":"","overlay-type":"","overlay-color":"","overlay-opacity":"","overlay-gradient":""},"mobile":{"background-color":"","background-image":"","background-repeat":"repeat","background-position":"center center","background-size":"auto","background-attachment":"scroll","background-type":"","background-media":"","overlay-type":"","overlay-color":"","overlay-opacity":"","overlay-gradient":""}},"ast-content-background-meta":{"desktop":{"background-color":"var(--ast-global-color-5)","background-image":"","background-repeat":"repeat","background-position":"center center","background-size":"auto","background-attachment":"scroll","background-type":"","background-media":"","overlay-type":"","overlay-color":"","overlay-opacity":"","overlay-gradient":""},"tablet":{"background-color":"var(--ast-global-color-5)","background-image":"","background-repeat":"repeat","background-position":"center center","background-size":"auto","background-attachment":"scroll","background-type":"","background-media":"","overlay-type":"","overlay-color":"","overlay-opacity":"","overlay-gradient":""},"mobile":{"background-color":"var(--ast-global-color-5)","background-image":"","background-repeat":"repeat","background-position":"center center","background-size":"auto","background-attachment":"scroll","background-type":"","background-media":"","overlay-type":"","overlay-color":"","overlay-opacity":"","overlay-gradient":""}}},"product_brand":[],"product_cat":[554],"product_tag":[],"class_list":{"0":"post-268963","1":"product","2":"type-product","3":"status-publish","4":"has-post-thumbnail","6":"product_cat-tiktok-de","7":"desktop-align-center","8":"tablet-align-center","9":"mobile-align-center","10":"ast-product-gallery-layout-first-image-large","11":"ast-product-gallery-with-no-image","12":"ast-magnify-disabled","13":"ast-product-single-variable","14":"ast-product-tabs-layout-horizontal","16":"first","17":"instock","18":"sale","19":"taxable","20":"shipping-taxable","21":"purchasable","22":"product-type-variable"},"_links":{"self":[{"href":"https:\/\/www.likes-kopen.nl\/de\/wp-json\/wp\/v2\/product\/268963","targetHints":{"allow":["GET"]}}],"collection":[{"href":"https:\/\/www.likes-kopen.nl\/de\/wp-json\/wp\/v2\/product"}],"about":[{"href":"https:\/\/www.likes-kopen.nl\/de\/wp-json\/wp\/v2\/types\/product"}],"replies":[{"embeddable":true,"href":"https:\/\/www.likes-kopen.nl\/de\/wp-json\/wp\/v2\/comments?post=268963"}],"wp:featuredmedia":[{"embeddable":true,"href":"https:\/\/www.likes-kopen.nl\/de\/wp-json\/wp\/v2\/media\/55325"}],"wp:attachment":[{"href":"https:\/\/www.likes-kopen.nl\/de\/wp-json\/wp\/v2\/media?parent=268963"}],"wp:term":[{"taxonomy":"product_brand","embeddable":true,"href":"https:\/\/www.likes-kopen.nl\/de\/wp-json\/wp\/v2\/product_brand?post=268963"},{"taxonomy":"product_cat","embeddable":true,"href":"https:\/\/www.likes-kopen.nl\/de\/wp-json\/wp\/v2\/product_cat?post=268963"},{"taxonomy":"product_tag","embeddable":true,"href":"https:\/\/www.likes-kopen.nl\/de\/wp-json\/wp\/v2\/product_tag?post=268963"}],"curies":[{"name":"wp","href":"https:\/\/api.w.org\/{rel}","templated":true}]}}