{"id":51300,"date":"2017-11-21T10:01:17","date_gmt":"2017-11-21T09:01:17","guid":{"rendered":"https:\/\/www.likes-kopen.nl\/faq-haeufig-gestellte-fragen\/"},"modified":"2025-03-12T14:51:34","modified_gmt":"2025-03-12T13:51:34","slug":"faq-haeufig-gestellte-fragen","status":"publish","type":"page","link":"https:\/\/www.likes-kopen.nl\/de\/faq-haeufig-gestellte-fragen\/","title":{"rendered":"FAQ &#8211; H\u00e4ufig gestellte Fragen"},"content":{"rendered":"<div class=\"wpb-content-wrapper\"><p>[vc_row][vc_column][vc_column_text]Du kannst die Antworten auf alle Fragen auf dieser <strong>FAQ-Seite<\/strong> finden. Ist die Antwort oder die Anleitung nicht aufgef\u00fchrt? Dann <a href=\"https:\/\/www.likes-kopen.nl\/de\/kontakt\/\">kontaktiere<\/a> uns.[\/vc_column_text][\/vc_column][\/vc_row][vc_row][vc_column width=&#8220;1\/6&#8243;][\/vc_column][vc_column width=&#8220;4\/6&#8243; css=&#8220;.vc_custom_1547737993956{border-radius: 1px !important;}&#8220;][vc_column_text css=&#8220;.vc_custom_1634220656570{background-color: #ffffff !important;}&#8220;]<\/p>\n<h2 style=\"background-color: #c5e6ff;\"><img decoding=\"async\" class=\"alignnone size-full wp-image-89\" src=\"https:\/\/www.likes-kopen.nl\/wp-content\/uploads\/\/2014\/07\/Facebook_teller1.png\" alt=\"\" width=\"48\" height=\"48\"> <span style=\"color: #000080;\">Fragen auf Facebook<\/span><\/h2>\n<hr>\n<h2>Wie kann ich die Kategorie meiner Facebook-Seite \u00e4ndern?<\/h2>\n<p>Logge dich auf deiner Facebook-Seite ein und klicke auf INFO. Hier wird die \u00dcberschrift &#8222;Allgemein&#8220; angezeigt. Dort kannst du die Kategorie \u00e4ndern. Manchmal musst du die alte Kategorie erst l\u00f6schen, bevor du eine neue hinzuf\u00fcgen kannst. Der Wechsel erfolgt sofort und kann auf unbestimmte Zeit durchgef\u00fchrt werden.<\/p>\n<p>&nbsp;<\/p>\n<h2>Wie entferne ich Likes von meiner Facebook-Seite?<\/h2>\n<p>Logge dich auf deiner Facebook-Seite ein. Klicke auf EINSTELLUNGEN. In der linken Spalte klickst du auf &#8222;Personen und andere Seiten&#8220;. Hier erscheint ein Suchfeld, in das du den Namen der Person eingeben kannst. Du kannst auch durch die Liste bl\u00e4ttern, um Personen auszuw\u00e4hlen (markiere das K\u00e4stchen). Klicke dann auf das Zahnrad-Symbol und w\u00e4hle &#8222;Von Seiten-Likes entfernen&#8220;.<\/p>\n<p>&nbsp;<\/p>\n<h2>Warum sollten Kampagnen nicht w\u00e4hrend der Lieferung von Likes laufen?<\/h2>\n<p>Unser Ansatz ist es, mit der \u00d6ffentlichkeit wie mit einem Z\u00e4hler zu arbeiten. Wenn du eine Kampagne laufen hast, die m\u00f6glicherweise Likes generiert, werden diese als &#8222;geliefert&#8220; gez\u00e4hlt. Wenn dich das nicht st\u00f6rt, kannst du die Kampagne weiterlaufen lassen.<\/p>\n<p>&nbsp;<\/p>\n<h2>Warum l\u00e4dst du nicht deine Freunde ein, wenn du Likes bekommst?<\/h2>\n<p>Wenn du anf\u00e4ngst, Freunde einzuladen, w\u00e4hrend du <a href=\"https:\/\/www.likes-kopen.nl\/instagram-likes-kopen\/\">Likes bestellst<\/a>, z\u00e4hlen wir die Likes deiner Freunde m\u00f6glicherweise als &#8222;geliefert&#8220;. In der Tat arbeiten wir mit der \u00d6ffentlichkeit wie ein Z\u00e4hler auf deiner Seite. Das ist unsere Referenz. Die Startzahl + die bestellte Zahl = die Endzahl. Wenn zwischendurch Likes au\u00dferhalb von uns hinzugef\u00fcgt werden, z\u00e4hlen wir sie ebenfalls. Deshalb ist es besser zu warten, bevor du Wahlkampf machst oder Freunde einl\u00e4dst.<\/p>\n<p>&nbsp;<\/p>\n<h2>Warum sollte die Seite \u00f6ffentlich sein?<\/h2>\n<p>Auf Facebook kannst du verschiedene Einstellungen vornehmen, um deine Seite zu sch\u00fctzen. Damit kannst du also verhindern, dass eine bestimmte Zielgruppe deine Seite nicht sieht. Denke an Alters- oder Landbeschr\u00e4nkungen.<\/p>\n<p>Wenn du bei uns <a href=\"https:\/\/www.likes-kopen.nl\/de\/facebook-pagina-likes-kopen-2\/\">Facebook-Seiten-Likes<\/a> bestellst, muss deine <a href=\"https:\/\/www.likes-kopen.nl\/facebook\/facebook-profiel-openbaar-maken\/\">Seite vollst\u00e4ndig \u00f6ffentlich<\/a> sein. So k\u00f6nnen Menschen deine Seite auch dann m\u00f6gen, wenn sie \u00e4lter oder j\u00fcnger sind oder im Ausland Urlaub machen. Auf diese Weise k\u00f6nnen wir die Likes f\u00fcr dich schneller bekommen.<\/p>\n<p>&nbsp;<\/p>\n<h2>Wie gro\u00df ist das Facebook-Titelbild?<\/h2>\n<p>Die Gr\u00f6\u00dfe des Titelbildes deiner Facebook-Seite betr\u00e4gt 851 x 315 Pixel.[\/vc_column_text][vc_zigzag color=&#8220;blue&#8220;][\/vc_column][vc_column width=&#8220;1\/6&#8243;][\/vc_column][\/vc_row][vc_row][vc_column width=&#8220;1\/6&#8243;][\/vc_column][vc_column width=&#8220;4\/6&#8243;][vc_column_text]<\/p>\n<h2 style=\"background-color: #c5e6ff;\"><img decoding=\"async\" class=\"alignnone size-full wp-image-2710\" src=\"https:\/\/www.likes-kopen.nl\/wp-content\/uploads\/\/2016\/10\/nieuw-instagram-logo.png\" alt=\"neues-instagram-logo\" width=\"64\" height=\"64\"> <span style=\"color: #333399;\">Fragen auf Instagram<\/span><\/h2>\n<hr>\n<h2>Wie entferne ich Likes von meinem Instagram-Post\/ meiner Instagram-Nachricht?<\/h2>\n<p>Die einzige M\u00f6glichkeit, <a href=\"https:\/\/www.likes-kopen.nl\/instagram-likes-kopen\/\">Likes<\/a> aus einem Beitrag auf Instagram zu entfernen, ist, den Beitrag zu l\u00f6schen und neu zu posten.<\/p>\n<p>&nbsp;<\/p>\n<h2>Wird der Automatisierungsprozess mir echte Follower bringen?<\/h2>\n<p>In 99,9 % der F\u00e4lle <a href=\"https:\/\/www.likes-kopen.nl\/nederlandse-instagram-volgers-kopen\/\">gewinnst du echte Follower<\/a>. Nat\u00fcrlich kann es passieren, dass ein Roboter auch antwortet, aber die Wahrscheinlichkeit ist sehr gering. Der Automatisierungsprozess spricht Menschen mit den angegebenen Interessen an und provoziert Interaktion. Echte Menschen reagieren in vielen F\u00e4llen darauf und Roboter nicht.<\/p>\n<p>&nbsp;<\/p>\n<h2>Wie ich meinen Instagram-Account aus der Privatsph\u00e4re nehme<\/h2>\n<p>F\u00fcr ein &#8222;Nicht-Gesch\u00e4ftskonto&#8220;: \u00d6ffne die App auf deinem Telefon oder Tablet. Klicke auf die 3 Punkte oben rechts auf deinem Bildschirm. Scrolle runter zu KONTO und klicke auf &#8222;Privatkonto&#8220;. Der Balken sollte grau und nicht blau sein. Blau ist an und grau ist aus. Out bedeutet \u00f6ffentlich.<\/p>\n<p><img decoding=\"async\" class=\"alignnone size-full wp-image-7752\" src=\"https:\/\/www.likes-kopen.nl\/wp-content\/uploads\/\/2017\/03\/instagram-profiel-openbaar-maken.jpg\" alt=\"Instagram-Profil offenlegen\" width=\"685\" height=\"650\" srcset=\"https:\/\/www.likes-kopen.nl\/wp-content\/uploads\/2017\/03\/instagram-profiel-openbaar-maken.jpg 685w, https:\/\/www.likes-kopen.nl\/wp-content\/uploads\/2017\/03\/instagram-profiel-openbaar-maken-510x484.jpg 510w, https:\/\/www.likes-kopen.nl\/wp-content\/uploads\/2017\/03\/instagram-profiel-openbaar-maken-300x285.jpg 300w\" sizes=\"(max-width: 685px) 100vw, 685px\" \/>[\/vc_column_text][vc_zigzag color=&#8220;blue&#8220;][\/vc_column][vc_column width=&#8220;1\/6&#8243;][\/vc_column][\/vc_row][vc_row][vc_column width=&#8220;1\/6&#8243;][\/vc_column][vc_column width=&#8220;4\/6&#8243;][vc_column_text]<\/p>\n<h2 style=\"background-color: #c5e6ff;\"><img decoding=\"async\" class=\"alignleft size-full wp-image-4955\" src=\"https:\/\/www.likes-kopen.nl\/wp-content\/uploads\/\/2017\/11\/winkelwagen.png\" alt=\"Einkaufswagen\" width=\"32\" height=\"32\"><span style=\"color: #333399;\">Einkaufen und Bestellen<\/span><\/h2>\n<hr>\n<h2>Wie man ein Produkt bestellt<\/h2>\n<p>Oben in der Men\u00fcleiste siehst du verschiedene Kan\u00e4le. Wenn du deine Maus darauf h\u00e4ltst (Desktop), klappt das Men\u00fc auf. W\u00e4hle hier ein Produkt aus und klicke es an. Dir werden dann die Nummern angezeigt, aus denen du w\u00e4hlen kannst.<\/p>\n<p>Klicke auf das Bild. Dann werden die Produktinformationen angezeigt. Auf der rechten Seite des Bildschirms (Desktop) siehst du einen grauen Bereich mit einer Schaltfl\u00e4che &#8222;Hinzuf\u00fcgen&#8220;. \u00dcber dieser Schaltfl\u00e4che befindet sich auch ein <strong>Eingabefeld<\/strong>.<\/p>\n<p>Gib in das Eingabefeld den URL\/Seitennamen ein. Klicke dann auf die Schaltfl\u00e4che, um das Produkt in den Einkaufswagen zu legen.<\/p>\n<p>Du gelangst dann automatisch zum Kassenbildschirm. Wenn du mehr Produkte bestellen m\u00f6chtest, kannst du wieder eine Kategorie aus der Men\u00fcleiste ausw\u00e4hlen. Alle hinzugef\u00fcgten Produkte bleiben in den Ladenw\u00e4chtern.  [\/toggle]<\/p>\n<p>&nbsp;<\/p>\n<h2>Sind meine Daten in sicheren H\u00e4nden<\/h2>\n<p>Wir respektieren die <a href=\"https:\/\/www.likes-kopen.nl\/de\/datenschutzrichtlinie\/\">Privatsph\u00e4re<\/a> unserer Kunden und halten uns an die neue AVG-Gesetzgebung! Niemand wird wissen, dass du Kunde bei uns bist. Deine Daten werden niemals weiterverkauft oder f\u00fcr Marketingzwecke verwendet.<\/p>\n<p>&nbsp;<\/p>\n<h2>Bekomme ich eine Rechnung von dir?<\/h2>\n<p>Wir schicken automatisch eine Rechnung, sobald die Zahlung erfolgt ist. Du wirst sie in deinem Postfach erhalten.<br \/>Wenn du keine E-Mail erhalten hast, kann es sein, dass sie in <strong>SPAM<\/strong> oder in <strong>REQUEST<\/strong> gelandet ist. Wenn dies der Fall ist, empfehlen wir dir, OUR als Absender als SAFE zu markieren. Auf diese Weise erreichen dich die folgenden Mails.<\/p>\n<p>Wenn sie nicht in einer Spam-Box oder unerw\u00fcnscht ist, k\u00f6nnte es trotzdem sein, dass die angegebene E-Mail-Adresse nicht korrekt eingegeben wurde. In diesem Fall <a href=\"https:\/\/www.likes-kopen.nl\/de\/kontakt\/\">kontaktiere<\/a> uns bitte.<\/p>\n<p>&nbsp;<\/p>\n<h2>Ich habe keine E-Mail erhalten, ist das richtig?<\/h2>\n<p>Nach jeder Bestellung erh\u00e4ltst du automatisch eine Best\u00e4tigung von uns. Wenn du keine E-Mail erhalten hast, kann es sein, dass sie im <strong>SPAM<\/strong> oder in <strong>UNWANTED<\/strong> gelandet ist. Wenn dies der Fall ist, empfehlen wir dir, OUR als Absender als SAFE zu markieren. Auf diese Weise erreichen dich die folgenden Mails.<\/p>\n<p>Wenn sie nicht in einer Spam-Box oder unerw\u00fcnscht ist, k\u00f6nnte es trotzdem sein, dass die angegebene E-Mail-Adresse nicht korrekt eingegeben wurde. In diesem Fall <a href=\"https:\/\/www.likes-kopen.nl\/de\/kontakt\/\">kontaktiere<\/a> uns bitte.<\/p>\n<p>&nbsp;<\/p>\n<h2>Was ist die durchschnittliche Lieferzeit<\/h2>\n<p>F\u00fcr jedes Produkt ist eine Lieferzeit angegeben. In 80% der F\u00e4lle liefern wir das bestellte Produkt innerhalb von 24 Stunden. Bestellungen, die au\u00dferhalb der Gesch\u00e4ftszeiten aufgegeben werden, werden am n\u00e4chsten Werktag abgeholt und erf\u00fcllt. Du erh\u00e4ltst immer eine E-Mail von uns, sobald wir mit der Lieferung beginnen.<\/p>\n<p>&nbsp;<\/p>\n<h2>Was bringt die Garantie mit sich?<\/h2>\n<p>Mit Garantie meinen wir, dass du die von dir bestellte Anzahl garantiert bekommst.[\/vc_column_text][vc_zigzag color=&#8220;blue&#8220;][\/vc_column][vc_column width=&#8220;1\/6&#8243;][\/vc_column][\/vc_row][vc_row][vc_column width=&#8220;1\/6&#8243;][\/vc_column][vc_column width=&#8220;4\/6&#8243;][vc_column_text]<\/p>\n<h2 style=\"background-color: #c5e6ff;\"><img decoding=\"async\" class=\"alignnone size-full wp-image-7020\" src=\"https:\/\/www.likes-kopen.nl\/wp-content\/uploads\/\/2018\/07\/spaarvarken-korting.png\" alt=\"\" width=\"35\" height=\"27\"> <span style=\"color: #333399;\">Sparsystem<\/span><\/h2>\n<hr>\n<h2>Wie kann ich an deinem Sparsystem teilnehmen?<\/h2>\n<p>Ganz einfach, indem du ein Konto erstellst. Oben rechts auf dem Bildschirm (Desktop) steht <a href=\"https:\/\/www.likes-kopen.nl\/mijn-account\/\">Anmelden\/Registrieren<\/a>. Klicke darauf und erstelle ein Konto. Nachdem du dein Konto erstellt hast, erh\u00e4ltst du kostenlose Punkte, die du sofort f\u00fcr Rabatte einl\u00f6sen kannst!<\/p>\n<p>&nbsp;<\/p>\n<h2>Was sind die Treuepunkte wert?<\/h2>\n<p>75 Treuepunkte sind 1,00 \u20ac wert. An der Kasse kannst du dir die gesammelten Punkte in Form von Rabatten auszahlen lassen.<\/p>\n<p>&nbsp;<\/p>\n<h2>Wo kann ich den Fortschritt der Punkte sehen<\/h2>\n<p>Melde dich zuerst an. Gehe dann auf<a href=\"https:\/\/www.likes-kopen.nl\/mijn-account\/\">&#8222;Mein Konto<\/a>&#8220; und klicke auf <a href=\"https:\/\/www.likes-kopen.nl\/de\/vip-club\/\">SPARPUNKTE<\/a>. Hier kannst du sehen, wie viele Punkte du insgesamt hast und wof\u00fcr du Punkte bekommen hast.[\/vc_column_text][vc_video link=&#8220;https:\/\/www.youtube.com\/embed\/QmokiETlXLg&#8220; align=&#8220;center&#8220;][vc_zigzag color=&#8220;blue&#8220;][\/vc_column][vc_column width=&#8220;1\/6&#8243;][\/vc_column][\/vc_row]<\/p>\n<\/div>","protected":false},"excerpt":{"rendered":"<p>[vc_row][vc_column][vc_column_text]Du kannst die Antworten auf alle Fragen auf dieser FAQ-Seite finden. Ist die Antwort oder die Anleitung nicht aufgef\u00fchrt? Dann kontaktiere uns.[\/vc_column_text][\/vc_column][\/vc_row][vc_row][vc_column width=&#8220;1\/6&#8243;][\/vc_column][vc_column width=&#8220;4\/6&#8243; css=&#8220;.vc_custom_1547737993956{border-radius: 1px !important;}&#8220;][vc_column_text css=&#8220;.vc_custom_1634220656570{background-color: #ffffff !important;}&#8220;] Fragen auf Facebook Wie kann ich die Kategorie meiner Facebook-Seite \u00e4ndern? Logge dich auf deiner Facebook-Seite ein und klicke auf INFO. Hier wird die \u00dcberschrift [&hellip;]<\/p>\n","protected":false},"author":4,"featured_media":0,"parent":0,"menu_order":0,"comment_status":"closed","ping_status":"closed","template":"","meta":{"site-sidebar-layout":"no-sidebar","site-content-layout":"plain-container","ast-site-content-layout":"default","site-content-style":"default","site-sidebar-style":"default","ast-global-header-display":"","ast-banner-title-visibility":"","ast-main-header-display":"","ast-hfb-above-header-display":"","ast-hfb-below-header-display":"","ast-hfb-mobile-header-display":"","site-post-title":"disabled","ast-breadcrumbs-content":"","ast-featured-img":"disabled","footer-sml-layout":"","ast-disable-related-posts":"","theme-transparent-header-meta":"default","adv-header-id-meta":"","stick-header-meta":"default","header-above-stick-meta":"","header-main-stick-meta":"","header-below-stick-meta":"","astra-migrate-meta-layouts":"default","ast-page-background-enabled":"default","ast-page-background-meta":{"desktop":{"background-color":"","background-image":"","background-repeat":"repeat","background-position":"center center","background-size":"auto","background-attachment":"scroll","background-type":"","background-media":"","overlay-type":"","overlay-color":"","overlay-opacity":"","overlay-gradient":""},"tablet":{"background-color":"","background-image":"","background-repeat":"repeat","background-position":"center center","background-size":"auto","background-attachment":"scroll","background-type":"","background-media":"","overlay-type":"","overlay-color":"","overlay-opacity":"","overlay-gradient":""},"mobile":{"background-color":"","background-image":"","background-repeat":"repeat","background-position":"center center","background-size":"auto","background-attachment":"scroll","background-type":"","background-media":"","overlay-type":"","overlay-color":"","overlay-opacity":"","overlay-gradient":""}},"ast-content-background-meta":{"desktop":{"background-color":"var(--ast-global-color-5)","background-image":"","background-repeat":"repeat","background-position":"center center","background-size":"auto","background-attachment":"scroll","background-type":"","background-media":"","overlay-type":"","overlay-color":"","overlay-opacity":"","overlay-gradient":""},"tablet":{"background-color":"var(--ast-global-color-5)","background-image":"","background-repeat":"repeat","background-position":"center center","background-size":"auto","background-attachment":"scroll","background-type":"","background-media":"","overlay-type":"","overlay-color":"","overlay-opacity":"","overlay-gradient":""},"mobile":{"background-color":"var(--ast-global-color-5)","background-image":"","background-repeat":"repeat","background-position":"center center","background-size":"auto","background-attachment":"scroll","background-type":"","background-media":"","overlay-type":"","overlay-color":"","overlay-opacity":"","overlay-gradient":""}},"footnotes":""},"class_list":["post-51300","page","type-page","status-publish","hentry"],"_links":{"self":[{"href":"https:\/\/www.likes-kopen.nl\/de\/wp-json\/wp\/v2\/pages\/51300","targetHints":{"allow":["GET"]}}],"collection":[{"href":"https:\/\/www.likes-kopen.nl\/de\/wp-json\/wp\/v2\/pages"}],"about":[{"href":"https:\/\/www.likes-kopen.nl\/de\/wp-json\/wp\/v2\/types\/page"}],"author":[{"embeddable":true,"href":"https:\/\/www.likes-kopen.nl\/de\/wp-json\/wp\/v2\/users\/4"}],"replies":[{"embeddable":true,"href":"https:\/\/www.likes-kopen.nl\/de\/wp-json\/wp\/v2\/comments?post=51300"}],"version-history":[{"count":5,"href":"https:\/\/www.likes-kopen.nl\/de\/wp-json\/wp\/v2\/pages\/51300\/revisions"}],"predecessor-version":[{"id":842498,"href":"https:\/\/www.likes-kopen.nl\/de\/wp-json\/wp\/v2\/pages\/51300\/revisions\/842498"}],"wp:attachment":[{"href":"https:\/\/www.likes-kopen.nl\/de\/wp-json\/wp\/v2\/media?parent=51300"}],"curies":[{"name":"wp","href":"https:\/\/api.w.org\/{rel}","templated":true}]}}