{"id":51217,"date":"2018-05-21T08:37:27","date_gmt":"2018-05-21T07:37:27","guid":{"rendered":"https:\/\/www.likes-kopen.nl\/datenschutzrichtlinie\/"},"modified":"2018-05-21T08:37:27","modified_gmt":"2018-05-21T07:37:27","slug":"datenschutzrichtlinie","status":"publish","type":"page","link":"https:\/\/www.likes-kopen.nl\/de\/datenschutzrichtlinie\/","title":{"rendered":"Datenschutzrichtlinie"},"content":{"rendered":"<p>Website: https:\/\/www.likes-kopen.nl\/<\/p>\n<h2>\u00dcber unsere Datenschutzrichtlinie<\/h2>\n<p>Likes-buying.co.uk legt gro\u00dfen Wert auf deine Privatsph\u00e4re. Wir verarbeiten daher nur Daten, die wir f\u00fcr die (Verbesserung) unserer Dienstleistungen ben\u00f6tigen, und behandeln die Informationen, die wir \u00fcber dich und deine Nutzung unserer Dienstleistungen gesammelt haben, mit Sorgfalt. Wir geben deine Daten niemals an Dritte zu kommerziellen Zwecken weiter.<\/p>\n<p>Diese Datenschutzrichtlinie gilt f\u00fcr die Nutzung der Website und der darauf abrufbaren Dienste von Likes-kopen.nl. Der Stichtag f\u00fcr die G\u00fcltigkeit dieser Bedingungen ist der 07.05.2018, mit der Ver\u00f6ffentlichung einer neuen Version erlischt die G\u00fcltigkeit aller vorherigen Versionen. In dieser Datenschutzerkl\u00e4rung wird beschrieben, welche Daten \u00fcber dich von uns erfasst werden, wof\u00fcr diese Daten verwendet werden und mit wem und unter welchen Bedingungen diese Daten ggf. an Dritte weitergegeben werden k\u00f6nnen. Wir erkl\u00e4ren dir auch, wie wir deine Daten speichern und wie wir sie vor Missbrauch sch\u00fctzen und welche Rechte du in Bezug auf die pers\u00f6nlichen Daten hast, die du uns zur Verf\u00fcgung stellst.<\/p>\n<p>Wenn du Fragen zu unserer Datenschutzrichtlinie hast, wende dich bitte an unseren Datenschutzbeauftragten. Die Kontaktdaten findest du am Ende unserer Datenschutzrichtlinie.<\/p>\n<h2>\u00dcber die Datenverarbeitung<\/h2>\n<p>Im Folgenden kannst du nachlesen, wie wir deine Daten verarbeiten, wo wir sie speichern (oder speichern lassen), welche Sicherheitstechniken wir verwenden und f\u00fcr wen die Daten einsehbar sind.<\/p>\n<h2>Webshop Software<\/h2>\n<h3>WooCommerce<\/h3>\n<p>Unser Onlineshop wurde mit der Software WooCommerce entwickelt, f\u00fcr das Webhosting haben wir Vimexx gew\u00e4hlt. Pers\u00f6nliche Daten, die du uns zum Zweck unserer Dienstleistungen zur Verf\u00fcgung stellst, werden mit dieser Partei geteilt. Vimexx hat Zugriff auf deine Daten, um uns (technischen) Support zu leisten, sie werden deine Daten niemals f\u00fcr andere Zwecke verwenden. Vimexx ist gem\u00e4\u00df der Vereinbarung, die wir mit ihnen haben, verpflichtet, angemessene Sicherheitsma\u00dfnahmen zu ergreifen. Zu diesen Sicherheitsma\u00dfnahmen geh\u00f6ren die Verwendung von SSL-Verschl\u00fcsselung und eine strenge Passwortpolitik. Um Datenverluste zu vermeiden, werden regelm\u00e4\u00dfig Backups erstellt.<\/p>\n<h2>Webhosting<\/h2>\n<h3>Vimexx<\/h3>\n<p>Wir beziehen Webhosting und E-Mail-Dienste von Vimexx. Vimexx verarbeitet personenbezogene Daten in unserem Auftrag und nutzt deine Daten nicht f\u00fcr eigene Zwecke. Allerdings kann diese Partei Metadaten \u00fcber die Nutzung der Dienste sammeln. Dies sind keine pers\u00f6nlichen Daten. Vimexx hat angemessene technische und organisatorische Ma\u00dfnahmen getroffen, um den Verlust und die unbefugte Nutzung deiner personenbezogenen Daten zu verhindern. Vimexx ist durch die Vereinbarung zur Vertraulichkeit verpflichtet.<\/p>\n<h2>E-Mail und Mailinglisten<\/h2>\n<h3>SendGrid<\/h3>\n<p>Unsere Website nutzt SendGrid, einen Drittanbieter, der den von unserer Website ausgehenden E-Mail-Verkehr und den Versand von Newslettern abwickelt. Alle Best\u00e4tigungs-E-Mails, die du von unserer Website und unseren Webformularen erh\u00e4ltst, werden \u00fcber die Server von SendGrid gesendet. SendGrid wird deinen Namen und deine E-Mail-Adresse niemals f\u00fcr eigene Zwecke verwenden. Am Ende jeder E-Mail, die automatisch \u00fcber unsere Website verschickt wird, findest du den Link &#8222;Abmelden&#8220;. Wenn du auf diese Schaltfl\u00e4che klickst, erh\u00e4ltst du keine E-Mails mehr von unserer Website. Das kann die Funktionalit\u00e4t unserer Website stark einschr\u00e4nken! Deine pers\u00f6nlichen Daten werden von SendGrid sicher gespeichert. SendGrid verwendet Cookies und andere Internettechnologien, die Aufschluss dar\u00fcber geben, ob E-Mails ge\u00f6ffnet und gelesen werden. SendGrid beh\u00e4lt sich das Recht vor, deine Daten zu nutzen, um den Dienst weiter zu verbessern und in diesem Zusammenhang Informationen an Dritte weiterzugeben.<\/p>\n<h3>Vimexx<\/h3>\n<p>Wir nutzen die Dienste von Vimexx f\u00fcr unseren regelm\u00e4\u00dfigen gesch\u00e4ftlichen E-Mail-Verkehr. Diese Partei hat angemessene technische und organisatorische Ma\u00dfnahmen ergriffen, um Missbrauch, Verlust und Verf\u00e4lschung deiner und unserer Daten so weit wie m\u00f6glich zu verhindern. Vimexx hat keinen Zugang zu unserer Mailbox und wir behandeln unseren gesamten E-Mail-Verkehr vertraulich.<\/p>\n<h2>Zahlungsabwickler<\/h2>\n<h3>TargetPay<\/h3>\n<p>Um (einen Teil) der Zahlungen in unserem Online-Shop abzuwickeln, nutzen wir die Plattform von TargetPay. TargetPay verarbeitet deinen Namen, deine Adresse und deinen Wohnort sowie deine Zahlungsdaten wie deine Bankverbindung oder deine Kreditkartennummer. TargetPay hat angemessene technische und organisatorische Ma\u00dfnahmen ergriffen, um deine pers\u00f6nlichen Daten zu sch\u00fctzen. TargetPay beh\u00e4lt sich das Recht vor, deine Daten zur weiteren Verbesserung des Dienstes zu nutzen und in diesem Zusammenhang (anonymisierte) Daten mit Dritten zu teilen. TargetPay gibt personenbezogene Daten und Informationen zu deiner finanziellen Situation an Kreditrating-Agenturen weiter, wenn du einen Antrag auf einen Zahlungsaufschub (Kredit) stellst. Alle oben genannten Sicherheitsvorkehrungen zum Schutz deiner personenbezogenen Daten gelten auch f\u00fcr die Teile der Dienstleistungen von TargetPay, f\u00fcr die das Unternehmen Dritte beauftragt hat. TargetPay wird deine Daten nicht l\u00e4nger aufbewahren, als es die gesetzlichen Fristen erlauben.<\/p>\n<h3>PayPal<\/h3>\n<p>Um (einen Teil) der Zahlungen in unserem Online-Shop abzuwickeln, nutzen wir die Plattform von PayPal. PayPal verarbeitet deinen Namen, deine Adresse und deine Wohnsitzdaten sowie deine Zahlungsdaten wie deine Bankverbindung oder Kreditkartennummer. PayPal hat angemessene technische und organisatorische Ma\u00dfnahmen ergriffen, um deine pers\u00f6nlichen Daten zu sch\u00fctzen. PayPal beh\u00e4lt sich das Recht vor, deine Daten zu nutzen, um seine Dienstleistungen weiter zu verbessern und in diesem Zusammenhang (anonymisierte) Daten an Dritte weiterzugeben. PayPal gibt personenbezogene Daten und Informationen zu deiner finanziellen Situation an Kreditauskunfteien weiter, wenn du einen Antrag auf Zahlungsaufschub (Kredit) stellst. Alle oben genannten Sicherheitsvorkehrungen zum Schutz deiner personenbezogenen Daten gelten auch f\u00fcr die Teile der Dienstleistungen von PayPal, f\u00fcr die PayPal Dritte beauftragt. PayPal wird deine Daten nicht l\u00e4nger aufbewahren, als es die gesetzlichen Fristen erlauben.<\/p>\n<h2>Zweck der Datenverarbeitung<\/h2>\n<h3>Allgemeiner Zweck der Verarbeitung<\/h3>\n<p>Wir verwenden deine Daten ausschlie\u00dflich f\u00fcr den Zweck unserer Dienstleistungen. Das hei\u00dft, der Zweck der Verarbeitung steht immer in direktem Zusammenhang mit der von dir gestellten Aufgabe. Wir verwenden deine Daten nicht f\u00fcr (gezieltes) Marketing. Wenn du uns Daten mitteilst und wir diese Daten verwenden, um dich zu einem sp\u00e4teren Zeitpunkt zu kontaktieren &#8211; au\u00dfer auf deine Anfrage hin -, werden wir dich um deine ausdr\u00fcckliche Zustimmung bitten. Deine Daten werden nicht an Dritte weitergegeben, es sei denn, um Buchhaltungs- und andere administrative Verpflichtungen zu erf\u00fcllen. Diese Dritten sind alle aufgrund der Vereinbarung zwischen ihnen und uns oder aufgrund eines Eides oder einer gesetzlichen Verpflichtung zur Vertraulichkeit verpflichtet.<\/p>\n<h3>Automatisch erfasste Daten<\/h3>\n<p>Die von unserer Website automatisch erhobenen Daten werden mit dem Ziel verarbeitet, unsere Dienstleistungen weiter zu verbessern. Diese Daten (z. B. deine IP-Adresse, dein Webbrowser und dein Betriebssystem) sind keine personenbezogenen Daten.<\/p>\n<h3>Zusammenarbeit bei Steuer- und Strafermittlungen<\/h3>\n<p>In geeigneten F\u00e4llen kann Likes-buying.de gesetzlich verpflichtet sein, deine Daten im Zusammenhang mit staatlichen Steuer- oder Strafermittlungen weiterzugeben. In einem solchen Fall sind wir gezwungen, deine Daten weiterzugeben, aber wir werden uns im Rahmen der gesetzlichen M\u00f6glichkeiten dagegen wehren.<\/p>\n<h3>Aufbewahrungsfristen<\/h3>\n<p>Wir speichern deine Daten so lange, wie du unser Kunde bist. Das bedeutet, dass wir dein Kundenprofil so lange aufbewahren, bis du angibst, dass du unsere Dienste nicht mehr nutzen m\u00f6chtest. Wenn du uns das mitteilst, nehmen wir das auch als Vergessensantrag. Gem\u00e4\u00df den geltenden Verwaltungsverpflichtungen m\u00fcssen wir Rechnungen, die deine (personenbezogenen) Daten enthalten, aufbewahren, also werden wir diese Daten so lange aufbewahren, wie die entsprechende Frist l\u00e4uft. Die Mitarbeiter haben jedoch keinen Zugriff mehr auf dein Kundenprofil und die Dokumente, die wir im Rahmen deines Auftrags erstellt haben.<\/p>\n<h3>Deine Rechte<\/h3>\n<p>Nach geltendem niederl\u00e4ndischem und europ\u00e4ischem Recht hast du als betroffene Person bestimmte Rechte in Bezug auf personenbezogene Daten, die von oder im Namen von uns verarbeitet werden. Im Folgenden erkl\u00e4ren wir, was diese Rechte sind und wie du sie geltend machen kannst.<\/p>\n<p>Um Missbrauch vorzubeugen, senden wir Erkl\u00e4rungen und Kopien deiner Daten grunds\u00e4tzlich nur an deine uns bereits bekannte E-Mail Adresse. Wenn du die Daten z.B. an eine andere E-Mail-Adresse oder per Post erhalten m\u00f6chtest, werden wir dich bitten, dich zu identifizieren. Wir f\u00fchren Aufzeichnungen \u00fcber abgeschlossene Anfragen; im Falle einer vergessenen Anfrage verwalten wir anonymisierte Daten. Du erh\u00e4ltst alle Kopien und Abschriften der Daten in dem maschinenlesbaren Datenformat, das wir in unseren Systemen verwenden.<\/p>\n<p>Du hast das Recht, dich jederzeit bei der Datenschutzbeh\u00f6rde zu beschweren, wenn du den Verdacht hast, dass wir deine personenbezogenen Daten in unangemessener Weise verwenden.<\/p>\n<h3>Recht auf Einsichtnahme<\/h3>\n<p>Du hast immer das Recht, die Daten einzusehen, die wir verarbeiten (oder haben verarbeiten lassen) und die sich auf deine Person beziehen oder zu ihr zur\u00fcckverfolgt werden k\u00f6nnen. Du kannst eine entsprechende Anfrage an unseren Datenschutzbeauftragten stellen. Du erh\u00e4ltst dann innerhalb von 30 Tagen eine Antwort auf deinen Antrag. Wenn deinem Antrag stattgegeben wird, senden wir dir an die uns bekannte E-Mail-Adresse eine Kopie aller Daten mit einer Liste der Auftragsverarbeiter, die \u00fcber diese Daten verf\u00fcgen, unter Angabe der Kategorie, unter der wir sie gespeichert haben.<\/p>\n<h3>Recht auf Berichtigung<\/h3>\n<p>Du hast immer das Recht, dass die Daten, die wir verarbeiten (oder haben verarbeiten lassen), die sich auf deine Person beziehen oder zu dir zur\u00fcckverfolgt werden k\u00f6nnen, ge\u00e4ndert werden. Du kannst eine entsprechende Anfrage an unseren Datenschutzbeauftragten stellen. Du erh\u00e4ltst dann innerhalb von 30 Tagen eine Antwort auf deinen Antrag. Wenn deinem Antrag stattgegeben wird, senden wir dir eine Best\u00e4tigung an die uns bekannte E-Mail-Adresse, dass die Daten aktualisiert wurden.<\/p>\n<h3>Recht auf Einschr\u00e4nkung der Verarbeitung<\/h3>\n<p>Du hast immer das Recht, die Daten einzuschr\u00e4nken, die wir verarbeiten (oder verarbeiten lassen) und die sich auf deine Person beziehen oder zu ihr zur\u00fcckverfolgt werden k\u00f6nnen. Du kannst eine entsprechende Anfrage an unseren Datenschutzbeauftragten stellen. Du erh\u00e4ltst dann innerhalb von 30 Tagen eine Antwort auf deinen Antrag. Wenn deinem Antrag stattgegeben wird, senden wir dir eine Best\u00e4tigung an die uns bekannte E-Mail-Adresse, dass die Daten nicht mehr verarbeitet werden, bis du die Einschr\u00e4nkung aufhebst.<\/p>\n<h3>Recht auf \u00dcbertragbarkeit<\/h3>\n<p>Du hast immer das Recht, dass die Daten, die wir verarbeiten (oder haben verarbeiten lassen), die sich auf deine Person beziehen oder von einer anderen Partei zu dir zur\u00fcckverfolgt werden k\u00f6nnen. Du kannst eine entsprechende Anfrage an unseren Datenschutzbeauftragten stellen. Du erh\u00e4ltst dann innerhalb von 30 Tagen eine Antwort auf deinen Antrag. Wenn deinem Antrag stattgegeben wird, senden wir dir an die uns bekannte E-Mail-Adresse Kopien oder Abschriften aller Daten \u00fcber dich, die wir verarbeitet haben oder in unserem Namen von anderen Auftragsverarbeitern oder Dritten verarbeiten lassen. Aller Wahrscheinlichkeit nach k\u00f6nnen wir in einem solchen Fall unsere Dienstleistungen nicht mehr erbringen, da eine sichere Verkn\u00fcpfung der Dateien nicht mehr gew\u00e4hrleistet werden kann.<\/p>\n<h3>Widerspruchsrecht und andere Rechte<\/h3>\n<p>In geeigneten F\u00e4llen hast du das Recht, der Verarbeitung deiner personenbezogenen Daten durch oder im Namen von Likes-kopen.nl zu widersprechen. Wenn du Widerspruch einlegst, werden wir die Datenverarbeitung sofort einstellen, bis dein Widerspruch gekl\u00e4rt ist. Wenn dein Widerspruch begr\u00fcndet ist, werden wir dir Kopien und\/oder Abschriften der Daten, die wir verarbeiten (oder verarbeitet haben), zur Verf\u00fcgung stellen und danach die Verarbeitung endg\u00fcltig einstellen.<\/p>\n<p>Du hast auch das Recht, nicht einer automatisierten individuellen Entscheidungsfindung oder einem Profiling unterworfen zu werden. Wir verarbeiten deine Daten nicht in einer Weise, dass dieses Recht greift. Wenn du glaubst, dass dies der Fall ist, wende dich bitte an unseren Datenschutzbeauftragten.<\/p>\n<h2>Cookies<\/h2>\n<h3>Google Analytics<\/h3>\n<p>\u00dcber unsere Website werden Cookies von dem US-amerikanischen Unternehmen Google als Teil des &#8222;Analytics&#8220;-Dienstes gesetzt. Wir nutzen diesen Dienst, um zu verfolgen und Berichte dar\u00fcber zu erhalten, wie Besucher die Website nutzen. Dieser Auftragsverarbeiter kann durch geltende Gesetze und Vorschriften verpflichtet sein, Zugang zu diesen Daten zu gew\u00e4hren. Wir sammeln Informationen \u00fcber dein Surfverhalten und teilen diese Daten mit Google. Google kann diese Informationen in Verbindung mit anderen Datens\u00e4tzen interpretieren und so deine Bewegungen im Internet verfolgen. Google nutzt diese Informationen unter anderem, um gezielte Werbung (Adwords) und andere Google-Dienste und -Produkte anzubieten.<\/p>\n<h3>Cookies von Dritten<\/h3>\n<p>Falls Softwarel\u00f6sungen von Drittanbietern Cookies verwenden, wird dies in dieser Datenschutzerkl\u00e4rung erw\u00e4hnt.<\/p>\n<h2>\u00c4nderungen der Datenschutzrichtlinie<\/h2>\n<p>Wir behalten uns das Recht vor, unsere Datenschutzrichtlinie jederzeit zu \u00e4ndern. Auf dieser Seite findest du jedoch immer die aktuellste Version. Wenn sich die neue Datenschutzrichtlinie auf die Art und Weise auswirkt, wie wir bereits \u00fcber dich erfasste Daten verarbeiten, werden wir dich per E-Mail benachrichtigen.<\/p>\n<h2>Kontaktinformationen<\/h2>\n<p>Email-Adresse: <a href=\"mailto:info@likes-kopen.nl\">info@likes-kopen.nl.<\/a><br \/>\nKontakt f\u00fcr Datenschutzfragen: Marek.<\/p>\n","protected":false},"excerpt":{"rendered":"<p>Website: https:\/\/www.likes-kopen.nl\/ \u00dcber unsere Datenschutzrichtlinie Likes-buying.co.uk legt gro\u00dfen Wert auf deine Privatsph\u00e4re. Wir verarbeiten daher nur Daten, die wir f\u00fcr die (Verbesserung) unserer Dienstleistungen ben\u00f6tigen, und behandeln die Informationen, die wir \u00fcber dich und deine Nutzung unserer Dienstleistungen gesammelt haben, mit Sorgfalt. Wir geben deine Daten niemals an Dritte zu kommerziellen Zwecken weiter. Diese Datenschutzrichtlinie [&hellip;]<\/p>\n","protected":false},"author":4,"featured_media":0,"parent":0,"menu_order":0,"comment_status":"closed","ping_status":"closed","template":"","meta":{"site-sidebar-layout":"default","site-content-layout":"default","ast-site-content-layout":"default","site-content-style":"default","site-sidebar-style":"default","ast-global-header-display":"","ast-banner-title-visibility":"","ast-main-header-display":"","ast-hfb-above-header-display":"","ast-hfb-below-header-display":"","ast-hfb-mobile-header-display":"","site-post-title":"","ast-breadcrumbs-content":"","ast-featured-img":"","footer-sml-layout":"","ast-disable-related-posts":"","theme-transparent-header-meta":"default","adv-header-id-meta":"","stick-header-meta":"default","header-above-stick-meta":"","header-main-stick-meta":"","header-below-stick-meta":"","astra-migrate-meta-layouts":"default","ast-page-background-enabled":"default","ast-page-background-meta":{"desktop":{"background-color":"","background-image":"","background-repeat":"repeat","background-position":"center center","background-size":"auto","background-attachment":"scroll","background-type":"","background-media":"","overlay-type":"","overlay-color":"","overlay-opacity":"","overlay-gradient":""},"tablet":{"background-color":"","background-image":"","background-repeat":"repeat","background-position":"center center","background-size":"auto","background-attachment":"scroll","background-type":"","background-media":"","overlay-type":"","overlay-color":"","overlay-opacity":"","overlay-gradient":""},"mobile":{"background-color":"","background-image":"","background-repeat":"repeat","background-position":"center center","background-size":"auto","background-attachment":"scroll","background-type":"","background-media":"","overlay-type":"","overlay-color":"","overlay-opacity":"","overlay-gradient":""}},"ast-content-background-meta":{"desktop":{"background-color":"var(--ast-global-color-5)","background-image":"","background-repeat":"repeat","background-position":"center center","background-size":"auto","background-attachment":"scroll","background-type":"","background-media":"","overlay-type":"","overlay-color":"","overlay-opacity":"","overlay-gradient":""},"tablet":{"background-color":"var(--ast-global-color-5)","background-image":"","background-repeat":"repeat","background-position":"center center","background-size":"auto","background-attachment":"scroll","background-type":"","background-media":"","overlay-type":"","overlay-color":"","overlay-opacity":"","overlay-gradient":""},"mobile":{"background-color":"var(--ast-global-color-5)","background-image":"","background-repeat":"repeat","background-position":"center center","background-size":"auto","background-attachment":"scroll","background-type":"","background-media":"","overlay-type":"","overlay-color":"","overlay-opacity":"","overlay-gradient":""}},"footnotes":""},"class_list":["post-51217","page","type-page","status-publish","hentry"],"_links":{"self":[{"href":"https:\/\/www.likes-kopen.nl\/de\/wp-json\/wp\/v2\/pages\/51217","targetHints":{"allow":["GET"]}}],"collection":[{"href":"https:\/\/www.likes-kopen.nl\/de\/wp-json\/wp\/v2\/pages"}],"about":[{"href":"https:\/\/www.likes-kopen.nl\/de\/wp-json\/wp\/v2\/types\/page"}],"author":[{"embeddable":true,"href":"https:\/\/www.likes-kopen.nl\/de\/wp-json\/wp\/v2\/users\/4"}],"replies":[{"embeddable":true,"href":"https:\/\/www.likes-kopen.nl\/de\/wp-json\/wp\/v2\/comments?post=51217"}],"version-history":[{"count":0,"href":"https:\/\/www.likes-kopen.nl\/de\/wp-json\/wp\/v2\/pages\/51217\/revisions"}],"wp:attachment":[{"href":"https:\/\/www.likes-kopen.nl\/de\/wp-json\/wp\/v2\/media?parent=51217"}],"curies":[{"name":"wp","href":"https:\/\/api.w.org\/{rel}","templated":true}]}}