{"id":51192,"date":"2019-02-05T14:30:06","date_gmt":"2019-02-05T13:30:06","guid":{"rendered":"https:\/\/www.likes-kopen.nl\/recht-auf-widerruf\/"},"modified":"2023-07-17T22:14:10","modified_gmt":"2023-07-17T21:14:10","slug":"recht-auf-widerruf","status":"publish","type":"page","link":"https:\/\/www.likes-kopen.nl\/de\/recht-auf-widerruf\/","title":{"rendered":"Recht auf Widerruf"},"content":{"rendered":"<p>F\u00fcr alle Social-Media-Produkte und -Dienstleistungen gibt es eine 90-t\u00e4gige Geld-zur\u00fcck-Garantie. Nicht zufrieden, aus welchem Grund auch immer? Wenn ja, schick uns eine E-Mail und wir werden es f\u00fcr dich reparieren.<\/p>\n<p>Unsere SEO-Dienstleistungen sind mit einer begrenzten Garantie verbunden. Das liegt daran, dass die Dienstleistungen &#8222;ma\u00dfgeschneidert&#8220; sind und Vorabinvestitionen unsererseits kosten. Nicht zufrieden? Du kannst uns gerne kontaktieren. Dann werden wir gemeinsam nach einer geeigneten L\u00f6sung suchen.<\/p>\n<p>Wenn du mehr \u00fcber unsere Gesch\u00e4ftsbedingungen wissen willst, schau dir unsere <a href=\"https:\/\/www.likes-kopen.nl\/de\/allgemeine-geschaeftsbedingungen\/\">allgemeinen<\/a> Gesch\u00e4ftsbedingungen an.<\/p>\n<p>&nbsp;<\/p>\n<p class=\"p1\"><b>Anhang I: Muster-Widerrufsformular<\/b><\/p>\n<p class=\"p1\"><b>Muster-Widerrufsformular<\/b><\/p>\n<p class=\"p5\"><b>(Dieses Formular nur ausf\u00fcllen und zur\u00fccksenden, wenn du den Vertrag widerrufen m\u00f6chtest)<\/b><\/p>\n<ul class=\"ul1\">\n<li class=\"li7\"><b>An: [Name<\/b><b> <\/b><b>Unternehmer]<\/b><\/li>\n<\/ul>\n<p class=\"p9\"><b>[ geografische Adresse Unternehmer]<\/b><\/p>\n<p class=\"p10\"><b>[Faxnummer Unternehmer, falls vorhanden]<\/b><\/p>\n<p class=\"p11\"><b>[ E-Mail Adresse oder elektronische Adresse des Unternehmers]<\/b><\/p>\n<ul class=\"ul1\">\n<li class=\"li14\">Hiermit teile(n) ich\/wir* Ihnen mit, dass ich\/wir* unsere Vereinbarung \u00fcber den Verkauf der folgenden Produkte k\u00fcndigen m\u00f6chte(n): [aanduiding product]*<\/li>\n<\/ul>\n<p class=\"p15\">die Bereitstellung der folgenden digitalen Inhalte: [aanduiding digitale inhoud]* die Bereitstellung der folgenden Dienstleistung: [aanduiding dienst]*, widerrufen\/revoke*<\/p>\n<ul class=\"ul1\">\n<li class=\"li16\">Bestellt am*\/Empfangt am*  [datum bestelling bij diensten of ontvangst bij producten]<\/li>\n<\/ul>\n<ul class=\"ul1\">\n<li class=\"li18\">[Naam consumenten(en)]<\/li>\n<\/ul>\n<ul class=\"ul1\">\n<li class=\"li19\">[Adres consument(en)]<\/li>\n<\/ul>\n<ul class=\"ul1\">\n<li class=\"li19\">[Handtekening consument(en)]  (nur wenn dieses Formular auf Papier eingereicht wird)<\/li>\n<\/ul>\n<p class=\"p1\">* Streiche, was nicht zutrifft, oder trage ein, was zutrifft.<\/p>\n","protected":false},"excerpt":{"rendered":"<p>F\u00fcr alle Social-Media-Produkte und -Dienstleistungen gibt es eine 90-t\u00e4gige Geld-zur\u00fcck-Garantie. Nicht zufrieden, aus welchem Grund auch immer? Wenn ja, schick uns eine E-Mail und wir werden es f\u00fcr dich reparieren. Unsere SEO-Dienstleistungen sind mit einer begrenzten Garantie verbunden. Das liegt daran, dass die Dienstleistungen &#8222;ma\u00dfgeschneidert&#8220; sind und Vorabinvestitionen unsererseits kosten. Nicht zufrieden? Du kannst uns [&hellip;]<\/p>\n","protected":false},"author":4,"featured_media":0,"parent":0,"menu_order":0,"comment_status":"closed","ping_status":"closed","template":"","meta":{"site-sidebar-layout":"default","site-content-layout":"default","ast-site-content-layout":"default","site-content-style":"default","site-sidebar-style":"default","ast-global-header-display":"","ast-banner-title-visibility":"","ast-main-header-display":"","ast-hfb-above-header-display":"","ast-hfb-below-header-display":"","ast-hfb-mobile-header-display":"","site-post-title":"","ast-breadcrumbs-content":"","ast-featured-img":"","footer-sml-layout":"","ast-disable-related-posts":"","theme-transparent-header-meta":"default","adv-header-id-meta":"","stick-header-meta":"default","header-above-stick-meta":"","header-main-stick-meta":"","header-below-stick-meta":"","astra-migrate-meta-layouts":"default","ast-page-background-enabled":"default","ast-page-background-meta":{"desktop":{"background-color":"","background-image":"","background-repeat":"repeat","background-position":"center center","background-size":"auto","background-attachment":"scroll","background-type":"","background-media":"","overlay-type":"","overlay-color":"","overlay-opacity":"","overlay-gradient":""},"tablet":{"background-color":"","background-image":"","background-repeat":"repeat","background-position":"center center","background-size":"auto","background-attachment":"scroll","background-type":"","background-media":"","overlay-type":"","overlay-color":"","overlay-opacity":"","overlay-gradient":""},"mobile":{"background-color":"","background-image":"","background-repeat":"repeat","background-position":"center center","background-size":"auto","background-attachment":"scroll","background-type":"","background-media":"","overlay-type":"","overlay-color":"","overlay-opacity":"","overlay-gradient":""}},"ast-content-background-meta":{"desktop":{"background-color":"var(--ast-global-color-5)","background-image":"","background-repeat":"repeat","background-position":"center center","background-size":"auto","background-attachment":"scroll","background-type":"","background-media":"","overlay-type":"","overlay-color":"","overlay-opacity":"","overlay-gradient":""},"tablet":{"background-color":"var(--ast-global-color-5)","background-image":"","background-repeat":"repeat","background-position":"center center","background-size":"auto","background-attachment":"scroll","background-type":"","background-media":"","overlay-type":"","overlay-color":"","overlay-opacity":"","overlay-gradient":""},"mobile":{"background-color":"var(--ast-global-color-5)","background-image":"","background-repeat":"repeat","background-position":"center center","background-size":"auto","background-attachment":"scroll","background-type":"","background-media":"","overlay-type":"","overlay-color":"","overlay-opacity":"","overlay-gradient":""}},"footnotes":""},"class_list":["post-51192","page","type-page","status-publish","hentry"],"_links":{"self":[{"href":"https:\/\/www.likes-kopen.nl\/de\/wp-json\/wp\/v2\/pages\/51192","targetHints":{"allow":["GET"]}}],"collection":[{"href":"https:\/\/www.likes-kopen.nl\/de\/wp-json\/wp\/v2\/pages"}],"about":[{"href":"https:\/\/www.likes-kopen.nl\/de\/wp-json\/wp\/v2\/types\/page"}],"author":[{"embeddable":true,"href":"https:\/\/www.likes-kopen.nl\/de\/wp-json\/wp\/v2\/users\/4"}],"replies":[{"embeddable":true,"href":"https:\/\/www.likes-kopen.nl\/de\/wp-json\/wp\/v2\/comments?post=51192"}],"version-history":[{"count":0,"href":"https:\/\/www.likes-kopen.nl\/de\/wp-json\/wp\/v2\/pages\/51192\/revisions"}],"wp:attachment":[{"href":"https:\/\/www.likes-kopen.nl\/de\/wp-json\/wp\/v2\/media?parent=51192"}],"curies":[{"name":"wp","href":"https:\/\/api.w.org\/{rel}","templated":true}]}}