{"id":51130,"date":"2014-07-20T18:55:07","date_gmt":"2014-07-20T17:55:07","guid":{"rendered":"https:\/\/www.likes-kopen.nl\/kontakt\/"},"modified":"2023-07-18T11:15:51","modified_gmt":"2023-07-18T10:15:51","slug":"kontakt","status":"publish","type":"page","link":"https:\/\/www.likes-kopen.nl\/de\/kontakt\/","title":{"rendered":"Kontakt"},"content":{"rendered":"<div class=\"wpb-content-wrapper\"><p>[vc_row][vc_column offset=&#8220;vc_col-lg-offset-2 vc_col-lg-8&#8243;][vc_empty_space][vc_column_text]<\/p>\n<h1 style=\"text-align: center;\">Kontakt zum Likes-kopen <\/h1>\n<p>Du kannst uns jederzeit kontaktieren. Wir versuchen immer, dir den bestm\u00f6glichen Service zu bieten. Wir haben die meisten der verf\u00fcgbaren Produkte in unserem Sortiment. Suchst du noch etwas au\u00dferhalb unseres Sortiments? Wenn ja, kannst du uns gerne kontaktieren.<\/p>\n<h2 style=\"text-align: center;\">Status deiner Bestellung anzeigen<\/h2>\n<p>Du kannst den Status deiner aktuellen Bestellung einfach und schnell \u00fcberpr\u00fcfen. Daf\u00fcr musst du dich nicht erst mit uns in Verbindung setzen. \u00dcberpr\u00fcfe den Status deiner Bestellung:[\/vc_column_text][vc_btn title=&#8220;Bestellstatus pr\u00fcfen&#8220; style=&#8220;flat&#8220; color=&#8220;primary&#8220; size=&#8220;lg&#8220; align=&#8220;center&#8220; link=&#8220;url:https%3A%2F%2Fwww.likes-kopen.nl%2Fde%2Fbestellstatus-pruefen%2F|&#8220;][vc_empty_space][\/vc_column][\/vc_row][vc_row][vc_column width=&#8220;1\/2&#8243;][vc_column_text]<\/p>\n<h2>Kundenbetreuung<\/h2>\n<h3>Bestehende Auftr\u00e4ge<\/h3>\n<p>Der Support erfolgt \u00fcber unsere <a href=\"https:\/\/support.likes-kopen.nl\/hc\/nl\">Support-Plattform<\/a>, wo du ganz einfach ein Support-Ticket anfordern kannst. Du kannst uns auch unter den unten stehenden Kontaktdaten erreichen:<br \/>\nTelefon: +31 85 06 06 818<br \/>\nE-Mail: <a href=\"mailto:support@likes-kopen.nl\">support@likes-kopen.nl<\/a><\/p>\n<h3>Fragen zu Verkauf und Produkt<\/h3>\n<p>Telefon: +31 85 06 06 818<br \/>\nE-Mail: <a href=\"mailto:support@likes-kopen.nl\">support@likes-kopen.nl<\/a>[\/vc_column_text][\/vc_column][vc_column width=&#8220;1\/2&#8243;][vc_column_text]<\/p>\n<h2>Unternehmensdaten<\/h2>\n<h3>Adresse<\/h3>\n<p>Wenlock Road 20-22<br \/>\nN1 7GU, London<br \/>\nVereinigtes K\u00f6nigreich<\/p>\n<h3>Daten<\/h3>\n<p>Huge Upward LTD<br \/>\nReg. Nummer: 12360848<br \/>\nMEHRWERTSTEUER. Anzahl: n\/a[\/vc_column_text][vc_empty_space height=&#8220;50px&#8220;][\/vc_column][\/vc_row][vc_row][vc_column width=&#8220;1\/2&#8243;][vc_column_text]<\/p>\n<h2>Beschwerdesystem<\/h2>\n<p>Es ist nat\u00fcrlich \u00e4rgerlich, wenn du eine Beschwerde \u00fcber unsere Produkte und\/oder Dienstleistungen hast. Wir w\u00fcrden dir gerne weiterhelfen und eine gew\u00fcnschte L\u00f6sung anbieten. Du kannst an folgende Adresse schreiben:<\/p>\n<p><a href=\"mailto:support@likes-kopen.nl\">support@likes-kopen.nl<\/a><\/p>\n<p>Unser Beschwerdemanagement wird die Beschwerde pr\u00fcfen und versuchen, sie zur Zufriedenheit aller zu l\u00f6sen.<\/p>\n<p>Nachdem wir deine Beschwerde erhalten haben, schicken wir dir eine Best\u00e4tigung.<br \/>\nWir werden deine Beschwerde innerhalb von 14 Tagen nach Erhalt beantworten; sollte es l\u00e4nger dauern, werden wir dich benachrichtigen. Sollte dir das nicht gefallen, kannst du dich jederzeit an die Schlichtungsstelle der Stichting Webshop Keurmerk wenden, bei der wir Mitglied sind. Sie vermitteln dann <a href=\"https:\/\/www.keurmerk.info\/nl\/consumenten\/klacht\/\" target=\"_blank\" rel=\"noopener\">https:\/\/www.keurmerk.info\/nl\/consumenten\/klacht\/<\/a><\/p>\n<p>Ab dem 15. Februar 2016 k\u00f6nnen Verbraucherinnen und Verbraucher in der EU auch Beschwerden \u00fcber die OS-Plattform der Europ\u00e4ischen Kommission einreichen. Diese OS-Plattform findest du unter<a href=\"https:\/\/ec.europa.eu\/odr\" target=\"_blank\" rel=\"noopener\">(https:\/\/ec.europa.eu\/odr)<\/a>. Wenn die Beschwerde nicht bereits an anderer Stelle anh\u00e4ngig ist, kannst du sie \u00fcber die Plattform der Europ\u00e4ischen Union einreichen.[\/vc_column_text][\/vc_column][vc_column width=&#8220;1\/2&#8243;][\/vc_column][\/vc_row]<\/p>\n<\/div>","protected":false},"excerpt":{"rendered":"<p>[vc_row][vc_column offset=&#8220;vc_col-lg-offset-2 vc_col-lg-8&#8243;][vc_empty_space][vc_column_text] Kontakt zum Likes-kopen Du kannst uns jederzeit kontaktieren. Wir versuchen immer, dir den bestm\u00f6glichen Service zu bieten. Wir haben die meisten der verf\u00fcgbaren Produkte in unserem Sortiment. Suchst du noch etwas au\u00dferhalb unseres Sortiments? Wenn ja, kannst du uns gerne kontaktieren. Status deiner Bestellung anzeigen Du kannst den Status deiner aktuellen Bestellung [&hellip;]<\/p>\n","protected":false},"author":2,"featured_media":0,"parent":0,"menu_order":0,"comment_status":"closed","ping_status":"closed","template":"","meta":{"site-sidebar-layout":"no-sidebar","site-content-layout":"plain-container","ast-site-content-layout":"full-width-container","site-content-style":"default","site-sidebar-style":"default","ast-global-header-display":"","ast-banner-title-visibility":"","ast-main-header-display":"","ast-hfb-above-header-display":"","ast-hfb-below-header-display":"","ast-hfb-mobile-header-display":"","site-post-title":"disabled","ast-breadcrumbs-content":"","ast-featured-img":"disabled","footer-sml-layout":"","ast-disable-related-posts":"","theme-transparent-header-meta":"default","adv-header-id-meta":"","stick-header-meta":"default","header-above-stick-meta":"","header-main-stick-meta":"","header-below-stick-meta":"","astra-migrate-meta-layouts":"default","ast-page-background-enabled":"default","ast-page-background-meta":{"desktop":{"background-color":"","background-image":"","background-repeat":"repeat","background-position":"center center","background-size":"auto","background-attachment":"scroll","background-type":"","background-media":"","overlay-type":"","overlay-color":"","overlay-opacity":"","overlay-gradient":""},"tablet":{"background-color":"","background-image":"","background-repeat":"repeat","background-position":"center center","background-size":"auto","background-attachment":"scroll","background-type":"","background-media":"","overlay-type":"","overlay-color":"","overlay-opacity":"","overlay-gradient":""},"mobile":{"background-color":"","background-image":"","background-repeat":"repeat","background-position":"center center","background-size":"auto","background-attachment":"scroll","background-type":"","background-media":"","overlay-type":"","overlay-color":"","overlay-opacity":"","overlay-gradient":""}},"ast-content-background-meta":{"desktop":{"background-color":"var(--ast-global-color-5)","background-image":"","background-repeat":"repeat","background-position":"center center","background-size":"auto","background-attachment":"scroll","background-type":"","background-media":"","overlay-type":"","overlay-color":"","overlay-opacity":"","overlay-gradient":""},"tablet":{"background-color":"var(--ast-global-color-5)","background-image":"","background-repeat":"repeat","background-position":"center center","background-size":"auto","background-attachment":"scroll","background-type":"","background-media":"","overlay-type":"","overlay-color":"","overlay-opacity":"","overlay-gradient":""},"mobile":{"background-color":"var(--ast-global-color-5)","background-image":"","background-repeat":"repeat","background-position":"center center","background-size":"auto","background-attachment":"scroll","background-type":"","background-media":"","overlay-type":"","overlay-color":"","overlay-opacity":"","overlay-gradient":""}},"footnotes":""},"class_list":["post-51130","page","type-page","status-publish","hentry"],"_links":{"self":[{"href":"https:\/\/www.likes-kopen.nl\/de\/wp-json\/wp\/v2\/pages\/51130","targetHints":{"allow":["GET"]}}],"collection":[{"href":"https:\/\/www.likes-kopen.nl\/de\/wp-json\/wp\/v2\/pages"}],"about":[{"href":"https:\/\/www.likes-kopen.nl\/de\/wp-json\/wp\/v2\/types\/page"}],"author":[{"embeddable":true,"href":"https:\/\/www.likes-kopen.nl\/de\/wp-json\/wp\/v2\/users\/2"}],"replies":[{"embeddable":true,"href":"https:\/\/www.likes-kopen.nl\/de\/wp-json\/wp\/v2\/comments?post=51130"}],"version-history":[{"count":0,"href":"https:\/\/www.likes-kopen.nl\/de\/wp-json\/wp\/v2\/pages\/51130\/revisions"}],"wp:attachment":[{"href":"https:\/\/www.likes-kopen.nl\/de\/wp-json\/wp\/v2\/media?parent=51130"}],"curies":[{"name":"wp","href":"https:\/\/api.w.org\/{rel}","templated":true}]}}